{"id":1704,"date":"2024-02-29T11:08:03","date_gmt":"2024-02-29T11:08:03","guid":{"rendered":"https:\/\/www.livefooty.net\/?page_id=1704"},"modified":"2024-03-07T15:50:30","modified_gmt":"2024-03-07T15:50:30","slug":"fa-cup-live-online","status":"publish","type":"page","link":"https:\/\/www.livefooty.net\/da\/fa-cup-live-online\/","title":{"rendered":"FA Cup - Live online d\u00e6kning af FA Cup"},"content":{"rendered":"<p>Den <b>FA Cup<\/b> er den bedste klubpokalturnering i verdensfodbold, hvem ser ikke <b>FA Cup-finale<\/b>? Den har en over 100 \u00e5r lang tradition og har en s\u00e6rlig plads i mange fodboldfans' hjerter.  Opg\u00f8ret er lige s\u00e5 romantisk et skue nu, som det nogensinde har v\u00e6ret.  For tilh\u00e6ngere af engelsk fodbold er FA Cup-finalen et af \u00e5rets fodboldh\u00f8jdepunkter, og det er faktisk ekstremt sv\u00e6rt at f\u00e5 billetter til denne kamp.  Der er direkte tv-d\u00e6kning af de fleste FA Cup-kampe, hvis du bor i Storbritannien, via BBC og BT Sport, men det kan v\u00e6re sv\u00e6rt at f\u00e5 adgang til kampe andre steder. Her er nogle flere oplysninger om <a href=\"https:\/\/en.wikipedia.org\/wiki\/FA_Cup\" target=\"_blank\" rel=\"noopener\">FA Cup'ens historie<\/a>.\n\t<\/p>\n\n\n\n<!--more-->\n\n\n\n<p> <\/p>\n\n\n<div class=\"wp-block-image is-style-rounded\">\n<figure class=\"aligncenter size-full\"><img decoding=\"async\" width=\"600\" height=\"451\" src=\"https:\/\/www.livefooty.net\/wp-content\/uploads\/2024\/02\/FA-Cup-Football.jpg\" alt=\"FA Cup Trophy - Se live\" class=\"wp-image-1705\" title=\"\" srcset=\"https:\/\/www.livefooty.net\/wp-content\/uploads\/2024\/02\/FA-Cup-Football.jpg 600w, https:\/\/www.livefooty.net\/wp-content\/uploads\/2024\/02\/FA-Cup-Football-300x226.jpg 300w, https:\/\/www.livefooty.net\/wp-content\/uploads\/2024\/02\/FA-Cup-Football-16x12.jpg 16w, https:\/\/www.livefooty.net\/wp-content\/uploads\/2024\/02\/FA-Cup-Football-346x260.jpg 346w\" sizes=\"(max-width: 600px) 100vw, 600px\" \/><\/figure><\/div>\n\n\n<p> Den f\u00f8rste egentlige runde af FA Cuppen 2016\/2017 g\u00e5r i gang i weekenden den 4. november.  Det er en k\u00e6mpe mulighed for de hold uden for ligaen, der har k\u00e6mpet sig igennem de indledende runder, for at m\u00f8de modstandere fra ligaen og give en god pr\u00e6sentation af sig selv.  For nogle er chancen for at komme p\u00e5 landsd\u00e6kkende tv, n\u00e5r de er vant til at spille foran hundredvis af tilskuere, det, det hele drejer sig om p\u00e5 dette stadie i turneringen.  BBC ville ikke have valgt denne kamp til deres d\u00e6kning fredag aften, hvis der ikke var en \"chance\" for en overraskelse, og det bliver virkelig interessant at se, hvordan de klarer sig! <\/p>\n\n\n\n<p> Her er vi i 4. runde, og der er stadig 2 non league-hold, der k\u00e6mper om at f\u00e5 chancen for h\u00e6der.  Sutton United er v\u00e6rt for Leeds United i en kamp, hvor jeg er sikker p\u00e5, at de i baghovedet ville tage en uafgjort for at f\u00e5 chancen for at spille p\u00e5 Elland Road.  Mens de andre non leaguers, Lincoln, spiller hjemme mod Brighton.  For at v\u00e6re \u00e6rlig vil begge ikke-ligahold tro p\u00e5 deres chancer for at g\u00e5 videre, da de allerede har skabt en r\u00e6kke overraskelser, og med hjemmebanefordel, hvem ved?  Pr\u00e6mien i form af en stor chance for at m\u00f8de en af de store Premier League-drenge i n\u00e6ste runde m\u00e5 v\u00e6re et stort incitament for dem. <br><\/p>\n\n\n\n<p>Efter en temmelig alvorlig 4. runde med hensyn til FA Cup-rystelser ser alle frem til dette \u00e5rs 5. runde.  Det eneste problem er, at efter s\u00e5 mange overraskelser st\u00e5r man nogle gange tilbage med et ret kedeligt kampprogram.  Men ikke denne gang, hvor Manchester United bes\u00f8ger Chelsea mandag den 18. og dermed skiller sig ud fra m\u00e6ngden.  OGS vil undre sig over, hvad han skal g\u00f8re for at f\u00e5 en pause efter at have rejst v\u00e6k til Arsenal i 4. runde.  I den anden kamp rejser de regerende Premier League-mestre fra Manchester City til Newport County, hvilket helt sikkert vil v\u00e6re en helt ny oplevelse for mange af deres spillere. <br><\/p>\n\n\n\n<p>FA Cuppens 3. runde er det punkt, hvor dr\u00f8mme enten bliver skabt eller knust, sm\u00e5 hold fra de lavere ligaer kan f\u00e5 chancen for at spille mod deres store rivaler fra Premier League, og som alle ved, kan der ske overraskelser i FA Cuppen.  Selvom dette \u00e5rs lodtr\u00e6kning til 3. runde ikke rigtig har bragt mange potentielle k\u00e6mpehistorier frem, er der stadig masser af kampe, hvor der er lagt op til en overraskelse.  Det h\u00f8jtflyvende mesterskabshold Reading rejser til Old Trafford (igen), Wolves vil fors\u00f8ge at udnytte Liverpool, som for nylig tabte for f\u00f8rste gang i noget, der ligner en evighed.  Nottingham Forest tror m\u00e5ske p\u00e5 deres chancer for en overraskelse mod et Chelsea-hold, der har sv\u00e6rt ved at score. Men for de sande FA Cup-romantikere, og hvad mange mennesker vil se som rundens uafgjorte kamp, er kampen mellem Accrington Stanley (hvem er de? Pr\u00e6cis!) og Ipswich! <br><\/p>\n\n\n\n<p>6. runde af FA Cuppen er lige om hj\u00f8rnet, eller som vi gammeldags mennesker ynder at kalde det, kvartfinalerne.  Hvis du er Liverpool-fan, m\u00e5 du gnide dig i h\u00e6nderne af gl\u00e6de lige nu.  Med s\u00e5 mange overraskelser allerede i dette \u00e5rs FA Cup, hvad er s\u00e5 chancen for, at de to tophold, der er tilbage i turneringen, bliver trukket mod hinanden i kvartfinalen?  Uanset hvad ryger Manchester United eller Arsenal ud af turneringen, og p\u00e5 baggrund af den seneste tids form m\u00e5 man have en st\u00e6rk tro p\u00e5 Gunners, selv p\u00e5 Old Trafford. Med den m\u00e5de, United spiller p\u00e5, er det virkelige sp\u00f8rgsm\u00e5l, om der stadig er nogen, der er v\u00e5gne, n\u00e5r slutfl\u00f8jtet lyder?  Bradford mod Reading sikrer, at 1 hold fra den lavere liga kommer i semifinalen i \u00e5r.  S\u00e5 er der kun Midlands-derbyet mellem Villa og West Brom tilbage, en gentagelse af den seneste og meget t\u00e6tte Premier League-kamp.  Hvordan vil Villa klare sig i pokalen, n\u00e5r overlevelse i ligaen m\u00e5 v\u00e6re Tim Sherwoods prioritet?  Hvis jeg var oddser, ville jeg s\u00e6tte mine penge p\u00e5, at semifinalerne kommer til at se ud som Reading, West Brom, Liverpool og Arsenal, men n\u00e5r man ser, hvordan det er g\u00e5et i dette \u00e5rs FA Cup, ville det ikke overraske mig, hvis det modsatte var tilf\u00e6ldet. <br><\/p>\n\n\n\n<p> Efter hvad der officielt har v\u00e6ret den l\u00e6ngste FA Cup-turnering i historien, er vi endelig n\u00e5et til finalen.  Jeg tror, at alle vil v\u00e6re glade for at se afslutningen p\u00e5 denne s\u00e6son, men de fleste har f\u00e5et, hvad de \u00f8nskede sig: en derbyfinale.  Mens de fleste troede, at det ville blive et Manchester-derby, da semilodtr\u00e6kningen blev offentliggjort, gjorde Arsenal og Chelsea begge op med formholdene i den bedste r\u00e6kke.  En taktisk mesterklasse af Arsenal gjorde det af med City, og United dukkede bare aldrig op mod et Chelsea-hold, der udnyttede det fuldt ud.  S\u00e5 vi st\u00e5r tilbage med et London-derby, n\u00e5r Chelsea spiller mod Arsenal i FA Cup-finalen i 2020.  Hvor m\u00e6rkeligt bliver det, n\u00e5r der ikke er nogen fans p\u00e5 stadion p\u00e5 FA Cup-finaledagen?  Massivt!  En ting er dog sikkert, og det er, at pubberne f\u00e5r meget travlt. <br><\/p>\n\n\n\n<p> Takket v\u00e6re live streaming er det nu muligt at se alle dine yndlingskampe i FA Cuppen live.  Med s\u00e5 mange kampe p\u00e5 samme tid er det selv i en tid med interaktivt tv sv\u00e6rt for alle fans' favorithold at f\u00e5 sendetid p\u00e5 tv. Da FA Cuppen er meget popul\u00e6r, er der normalt omfattende live-d\u00e6kning online af mange FA Cup-kampe (BBC og BT Sport har en god online-d\u00e6kning i Storbritannien).  Andre steder har bookmakerne<a title=\"\" href=\"https:\/\/www.livefooty.net\/da\/william-hill-tv-live-streams-se-live-online\/\"> d\u00e6kker nogle gange et stort antal FA Cup-kampe live online<\/a>is\u00e6r i de tidligere runder. Og glem ikke, at hvis du ikke kan se live, s\u00e5 d\u00e6kker BBC n\u00e6sten alle kampe med lokal radiod\u00e6kning, bare tjek f\u00f8lgende <a href=\"https:\/\/www.bbc.co.uk\/sport\/0\/football\/13629210\" target=\"_blank\" rel=\"noopener\">FA Cup Live Radio Link<\/a>. <\/p>\n\n\n\n<p>[scu name=&#8221;fa-cup&#8221;]<\/p>\n\n\n\n<h3 class=\"wp-block-heading\">FA Cup fodbold sladder og synspunkter<\/h3>\n\n\n\n<p>[scu name=\"event-summary\"]<\/p>\n\n\n\n<hr class=\"wp-block-separator has-alpha-channel-opacity\"\/>\n\n\n\n<h3 class=\"wp-block-heading\">Live FA Cup-nyheder<\/h3>\n\n\n\n<p>[scu name=\"rss-feed\"]<\/p>","protected":false},"excerpt":{"rendered":"<p>The FA Cup is the best club cup competition in world football, who doesn&#8217;t watch the FA Cup final? It has a tradition spanning over 100 years and holds a special place in the hearts of many football fans. The cup of upsets is as romantic a spectacle now as it ever was. For followers [&hellip;]<\/p>","protected":false},"author":1,"featured_media":0,"parent":0,"menu_order":0,"comment_status":"closed","ping_status":"closed","template":"","meta":{"footnotes":""},"class_list":["post-1704","page","type-page","status-publish","hentry"],"_links":{"self":[{"href":"https:\/\/www.livefooty.net\/da\/wp-json\/wp\/v2\/pages\/1704","targetHints":{"allow":["GET"]}}],"collection":[{"href":"https:\/\/www.livefooty.net\/da\/wp-json\/wp\/v2\/pages"}],"about":[{"href":"https:\/\/www.livefooty.net\/da\/wp-json\/wp\/v2\/types\/page"}],"author":[{"embeddable":true,"href":"https:\/\/www.livefooty.net\/da\/wp-json\/wp\/v2\/users\/1"}],"replies":[{"embeddable":true,"href":"https:\/\/www.livefooty.net\/da\/wp-json\/wp\/v2\/comments?post=1704"}],"version-history":[{"count":2,"href":"https:\/\/www.livefooty.net\/da\/wp-json\/wp\/v2\/pages\/1704\/revisions"}],"predecessor-version":[{"id":1746,"href":"https:\/\/www.livefooty.net\/da\/wp-json\/wp\/v2\/pages\/1704\/revisions\/1746"}],"wp:attachment":[{"href":"https:\/\/www.livefooty.net\/da\/wp-json\/wp\/v2\/media?parent=1704"}],"curies":[{"name":"wp","href":"https:\/\/api.w.org\/{rel}","templated":true}]}}