{"id":1441,"date":"2023-09-19T18:37:41","date_gmt":"2023-09-19T18:37:41","guid":{"rendered":"https:\/\/www.livefooty.net\/?page_id=1441"},"modified":"2023-09-19T19:13:18","modified_gmt":"2023-09-19T19:13:18","slug":"europa-league-live-fodbold","status":"publish","type":"page","link":"https:\/\/www.livefooty.net\/da\/europa-league-live-fodbold\/","title":{"rendered":"Europa League Live Footy"},"content":{"rendered":"<p> Den <b>Europa League<\/b> er en \u00e5rlig klubfodboldturnering arrangeret af Union of European Football Associations (UEFA) for de n\u00e6stbedste fodboldklubber i Europa. Der er flere m\u00e5der at komme med i Europa League p\u00e5, bl.a. ved ikke at slutte h\u00f8jt nok i en hjemlig liga til at kvalificere sig til Champions League, ved at fejle i de indledende runder i Champions League eller ved at slutte som nr. 3 i en Champions League-gruppe.  Det betragtes dog stadig som et stort klubtrof\u00e6 at vinde, og nogle af de st\u00f8rste hold i Europa er stolte af deres resultater i den n\u00e6stbedste europ\u00e6iske klubturnering.  En ting, der er v\u00e6rd at bem\u00e6rke, er den m\u00e5de, ligaen er blevet udvidet p\u00e5 i den seneste tid, efterh\u00e5nden som sportens styrende organer finder p\u00e5 flere m\u00e5der at presse tv-penge ud af h\u00e6nderne p\u00e5 abonnenterne og ind til klubberne.  Selv om fodbold torsdag aften ikke er det, de fleste hold str\u00e6ber efter, er de ekstra penge plus chancen for at vinde et stort klubtrof\u00e6 altid v\u00e6rd at g\u00e5 efter. <\/p>\n\n\n\n<!--more-->\n\n\n\n<figure class=\"wp-block-image size-full is-style-rounded\"><img decoding=\"async\" width=\"800\" height=\"489\" src=\"https:\/\/www.livefooty.net\/wp-content\/uploads\/2023\/09\/Europa-League-Footy.jpg\" alt=\"Europa League Live Footy\" class=\"wp-image-1458\" title=\"\" srcset=\"https:\/\/www.livefooty.net\/wp-content\/uploads\/2023\/09\/Europa-League-Footy.jpg 800w, https:\/\/www.livefooty.net\/wp-content\/uploads\/2023\/09\/Europa-League-Footy-300x183.jpg 300w, https:\/\/www.livefooty.net\/wp-content\/uploads\/2023\/09\/Europa-League-Footy-768x469.jpg 768w, https:\/\/www.livefooty.net\/wp-content\/uploads\/2023\/09\/Europa-League-Footy-18x12.jpg 18w, https:\/\/www.livefooty.net\/wp-content\/uploads\/2023\/09\/Europa-League-Footy-665x406.jpg 665w, https:\/\/www.livefooty.net\/wp-content\/uploads\/2023\/09\/Europa-League-Footy-425x260.jpg 425w\" sizes=\"(max-width: 800px) 100vw, 800px\" \/><\/figure>\n\n\n\n<p>Selv om det er muligt at <b>se Europa League over internettet<\/b> I visse dele af Storbritannien, hvor BT Sports nu har eksklusive rettigheder til hele Europa League, bliver det langt fra billigt, medmindre man bor i et omr\u00e5de med adgang til BT Broadband.  Resten m\u00e5 n\u00f8jes med at betale for det dobbelte af en Sky plus BT sportspakke.  Afh\u00e6ngigt af hvor du ellers bor i verden, vil du have meget bedre online adgang til Europa League, hvor kampene mange steder vises gratis.  Selv i resten af Europa er adgangen faktisk meget bedre end den, der tilbydes i Storbritannien. <\/p>\n\n\n\n<p>[scu name=&#8221;europa-league&#8221;]<\/p>","protected":false},"excerpt":{"rendered":"<p>The Europa League is an annual club football competition organised by the Union of European Football Associations (UEFA) for the second tier of football clubs in Europe, there are several ways of being entered in to the Europa League including not finishing high enough in a domestic league to qualify for the Champions League, failing [&hellip;]<\/p>","protected":false},"author":1,"featured_media":0,"parent":0,"menu_order":0,"comment_status":"closed","ping_status":"closed","template":"","meta":{"footnotes":""},"class_list":["post-1441","page","type-page","status-publish","hentry"],"_links":{"self":[{"href":"https:\/\/www.livefooty.net\/da\/wp-json\/wp\/v2\/pages\/1441","targetHints":{"allow":["GET"]}}],"collection":[{"href":"https:\/\/www.livefooty.net\/da\/wp-json\/wp\/v2\/pages"}],"about":[{"href":"https:\/\/www.livefooty.net\/da\/wp-json\/wp\/v2\/types\/page"}],"author":[{"embeddable":true,"href":"https:\/\/www.livefooty.net\/da\/wp-json\/wp\/v2\/users\/1"}],"replies":[{"embeddable":true,"href":"https:\/\/www.livefooty.net\/da\/wp-json\/wp\/v2\/comments?post=1441"}],"version-history":[{"count":0,"href":"https:\/\/www.livefooty.net\/da\/wp-json\/wp\/v2\/pages\/1441\/revisions"}],"wp:attachment":[{"href":"https:\/\/www.livefooty.net\/da\/wp-json\/wp\/v2\/media?parent=1441"}],"curies":[{"name":"wp","href":"https:\/\/api.w.org\/{rel}","templated":true}]}}