{"id":1339,"date":"2023-08-22T08:49:50","date_gmt":"2023-08-22T08:49:50","guid":{"rendered":"https:\/\/www.livefooty.net\/?page_id=1339"},"modified":"2023-09-19T10:58:44","modified_gmt":"2023-09-19T10:58:44","slug":"live-serie-a-fodbold","status":"publish","type":"page","link":"https:\/\/www.livefooty.net\/da\/live-serie-a-fodbold\/","title":{"rendered":"Live Serie A fodbold"},"content":{"rendered":"<p> Italiensk fodbold kan nok ses som den mest taktisk kompetente af dem alle. Italiensk fodbold har en noget uretf\u00e6rdig gentagelse for defensiv fodbold, ofte kastet rundt af overbetalte eksperter, der elsker at bruge ordet catenaccio. Italiensk fodbold er langt fra monolitisk, og de, der ser det, nyder i fulde drag de taktiske kampe mellem forskellige filosofier og spillestile. Italiensk fodbold er n\u00e5et langt siden disse halcyon dage; dage, hvor bonafide superstjerner som Zinedine Zizou Zidane, Ronaldo og min personlige favorit George flyttede til Man City, f\u00f8r det var cool, Weah handlede i henholdsvis Juventus, Inter og Milan. Dets omd\u00f8mme faldt, og det er stadig sikkert at sige, at italiensk fodbold stadig k\u00e6mper for at blive fri fra denne tragedies l\u00e6nker. <\/p>\n\n\n\n<!--more-->\n\n\n\n<p><br><\/p>\n\n\n\n<p> Bortset fra Premier Leagie var det den italienske serie, der fangede min opm\u00e6rksomhed mest som ung fodboldfan. Enhver, der spillede Football Manager i 90&#039;erne, vil vide, hvad jeg mener, AC Milan, Inter Milan, Juventus, Weah, Zidane osv. osv. Det var en utrolig liga at se, hvor kampene var s\u00e5 anderledes end briternes travlhed. fodbold. S\u00e5 ramte skandalerne, konkurrencefordel s\u00e5 ud til at forlade Serie A, og &quot;Produktet&quot; var en skygge af dets tidligere jeg. Jeg h\u00e5ber virkelig, at Serie A en dag vil vende tilbage til, hvad det plejede at v\u00e6re, dage hvor La Liga aldrig blev n\u00e6vnt! <br><\/p>\n\n\n\n<div itemscope=\"\" itemtype=\"https:\/\/schema.org\/FAQPage\">\n\t\t<div itemscope=\"\" itemprop=\"mainEntity\" itemtype=\"https:\/\/schema.org\/Question\">\n\t\t\t<h4 itemprop=\"name\">Kan jeg lovligt se Serie A fodbold live online?<\/h4>\n\t\t\t<div itemscope=\"\" itemprop=\"acceptedAnswer\" itemtype=\"https:\/\/schema.org\/Answer\">\n\t\t\t\t<div itemprop=\"text\"><p>William Hill streamer et stort antal kampe fra Italiens bedste liga, Serie A, f\u00f8lg venligst linket for aktuelt <a href=\"\/WilliamHill-Football.php\" rel=\"nofollow noopener\" target=\"_blank\"><b>William Hill fodboldprogram<\/b><\/a>. (Vilk\u00e5r og betingelser g\u00e6lder, streams vil v\u00e6re begr\u00e6nset for visse lande.)<\/p><\/div>\n\t\t\t<\/div>\n\t\t<\/div>\n\t\t<div itemscope=\"\" itemprop=\"mainEntity\" itemtype=\"https:\/\/schema.org\/Question\">\n\t\t\t<h4 itemprop=\"name\">Hvor gode er serie A-livestreams?<\/h4>\n\t\t\t<div itemscope=\"\" itemprop=\"acceptedAnswer\" itemtype=\"https:\/\/schema.org\/Answer\">\n\t\t\t\t<div itemprop=\"text\"><p>Ekstremt ses, selv p\u00e5 et stort TV (hvis du har en m\u00e5de at tilslutte din computer\/enhed).<\/p><\/div>\n\t\t\t<\/div>\n\t\t<\/div>\n\t\t<div itemscope=\"\" itemprop=\"mainEntity\" itemtype=\"https:\/\/schema.org\/Question\">\n\t\t\t<h4 itemprop=\"name\">Hvor konkurrencedygtig er Serie A?<\/h4>\n\t\t\t<div itemscope=\"\" itemprop=\"acceptedAnswer\" itemtype=\"https:\/\/schema.org\/Answer\">\n\t\t\t\t<div itemprop=\"text\"><p>Efter at v\u00e6re vokset op med at se meget italiensk fodbold i slutningen af 80&#039;erne og 90&#039;erne g\u00f8r det mig virkelig ondt at sige det, men ikke s\u00e5 konkurrencedygtig l\u00e6ngere. Med s\u00e5 mange penge, der str\u00f8mmer ind til Juventus, er det blevet til en liga af Jeventus, og s\u00e5 l\u00f8ber den ogs\u00e5. Forh\u00e5bentlig vil det snart blive genoprettet til tidligere herligheder!<\/p><\/div>\n\t\t\t<\/div>\n\t\t<\/div>\n\t\t<div itemscope=\"\" itemprop=\"mainEntity\" itemtype=\"https:\/\/schema.org\/Question\">\n\t\t\t<h4 itemprop=\"name\">Kan jeg spille p\u00e5 Serie A?<\/h4>\n\t\t\t<div itemscope=\"\" itemprop=\"acceptedAnswer\" itemtype=\"https:\/\/schema.org\/Answer\">\n\t\t\t\t<div itemprop=\"text\"><p>Absolut, s\u00e5 l\u00e6nge du er gammel nok til lovligt at spille, hvor du bor. Serie A byder p\u00e5 gode odds til mange kampe, hvis du tager Juve ud af ligningen, det er en god liga at spille p\u00e5, og oddsene har generelt en tendens til at afspejle den &quot;ukendte&quot; m\u00e6ngde, is\u00e6r n\u00e5r de 5-6 hold under Juventus spiller mod hinanden <a href=\"\/WilliamHill-Football.php\" rel=\"nofollow noopener\" target=\"_blank\">William Hill tilbyder et stort antal markeder p\u00e5 Serie A-kampe<\/a>.<\/p><\/div>\n\t\t\t<\/div>\n\t\t<\/div>\n\t<\/div>\n\n\n\n<p>[scu name=&#8221;serie-a&#8221;]<\/p>","protected":false},"excerpt":{"rendered":"<p>Italian football can probably be seen as the most tactically competent of them all. Italian football has a somewhat unfair repetition for defensive football, often thrown around by overpaid pundits who love to use the word catenaccio. Italian football is far from monolithic, and those who watch it thoroughly enjoy the tactical battles between different [&hellip;]<\/p>","protected":false},"author":1,"featured_media":0,"parent":0,"menu_order":0,"comment_status":"closed","ping_status":"closed","template":"","meta":{"footnotes":""},"class_list":["post-1339","page","type-page","status-publish","hentry"],"_links":{"self":[{"href":"https:\/\/www.livefooty.net\/da\/wp-json\/wp\/v2\/pages\/1339","targetHints":{"allow":["GET"]}}],"collection":[{"href":"https:\/\/www.livefooty.net\/da\/wp-json\/wp\/v2\/pages"}],"about":[{"href":"https:\/\/www.livefooty.net\/da\/wp-json\/wp\/v2\/types\/page"}],"author":[{"embeddable":true,"href":"https:\/\/www.livefooty.net\/da\/wp-json\/wp\/v2\/users\/1"}],"replies":[{"embeddable":true,"href":"https:\/\/www.livefooty.net\/da\/wp-json\/wp\/v2\/comments?post=1339"}],"version-history":[{"count":0,"href":"https:\/\/www.livefooty.net\/da\/wp-json\/wp\/v2\/pages\/1339\/revisions"}],"wp:attachment":[{"href":"https:\/\/www.livefooty.net\/da\/wp-json\/wp\/v2\/media?parent=1339"}],"curies":[{"name":"wp","href":"https:\/\/api.w.org\/{rel}","templated":true}]}}