{"id":1333,"date":"2023-08-22T08:08:27","date_gmt":"2023-08-22T08:08:27","guid":{"rendered":"https:\/\/www.livefooty.net\/?page_id=1333"},"modified":"2023-09-19T10:58:12","modified_gmt":"2023-09-19T10:58:12","slug":"live-primera-division-fodbold","status":"publish","type":"page","link":"https:\/\/www.livefooty.net\/da\/live-primera-division-fodbold\/","title":{"rendered":"Live Primera Division Football"},"content":{"rendered":"<p> Spaniens Primera Division, almindeligvis kendt som La Liga, er den bedste r\u00e6kke i spansk fodbold.  I l\u00f8bet af de sidste par \u00e5rtier er den udelukkende p\u00e5 europ\u00e6isk plan blevet betragtet som den bedste \"rene\" fodboldliga i verden.  M\u00e5ske ikke med hensyn til sp\u00e6nding eller overraskende resultater, men helt sikkert med hensyn til kvaliteten af den fodbold, der vises.  Selve ligaen er domineret af 2 hold, alle har h\u00f8rt om Barcelona og Real Madrid, ikke?  Bag dem er der en lille gruppe hold, herunder Sevilla og Atletico Madrid, som af og til overrasker, og under dem er der de andre hold.  Spansk fodbold og i s\u00e6rdeleshed La Liga har en stor fanskare over hele verden og tiltr\u00e6kker ofte de bedste spillere fra alle kontinenter. <b>Du kan se Primera Division fodbold live online fra mange lande.<\/b>    <\/p>\n\n\n\n<!--more-->\n\n\n\n<p> Primera Division plejede at v\u00e6re i stand til at g\u00f8re krav p\u00e5 de 2 bedste spillere i verden, Messi og Ronaldo. Men da Ronaldo flyttede for at pr\u00f8ve sig i Italien, \u00e6ndrede det sig, og det samme gjorde Real Madrids held. Et Messi-inspireret Barcelona er en enorm hindring for ethvert fodboldhold at overvinde, og det er kun, at Real Madrid godt kan k\u00e6mpe med, indtil der kan findes nogle flere forst\u00e6rkninger i verdensklasse. <br><\/p>\n\n\n\n<div itemscope=\"\" itemtype=\"https:\/\/schema.org\/FAQPage\">\n\t\t<div itemscope=\"\" itemprop=\"mainEntity\" itemtype=\"https:\/\/schema.org\/Question\">\n\t\t\t<h4 itemprop=\"name\">Kan jeg lovligt se den spanske Primera Division live online?<\/h4>\n\t\t\t<div itemscope=\"\" itemprop=\"acceptedAnswer\" itemtype=\"https:\/\/schema.org\/Answer\">\n\t\t\t\t<div itemprop=\"text\"><p>William Hill streamer et stort antal spil fra Primera Division, f\u00f8lg venligst linket for aktuelt <a href=\"\/WilliamHill-Football.php\" rel=\"nofollow noopener\" target=\"_blank\"><b>William Hill fodboldprogram<\/b><\/a>. (Vilk\u00e5r og betingelser g\u00e6lder, streams vil v\u00e6re geo-begr\u00e6nsede)<\/p><\/div>\n\t\t\t<\/div>\n\t\t<\/div>\n\t\t<div itemscope=\"\" itemprop=\"mainEntity\" itemtype=\"https:\/\/schema.org\/Question\">\n\t\t\t<h4 itemprop=\"name\">Hvor gode er Primera Division-livestreams?<\/h4>\n\t\t\t<div itemscope=\"\" itemprop=\"acceptedAnswer\" itemtype=\"https:\/\/schema.org\/Answer\">\n\t\t\t\t<div itemprop=\"text\"><p>Ekstremt ses, selv p\u00e5 et stort TV (hvis du har en m\u00e5de at tilslutte din computer\/enhed).<\/p><\/div>\n\t\t\t<\/div>\n\t\t<\/div>\n\t\t<div itemscope=\"\" itemprop=\"mainEntity\" itemtype=\"https:\/\/schema.org\/Question\">\n\t\t\t<h4 itemprop=\"name\">Hvor konkurrencedygtig er Primera Division?<\/h4>\n\t\t\t<div itemscope=\"\" itemprop=\"acceptedAnswer\" itemtype=\"https:\/\/schema.org\/Answer\">\n\t\t\t\t<div itemprop=\"text\"><p>Hvis du st\u00f8tter Barcelona eller Real Madrid, s\u00e5 meget! Men for de neutrale ses ligaen ikke som den bedste, mens kvaliteten af den udstillede fodbold uden tvivl er, forudsigeligheden har f\u00f8rt til, at selv nogle af dens st\u00f8rste spillere har betegnet ligaen som &quot;kedelig&quot;.<\/p><\/div>\n\t\t\t<\/div>\n\t\t<\/div>\n\t\t<div itemscope=\"\" itemprop=\"mainEntity\" itemtype=\"https:\/\/schema.org\/Question\">\n\t\t\t<h4 itemprop=\"name\">Kan jeg spille p\u00e5 Primera Division?<\/h4>\n\t\t\t<div itemscope=\"\" itemprop=\"acceptedAnswer\" itemtype=\"https:\/\/schema.org\/Answer\">\n\t\t\t\t<div itemprop=\"text\"><p>Absolut, s\u00e5 l\u00e6nge du er gammel nok til lovligt at spille, hvor du bor. Men Primera Division plejer ikke at kaste mange overraskelser op, hvad ang\u00e5r topholdene, s\u00e5 forvent ikke str\u00e5lende odds. N\u00e5r det er sagt <a href=\"\/WilliamHill-Football.php\" rel=\"nofollow noopener\" target=\"_blank\">William Hill tilbyder et stort antal markeder p\u00e5 Primera Division-kampe<\/a>.<\/p><\/div>\n\t\t\t<\/div>\n\t\t<\/div>\n\t<\/div>\n\n\n\n<p>[scu name=&#8221;primera-division&#8221;]<\/p>","protected":false},"excerpt":{"rendered":"<p>Spain&#8217;s Primera Division, commonly known as La Liga is the top tier in Spanish football. Over the past couple of decades purely on European level achievement it is widely regarded as the best &#8220;pure football&#8221; league in the world. Maybe not in terms of excitement or surprise results but definitely for the quality of the [&hellip;]<\/p>","protected":false},"author":1,"featured_media":0,"parent":0,"menu_order":0,"comment_status":"closed","ping_status":"closed","template":"","meta":{"footnotes":""},"class_list":["post-1333","page","type-page","status-publish","hentry"],"_links":{"self":[{"href":"https:\/\/www.livefooty.net\/da\/wp-json\/wp\/v2\/pages\/1333","targetHints":{"allow":["GET"]}}],"collection":[{"href":"https:\/\/www.livefooty.net\/da\/wp-json\/wp\/v2\/pages"}],"about":[{"href":"https:\/\/www.livefooty.net\/da\/wp-json\/wp\/v2\/types\/page"}],"author":[{"embeddable":true,"href":"https:\/\/www.livefooty.net\/da\/wp-json\/wp\/v2\/users\/1"}],"replies":[{"embeddable":true,"href":"https:\/\/www.livefooty.net\/da\/wp-json\/wp\/v2\/comments?post=1333"}],"version-history":[{"count":0,"href":"https:\/\/www.livefooty.net\/da\/wp-json\/wp\/v2\/pages\/1333\/revisions"}],"wp:attachment":[{"href":"https:\/\/www.livefooty.net\/da\/wp-json\/wp\/v2\/media?parent=1333"}],"curies":[{"name":"wp","href":"https:\/\/api.w.org\/{rel}","templated":true}]}}