{"id":1302,"date":"2023-08-18T09:06:26","date_gmt":"2023-08-18T09:06:26","guid":{"rendered":"https:\/\/www.livefooty.net\/?page_id=1302"},"modified":"2023-09-19T10:52:21","modified_gmt":"2023-09-19T10:52:21","slug":"aintree-hestevaeddelob","status":"publish","type":"page","link":"https:\/\/www.livefooty.net\/da\/aintree-hestevaeddelob\/","title":{"rendered":"Aintree Hestev\u00e6ddel\u00f8b"},"content":{"rendered":"<h2 class=\"wp-block-heading\">Aintree Race Course \u2013 Live Races<\/h2>\n\n\n\n<p> <b><a href=\"https:\/\/www.livehorseracingonline.com\" target=\"_blank\" rel=\"noopener\" title=\"\">Se hestev\u00e6ddel\u00f8b fra Aintree live p\u00e5 din pc, mobil eller tablet<\/a><\/b> <br><\/p>\n\n\n\n<p> Aintree-v\u00e6ddel\u00f8bsbanen er en af de mest ber\u00f8mte i hele Storbritannien af 1 simpel grund, det er hjemstedet for Grand National. Selv for folk, der ikke har nogen interesse i hestev\u00e6ddel\u00f8b eller hasardspil, er den nationale m\u00e5ske den ene race, som ALLE kender, og en, som de fleste mennesker f\u00f8ler sig trygge ved at have en flagre p\u00e5.  <\/p>\n\n\n\n<!--more-->\n\n\n\n<p>Vi ved alle, at for\u00e5ret er godt i gang, n\u00e5r Aintree Festival og Grand National kommer omkring. Selve Aintree-v\u00e6ddel\u00f8bsbanen er faktisk 2 baner i 1. Grand National-banen er en dedikeret steeplechase-bane med en samlet l\u00e6ngde p\u00e5 2 miles 2 furlongs. Denne bane er en grov trekant, der k\u00f8res med venstreh\u00e5ndet (mod uret). Den anden bane, Mildmay-banen, er meget kortere p\u00e5 kun 1 mile 3 furlongs og er en meget strammere oval bane, igen k\u00f8re venstreh\u00e5ndet. <\/p>","protected":false},"excerpt":{"rendered":"<p>Aintree Race Course &#8211; Live Races Watch Horse Racing From Aintree Live On Your PC, Mobile Or Tablet The Aintree race course is one of the most famous in the whole of the UK for 1 simple reason, it is the home of the Grand National. Even for people who have no interest in horse [&hellip;]<\/p>","protected":false},"author":1,"featured_media":0,"parent":0,"menu_order":0,"comment_status":"closed","ping_status":"closed","template":"","meta":{"footnotes":""},"class_list":["post-1302","page","type-page","status-publish","hentry"],"_links":{"self":[{"href":"https:\/\/www.livefooty.net\/da\/wp-json\/wp\/v2\/pages\/1302","targetHints":{"allow":["GET"]}}],"collection":[{"href":"https:\/\/www.livefooty.net\/da\/wp-json\/wp\/v2\/pages"}],"about":[{"href":"https:\/\/www.livefooty.net\/da\/wp-json\/wp\/v2\/types\/page"}],"author":[{"embeddable":true,"href":"https:\/\/www.livefooty.net\/da\/wp-json\/wp\/v2\/users\/1"}],"replies":[{"embeddable":true,"href":"https:\/\/www.livefooty.net\/da\/wp-json\/wp\/v2\/comments?post=1302"}],"version-history":[{"count":0,"href":"https:\/\/www.livefooty.net\/da\/wp-json\/wp\/v2\/pages\/1302\/revisions"}],"wp:attachment":[{"href":"https:\/\/www.livefooty.net\/da\/wp-json\/wp\/v2\/media?parent=1302"}],"curies":[{"name":"wp","href":"https:\/\/api.w.org\/{rel}","templated":true}]}}