{"id":1225,"date":"2023-08-06T11:06:55","date_gmt":"2023-08-06T11:06:55","guid":{"rendered":"https:\/\/www.livefooty.net\/?page_id=1225"},"modified":"2023-09-19T10:56:48","modified_gmt":"2023-09-19T10:56:48","slug":"live-hestevaeddelob-online-live-streams","status":"publish","type":"page","link":"https:\/\/www.livefooty.net\/da\/live-hestevaeddelob-online-live-streams\/","title":{"rendered":"Live Hestev\u00e6ddel\u00f8b Online \u2013 Livestreams"},"content":{"rendered":"<h2 class=\"wp-block-heading\">Live Hestev\u00e6ddel\u00f8b Online \u2013 L\u00f8bsplan<\/h2>\n\n\n\n<center>\n<b><a href=\"\/WilliamHill.php\" rel=\"nofollow\" onclick=\"window.open('https:\/\/sports.williamhill.com\/betting\/en-gb\/horse-racing\/meetings')\">Se Live Hestev\u00e6ddel\u00f8b online!<\/a><\/b>\n<\/center>\n\n\n\n<p> <b>Hestev\u00e6ddel\u00f8b<\/b> er en af de \u00e6ldste sportsgrene i verden, der g\u00e5r helt tilbage til romertiden og vognl\u00f8b. I moderne tid er der meget f\u00e5 lande, der ikke har en st\u00f8rre hestev\u00e6ddel\u00f8bsbegivenhed, der fanger fantasien hos den brede befolkning. Nogle af de mest ber\u00f8mte hestev\u00e6ddel\u00f8b og begivenheder inkluderer <b>Grand National<\/b>, <b>Kentucky Derby<\/b>, <b>Belmont Stakes<\/b>, <b>Prix de l&#039;Arc de Triomphe<\/b>, <b>Royal Ascot<\/b>, <b>Den irske Grand National<\/b>, <b>Dubai World Cup<\/b> og <b>Melbourne Cup<\/b>. Selvf\u00f8lgelig er der mange flere, det er bare en liste over toppen af mit hoved. <\/p>\n\n\n\n<!--more-->\n\n\n\n<p>\n\tHestev\u00e6ddel\u00f8b har altid v\u00e6ret synonymt med gambling, og det er gambling, der har drevet hestev\u00e6ddel\u00f8b gennem \u00e5rene. Udover de virkelig kendte l\u00f8b er der snesevis af hestev\u00e6ddel\u00f8b over hele verden hver dag. Hestev\u00e6ddel\u00f8b er en industri, der pumper millioner ind i \u00f8konomierne i mange lande, og der er endda professionelle spillere, der kan leve af at spille p\u00e5 hestev\u00e6ddel\u00f8b p\u00e5 fuld tid. P\u00e5 den anden side nyder mange mennesker bare udfordringen med at fors\u00f8ge at forudsige en vinder baseret p\u00e5 at studere l\u00f8bernes statistik. Uanset om du er en person med 5 \u00a3 v\u00e6ddem\u00e5l \u00e9n gang om \u00e5ret eller en pro-gambler, er den virkelige forn\u00f8jelse at se l\u00f8bet live. Problemet er, at mange af disse hestev\u00e6ddel\u00f8b er p\u00e5 tidspunkter, hvor folk ikke har mulighed for at se dem, enten det eller de kr\u00e6ver dyre tv-abonnementer at se. Med dette i tankerne har vi samlet en liste over <b>Hestev\u00e6ddel\u00f8b, der vises live online<\/b>.\n\t<br><\/p>\n\n\n\n<h2 class=\"wp-block-heading\">\n\tDagens Live Hestev\u00e6ddel\u00f8bsplan\n\t<\/h2>\n\n\n\n<p> Alle <b>hestev\u00e6ddel\u00f8b<\/b> nedenfor vil blive streamet live online i et format, der kan ses p\u00e5 b\u00e5de Mac&#039;er og pc&#039;er. For at tilmelde dig til at se nogen af disse l\u00f8b live venligst <a onclick=\"window.open('https:\/\/sports.williamhill.com\/betting\/en-gb\/horse-racing\/meetings')\" href=\"\/WilliamHill.php\" rel=\"nofollow\">Klik her<\/a>. <\/p>\n\n\n\n<p>[scu name=&#8221;betfair-racing&#8221;]<br><\/p>\n\n\n\n<h2 class=\"wp-block-heading\">De 3 vigtigste hestev\u00e6ddel\u00f8b i Storbritannien<\/h2>\n\n\n\n<h2 class=\"wp-block-heading\">The Grand National<\/h2>\n\n\n\n<p> Med hensyn til pr\u00e6miepenge, <b>Grand National er det mest v\u00e6rdifulde National Hunt hestev\u00e6ddel\u00f8b i Det Forenede Kongerige<\/b>. L\u00f8b over en distance p\u00e5 4 miles 856 yards, der d\u00e6kker 2 kredsl\u00f8b af <a href=\"https:\/\/www.livefooty.net\/da\/aintree-hestevaeddelob\/\" title=\"\">Aintree National Racecourse<\/a>, det blev grundlagt af William Philip Molyneux, som ejede jorden ved Aintree i Liverpool, og selv om der er en historisk debat om, hvorn\u00e5r det f\u00f8rste Grand National Race rent faktisk blev afviklet, har holdningen sat sig for 1836, selvom \u00e5rene 1836-1838 optr\u00e6der ikke i rekordb\u00f8gerne, fordi l\u00f8bene, der blev k\u00f8rt i 1837 og 1838, oprindeligt blev antaget at have fundet sted andre steder. <br><\/p>\n\n\n\n<p>\nAdskillige bem\u00e6rkelsesv\u00e6rdige h\u00e6ndelser fandt sted i 1839, der bidrog til, at denne race blev set i et mere nationalt vigtigt lys. Great Saint Alban&#039;s Chase, som tidligere havde fundet sted p\u00e5 en dato, der st\u00f8dte sammen med Aintree-m\u00f8det, blev ikke fornyet efter 1838, hvilket efterlod en dato i hestev\u00e6ddel\u00f8bskalenderen, der skulle udfyldes. P\u00e5 det tidspunkt ankom de nationale jernbaner til Liverpool, hvilket gjorde transport og logistik meget nemmere at arrangere og tillod rejser til og fra m\u00f8der i hele landet, og der blev dannet en komit\u00e9 det \u00e5r for bedre at organisere og fremme v\u00e6ddel\u00f8b p\u00e5 Aintree. Med fremkomsten af national opm\u00e6rksomhed og omtale tiltrak l\u00f8bet hurtigt et st\u00f8rre felt af kvalitetsheste og ryttere, og medieopm\u00e6rksomhed opfordrede et st\u00f8rre antal til at deltage. Derfor blev 1839 den f\u00f8rste officielle Grand National.\n<br><\/p>\n\n\n\n<p>\nI dag er dette l\u00f8b utrolig popul\u00e6rt blandt dem, der ellers aldrig ville satse p\u00e5 nogen anden sportsbegivenhed, og det har opbygget et ry for sp\u00e6nding og fare, som er blevet ud\u00f8deliggjort i filmene &#039;National Velvet&#039; og &#039;Champions&#039;. Legendariske navne g\u00e5r h\u00e5nd i h\u00e5nd med historien om <b>Grand National<\/b>, ingen mere end Red Rum, den eneste hest nogensinde, der har vundet l\u00f8bet 3 gange. Efter hans d\u00f8d blev det store udyr lagt til hvile ved siden af m\u00e5lposten ved Aintree.\n<br><\/p>\n\n\n\n<p>\nDer har v\u00e6ret mere end halvtreds hested\u00f8dsfald i Grand Nationals historie, fire af dem fandt sted i 1954, og hvert \u00e5r genererer det kontroverser s\u00e5vel som diskussioner. Med sin berygtede serie af alvorlige hegn, der inkluderer Becher&#039;s Brook og The Chair, er dette et l\u00f8b, der tester selv de fineste jockeyer, og der er mange ber\u00f8mte ryttere, for hvem det har vist sig at v\u00e6re umuligt at vinde.\n<br><br><\/p>\n\n\n\n<h2 class=\"wp-block-heading\"><a href=\"https:\/\/www.livefooty.net\/da\/cheltenham-festival\/\" title=\"\">Cheltenham Gold Cup<\/a><\/h2>\n\n\n\n<p>\nDenne ansete Blue Riband-begivenhed afholdes p\u00e5 v\u00e6ddel\u00f8bsbanen i Cheltenham i Storbritannien under den \u00e5rlige <b>Cheltenham Festival<\/b> i marts. Som det mest v\u00e6rdifulde ikke-handicap-l\u00f8b i landet er <b>Cheltenham Gold Cup<\/b> anses for at v\u00e6re den mest prestigefyldte af Nation Hunt-kalenderen. Det d\u00e6kker 3 miles, 2 1\/2 furlongs over 22 hegn.\n<br><\/p>\n\n\n\n<p>\nDet var oprindeligt kendt som et fladt l\u00f8b, da den f\u00f8rste begivenhed fandt sted i 1819 p\u00e5 et sted, som i \u00f8jeblikket har udsigt over den nuv\u00e6rende v\u00e6ddel\u00f8bsbane. I 1924 foregik det dog med hop p\u00e5 det, der i dag er kendt som &#039;Old Course&#039;, men det blev p\u00e5 det tidspunkt overskygget af andre arrangementer p\u00e5 Cheltenham Festivalen. Golden Miller, som ogs\u00e5 vandt Grand National i 1934, var den mest succesrige vinderhest i Cheltenham Gold Cup&#039;s historie, idet han tog fem pr\u00e6mier i tr\u00e6k mellem 1932 og 1936.\n<br><\/p>\n\n\n\n<p>\nI 1959 blev l\u00f8bet flyttet til &#039;New Course&#039; og der er det blevet. Det m\u00e5ske mest ber\u00f8mte navn forbundet med Cheltenham Gold Cup er det af Arkle, hesten, der vandt tre gange i tr\u00e6k i 1964, 1965 og 1966. S\u00e5 forbl\u00f8ffende blev hans overlegenhed set at v\u00e6re, at han blev den laveste prisvinder i historien. l\u00f8bet p\u00e5 1\/10, hvilket bet\u00f8d, at et vindende bet p\u00e5 ?10 kun ville have vundet ?1. Den l\u00e6ngste vinderpris nogensinde var 100\/1 p\u00e5 guldm\u00f8nt i 1990.\n<br><\/p>\n\n\n\n<p>\nDen st\u00f8rste pr\u00e6station forbundet med Cheltenham Gold Cup tilh\u00f8rer tr\u00e6ner Michael Dickinson i 1983, som var stolt over ikke bare at have tr\u00e6net vinderen, men de fire andre heste, der fulgte efter som anden, tredje, fjerde og femte!\n<br><\/p>\n\n\n\n<p>\nDesv\u00e6rre m\u00e5tte Cheltenham Gold Cup og hele Cheltenham-festivalen aflyses i 2001 p\u00e5 grund af de g\u00e6ldende restriktioner p\u00e5 grund af et udbrud af mund- og klovsyge. Den blev erstattet med Gold Trophy Chase senere p\u00e5 \u00e5ret i Sandown, men den manglede den aura, som Cheltenham Gold Cup typisk genererer.\n<br><br><\/p>\n\n\n\n<h2 class=\"wp-block-heading\"><a href=\"https:\/\/www.livefooty.net\/da\/epsom-hestevaeddelob\/\" title=\"\">Epsom Derby<\/a><\/h2>\n\n\n\n<p>\nInternationalt kendt som <b>Epsom Derby<\/b> men mere i daglig tale som <b>The Derby eller The Derby Stakes<\/b>, dette er et fladt l\u00f8b, der l\u00f8ber over 1 mile, 4 furlongs og 10 yards. Det finder sted p\u00e5 Epsom Downs hvert \u00e5r den f\u00f8rste l\u00f8rdag i juni, og det er det st\u00f8rste og rigeste hestev\u00e6ddel\u00f8b i Storbritannien. Tidligere vindere har i de senere \u00e5r tjent pr\u00e6mier p\u00e5 op til 700.000,00 \u20ac, og v\u00e6rdien af Aurhorized, 2007, er steget til utrolige 10 mio.\n<br><\/p>\n\n\n\n<p>\nEpsom Derby fandt f\u00f8rst sted den 4. maj 1780 og blev opkaldt efter \u00e6ren af manden, der var v\u00e6rt for festen, hvor den oprindelige id\u00e9 til l\u00f8bet blev udt\u00e6nkt, Edward Smith-Stanley den 12. jarl af Derby, selvom han ikke selv opn\u00e5ede succes med en af sine egne heste indtil 1787. Siden f\u00f8rst indtog sin plads i hestev\u00e6ddel\u00f8bskalenderen, er The Derby blevet en utvivlsom inspiration for en lang r\u00e6kke andre hestev\u00e6ddel\u00f8b rundt om i verden, herunder det irske derby, det velkendte Kentucky Derby, Victoria Derby og Prix du Jockey Club (Det franske Derby).\n<br><\/p>\n\n\n\n<p>\nPr\u00f8vel\u00f8b for heste, der anses for at v\u00e6re mest tilb\u00f8jelige til at konkurrere, afvikles i l\u00f8bet af april og maj, og dette har vist sig at v\u00e6re s\u00e6rdeles succesfuldt til at demonstrere potentielle vindere for de kommende \u00e5r.\n<br><\/p>\n\n\n\n<p>\nMange ber\u00f8mte navne er forbundet med den lange og ber\u00f8mte historie <b>Epsom Derby<\/b>, mest bem\u00e6rket af alle er jockeyen Lester Piggott, der red ikke mindre end 9 vindere i sin karriere mellem \u00e5rene 1954 og 1983. Blandt tr\u00e6nerne er det n\u00f8dvendigt at g\u00e5 langt tilbage i l\u00f8bets fortid for at finde dem, der har 7 sejre til deres navn, blandt dem Robert Robson, John Porter og senest Fred Darling med sin sidste vinder Owen Tudor i 1941. Men n\u00e5r det kommer til heste, der har vundet dette mest ber\u00f8mte l\u00f8b, vil navnet Shergar altid skille sig ud, ikke kun for hans ekstraordin\u00e6re rekord med en sejrsmargin p\u00e5 10 l\u00e6ngder i 1981, men for hans berygtede kidnapning fra den irske Ballymany Stud i County Kildare i h\u00e6nderne p\u00e5 maskerede bev\u00e6bnede m\u00e6nd i 1983. Han blev aldrig fundet.\n<br><\/p>\n\n\n\n<p>\nBanen, som Epsom Derby afvikles over, er i sig selv ret unik. Fyldt med drejninger, drejninger, fald og stigninger langs hele dens l\u00e6ngde, anses den for at v\u00e6re den ultimative test af b\u00e5de v\u00e6ddel\u00f8bshestes udholdenhed og jockeyf\u00e6rdigheder. Mens det for dem, der kommer for at se forestillingen, er verdenskendt for veltalende at vise alle lag af social klasse, der samles, og det skaber en feststemning, som andre v\u00e6ddel\u00f8bssteder bestemt er h\u00e5rdt pressede p\u00e5 at efterligne.\n<\/p>\n\n\n\n<p><\/p>\n\n\n\n<h2 class=\"wp-block-heading\">Se alle disse og meget mere live hestev\u00e6ddel\u00f8b live online<\/h2>\n\n\n\n<p>\n<b><a href=\"https:\/\/www.livehorseracingonline.com\" target=\"_blank\" rel=\"noopener\">Live Hestev\u00e6ddel\u00f8b online<\/a><\/b> tilf\u00f8jer en verden af muligheder til in-race-v\u00e6ddem\u00e5lsscenen, s\u00e5 som du ville forvente en r\u00e6kke bookmakere <b>stream disse store hestev\u00e6ddel\u00f8b<\/b> plus mange flere mindre m\u00f8der p\u00e5 daglig basis live via internettet. Med s\u00e5 mange <b>live hestev\u00e6ddel\u00f8bsstr\u00f8mme<\/b> tilg\u00e6ngelig er der ingen undskyldning for at g\u00e5 glip af det hestev\u00e6ddel\u00f8b, du leder efter.\t\n<\/p>","protected":false},"excerpt":{"rendered":"<p>Live Horse Racing Online &#8211; Race Schedule Watch Live Horse Racing Online! Horse Racing is one of the oldest sports in the world, dating all the way back to Roman times and Chariot races. In modern times there&#8217;s very few countries that don&#8217;t have a major horse racing event that captures the imagination of the [&hellip;]<\/p>","protected":false},"author":1,"featured_media":0,"parent":0,"menu_order":0,"comment_status":"closed","ping_status":"closed","template":"","meta":{"footnotes":""},"class_list":["post-1225","page","type-page","status-publish","hentry"],"_links":{"self":[{"href":"https:\/\/www.livefooty.net\/da\/wp-json\/wp\/v2\/pages\/1225","targetHints":{"allow":["GET"]}}],"collection":[{"href":"https:\/\/www.livefooty.net\/da\/wp-json\/wp\/v2\/pages"}],"about":[{"href":"https:\/\/www.livefooty.net\/da\/wp-json\/wp\/v2\/types\/page"}],"author":[{"embeddable":true,"href":"https:\/\/www.livefooty.net\/da\/wp-json\/wp\/v2\/users\/1"}],"replies":[{"embeddable":true,"href":"https:\/\/www.livefooty.net\/da\/wp-json\/wp\/v2\/comments?post=1225"}],"version-history":[{"count":0,"href":"https:\/\/www.livefooty.net\/da\/wp-json\/wp\/v2\/pages\/1225\/revisions"}],"wp:attachment":[{"href":"https:\/\/www.livefooty.net\/da\/wp-json\/wp\/v2\/media?parent=1225"}],"curies":[{"name":"wp","href":"https:\/\/api.w.org\/{rel}","templated":true}]}}