{"id":1202,"date":"2023-08-06T10:11:31","date_gmt":"2023-08-06T10:11:31","guid":{"rendered":"https:\/\/www.livefooty.net\/?page_id=1202"},"modified":"2023-09-19T10:54:44","modified_gmt":"2023-09-19T10:54:44","slug":"fodbold-skemaer-seneste-live-fodbold","status":"publish","type":"page","link":"https:\/\/www.livefooty.net\/da\/fodbold-skemaer-seneste-live-fodbold\/","title":{"rendered":"Fodboldskemaer \u2013 Seneste live fodbold"},"content":{"rendered":"<h2 class=\"wp-block-heading\">Live fodbold \u2013 Gratis internetplaner<\/h2>\n\n\n\n<p> Nok den sv\u00e6reste del af <b>ser live fodbold<\/b> og andre sportsgrene p\u00e5 internettet er at finde ud af, hvilke kanaler der viser hvilke sportsgrene, og hvor man kan f\u00e5 adgang til disse kanaler. Den nye generation af P2P-software giver dig mulighed for nemt at v\u00e6lge en kanal at se, men det nytter ikke rigtig meget, medmindre du ved, hvilken kanal der viser hvilke fodboldkampe og hvorn\u00e5r. Det er klart, at bookmakerne g\u00f8r hele arbejdet s\u00e5 meget lettere for de sportsgrene, de viser! <\/p>\n\n\n\n<!--more-->\n\n\n\n<p><br><\/p>\n\n\n\n<p>\n\tF\u00f8lgende links indeholder detaljerede og aktuelle oplysninger om, hvad der er planlagt og hvor, spil fra de fleste europ\u00e6iske lande er vist:- \n\t<\/p>\n\n\n\n<ul class=\"wp-block-list\">\n<li><a href=\"https:\/\/www.livefooty.net\/da\/dagens-skemaer-al-sports-live-online\/\">Live sportsplan<\/a> \u2013 En liste over alle de live-sportsgrene, der skal finde sted i dag <\/li>\n\n\n\n<li><a href=\"https:\/\/www.livefooty.net\/da\/william-hill-tv-live-streams-se-live-online\/\">William Hill live fodboldstreams<\/a> \u2013 Et program over fodboldkampe, der streames live p\u00e5 William Hill <\/li>\n\n\n\n<li><a href=\"https:\/\/www.livefooty.net\/da\/betfair-live-streams-online\/\">Betfair Live fodboldstreams<\/a> \u2013 Fodboldspil, der streames live p\u00e5 Betfair <\/li>\n<\/ul>\n\n\n\n<p>\n\tOvenst\u00e5ende links viser, hvilken sport der er tilg\u00e6ngelig online i dag. Kick-off tider for forskellige konkurrencer er indeholdt i fodboldplanerne nedenfor. Ikke alle disse spil er muligvis tilg\u00e6ngelige live, hvor du bor.\n\t<\/p>\n\n\n<p>[scu name=&#8221;football-schedule&#8221;]<\/p>\n\n\n\n<p><\/p>","protected":false},"excerpt":{"rendered":"<p>Live Football &#8211; Free Internet Schedules Probably the hardest part of watching live football and other sports on the internet is to find out what channels are showing what sports and where to access those channels. The new generation of P2P software allows you to easily select a channel to watch but it&#8217;s not really [&hellip;]<\/p>","protected":false},"author":1,"featured_media":0,"parent":0,"menu_order":0,"comment_status":"closed","ping_status":"closed","template":"","meta":{"footnotes":""},"class_list":["post-1202","page","type-page","status-publish","hentry"],"_links":{"self":[{"href":"https:\/\/www.livefooty.net\/da\/wp-json\/wp\/v2\/pages\/1202","targetHints":{"allow":["GET"]}}],"collection":[{"href":"https:\/\/www.livefooty.net\/da\/wp-json\/wp\/v2\/pages"}],"about":[{"href":"https:\/\/www.livefooty.net\/da\/wp-json\/wp\/v2\/types\/page"}],"author":[{"embeddable":true,"href":"https:\/\/www.livefooty.net\/da\/wp-json\/wp\/v2\/users\/1"}],"replies":[{"embeddable":true,"href":"https:\/\/www.livefooty.net\/da\/wp-json\/wp\/v2\/comments?post=1202"}],"version-history":[{"count":0,"href":"https:\/\/www.livefooty.net\/da\/wp-json\/wp\/v2\/pages\/1202\/revisions"}],"wp:attachment":[{"href":"https:\/\/www.livefooty.net\/da\/wp-json\/wp\/v2\/media?parent=1202"}],"curies":[{"name":"wp","href":"https:\/\/api.w.org\/{rel}","templated":true}]}}