{"id":1199,"date":"2023-08-06T10:04:58","date_gmt":"2023-08-06T10:04:58","guid":{"rendered":"https:\/\/www.livefooty.net\/?page_id=1199"},"modified":"2024-03-07T15:49:49","modified_gmt":"2024-03-07T15:49:49","slug":"william-hill-tv-live-streams-se-live-online","status":"publish","type":"page","link":"https:\/\/www.livefooty.net\/da\/william-hill-tv-live-streams-se-live-online\/","title":{"rendered":"William Hill TV Livestreams \u2013 Se live online"},"content":{"rendered":"<h2 class=\"wp-block-heading\">William Hill livestreams \u2013 se online<\/h2>\n\n\n\n<p> <b>William Hill<\/b> er en af de seneste bookmakere til at g\u00f8re live sport tilg\u00e6ngelig online gennem deres <b><a onclick=\"window.open('https:\/\/sports.williamhill.com\/betting\/en-gb\/football')\" href=\"\/WilliamHill.php\" rel=\"nofollow\">William Hill TV-streaming<\/a><\/b> service. Du kan se en r\u00e6kke sportsgrene gennem William Hill, herunder live fodbold (Serie A og Europa League for blot at n\u00e6vne 2), Tennis, Snooker og et stort antal hestev\u00e6ddel\u00f8bsbegivenheder. William Hill leverer streaming i topkvalitet, selvom den siger, at du skal bruge en Windows-baseret pc for at se, s\u00e5 denne er ikke god for Mac-brugere. De fleste streams er gratis for William Hill-medlemmer, men til hestev\u00e6ddel\u00f8bet skal du have et v\u00e6ddem\u00e5l p\u00e5 (mindst \u00a35) for at se. <\/p>\n\n\n\n<!--more-->\n\n\n\n<p>\n\tUdover at appellere til sportsfans, der bare \u00f8nsker at se live sport, \u00e5bner disse streamingtjenester, der tilbydes af bookmakere som WillIam Hill en ny verden af <b>live gambling i spillet<\/b> til dem, der foretr\u00e6kker at spille deres sportsv\u00e6ddem\u00e5l online. Uanset om han sidder fast p\u00e5 kontoret eller simpelthen ikke har adgang til tv&#039;et, fordi konen ser det 75. afsnit af Coronation Street i denne uge, giver online streaming spilleren mulighed for at foretage et mere informeret valg i spillet. For andre giver det dig bare en m\u00e5de at se en fodboldkamp eller anden sportsbegivenhed p\u00e5, som du m\u00e5ske ellers ikke har kunnet se.\n\t<br><\/p>\n\n\n\n<p>\n\tWilliam Hill er en af de st\u00f8rste bookmakere derude, tilmeld dig din gratis konto nu, f\u00e5 adgang til deres streamingtjeneste, og du vil endda f\u00e5 et gratis v\u00e6ddem\u00e5l p\u00e5 \u00a325.<br><\/p>\n\n\n\n<center>\n\tAt tilmelde sig William Hill er en virkelig enkel m\u00e5de at nyde din yndlingssport live online!\n\t<\/center>\n\n\n\n<p><\/p>\n\n\n\n<h2 class=\"wp-block-heading\">William Hill livestreaming og in-play<\/h2>\n\n\n\n<p>\n\tHvis du allerede er William Hill Sports-kunde, vil du blive glad for at vide, at de tilbyder en live streamingtjeneste og in-play-v\u00e6ddem\u00e5l p\u00e5 en r\u00e6kke forskellige sportsgrene.\n\t<\/p>\n\n\n\n<h3 class=\"wp-block-heading\">Hvordan ved jeg, om en kamp livestreames p\u00e5 William Hill?<\/h3>\n\n\n\n<p>\n\tDet er virkelig enkelt, brug et af linkene ovenfor, som vil tage dig til aktuelle og kommende kampe. Hold derefter \u00f8je med det lille &quot;TV&quot;-ikon ved siden af armaturet. Hvis det er der, bliver det vist live. Her er et eksempel p\u00e5 et sk\u00e6rmbillede af, hvad du skal v\u00e6re opm\u00e6rksom p\u00e5. Det er pr\u00e6cis det samme for alle andre sportsgrene, ikke kun fodbold.\n\t<\/p>\n\n\n\n<h3 class=\"wp-block-heading\">Hvad er fordelene ved at bruge William Hill Live Streaming?<\/h3>\n\n\n\n<p>\n\tWilliam Hill er en af de f\u00f8rende sportsbook-udbydere i verden. De tilbyder en r\u00e6kke muligheder for live streaming, herunder deres William Hill Live Streaming-tjeneste. Denne service giver spillerne mulighed for at se live sportsbegivenheder og odds, mens de finder sted.\n\t<br><\/p>\n\n\n\n<p>\nEn af fordelene ved at bruge William Hill Live Streaming er, at det giver spillerne adgang til en bred vifte af sportsbegivenheder. Dette inkluderer b\u00e5de internationale og nationale begivenheder. Derudover er denne service tilg\u00e6ngelig p\u00e5 b\u00e5de desktop- og mobilplatforme, hvilket g\u00f8r det nemt for spillerne at bruge den, uanset hvor de befinder sig.\n<br><\/p>\n\n\n\n<p>\nDer er en r\u00e6kke fordele ved at bruge William Hill Live Streaming. For det f\u00f8rste er det nemt at bruge \u2013 alt hvad du beh\u00f8ver er en webbrowser og en internetforbindelse. For det andet er det gratis at bruge \u2013 der er ingen grund til at tilmelde sig eller indbetale penge. Og endelig er den p\u00e5lidelig \u2013 deres live streamingtjeneste er blevet testet og har vist sig at v\u00e6re stabil og p\u00e5lidelig.\n<br><\/p>\n\n\n\n<h3 class=\"wp-block-heading\">Hvad er fordelene ved at bruge William Hill i spil?<\/h3>\n\n\n\n<p>\nBrug af William Hill In-Play giver en r\u00e6kke fordele. For det f\u00f8rste er det nemt at bruge \u2013 alt hvad du beh\u00f8ver er en webbrowser og en internetforbindelse. For det andet er det hurtigt og p\u00e5lideligt \u2013 in-play v\u00e6ddem\u00e5l placeres med det samme, og udbetalinger behandles hurtigt. Og endelig er det sikkert \u2013 dine penge er beskyttet af vores sikre system.\n<br><\/p>\n\n\n\n<h3 class=\"wp-block-heading\">Er der nogen begr\u00e6nsninger for at bruge William Hill Live Streaming og In-Play?<\/h3>\n\n\n\n<p>Der er et par begr\u00e6nsninger for at bruge William Hill Live Streaming og In-Play. For det f\u00f8rste er livestreaming kun tilg\u00e6ngelig p\u00e5 computeren \u2013 du vil ikke kunne se streamingtjenesten p\u00e5 din telefon eller tablet (korrekt p\u00e5 tidspunktet for udgivelsen). For det andet er in-play v\u00e6ddem\u00e5l tilg\u00e6ngeligt p\u00e5 et begr\u00e6nset antal sportsgrene \u2013 du vil sandsynligvis kunne satse p\u00e5 fodbold, cricket osv., men ikke nogle andre sportsgrene.&nbsp;\n<br><\/p>\n\n\n\n<p>\nUanset om du er kunde hos William Hill Sports eller ej, vil du nyde at bruge vores live streaming- og in-play-tjenester. De er nemme at bruge og p\u00e5lidelige, s\u00e5 du kan v\u00e6re sikker p\u00e5, at dine penge er i sikkerhed.  William Hill er et af de st\u00f8rste navne inden for online betting, og den service, de tilbyder, afspejler dette. William Hill har opbygget et fremragende ry for at levere kundeservice af h\u00f8j kvalitet og p\u00e5lidelige odds.  William Hill tilbyder en bred vifte af andre v\u00e6ddem\u00e5l, herunder hestev\u00e6ddel\u00f8b, fodbold, basketball og cricket. Deres omfattende hjemmeside g\u00f8r det nemt at placere v\u00e6ddem\u00e5l p\u00e5 enhver sport eller ethvert spil til enhver tid.\n<br><\/p>\n\n\n\n<p>\nAlle oplysninger er korrekte p\u00e5 udgivelsestidspunktet. Husk, at det er sandsynligt, at krav til v\u00e6ddem\u00e5l\/kontofinansiering kan \u00e6ndre sig fra tid til anden, is\u00e6r med v\u00e6rditilv\u00e6ksttjenester som livestreaming leveret af bookmakerne, dette er det samme for William Hill livestreaming som enhver bookmaker. Der vil ogs\u00e5 v\u00e6re geo-begr\u00e6nsninger for, hvad der kan vises hvor.\n<\/p>","protected":false},"excerpt":{"rendered":"<p>William Hill Live Streams - Se online William Hill er en af de seneste bookmakere, der g\u00f8r live sport tilg\u00e6ngelig online via deres William Hill TV-streamingtjeneste. Du kan se en r\u00e6kke sportsgrene gennem William Hill, herunder live fodbold (Serie A og Europa League for blot at n\u00e6vne 2), tennis, snooker og en [...].<\/p>","protected":false},"author":1,"featured_media":0,"parent":0,"menu_order":0,"comment_status":"closed","ping_status":"closed","template":"","meta":{"footnotes":""},"class_list":["post-1199","page","type-page","status-publish","hentry"],"_links":{"self":[{"href":"https:\/\/www.livefooty.net\/da\/wp-json\/wp\/v2\/pages\/1199","targetHints":{"allow":["GET"]}}],"collection":[{"href":"https:\/\/www.livefooty.net\/da\/wp-json\/wp\/v2\/pages"}],"about":[{"href":"https:\/\/www.livefooty.net\/da\/wp-json\/wp\/v2\/types\/page"}],"author":[{"embeddable":true,"href":"https:\/\/www.livefooty.net\/da\/wp-json\/wp\/v2\/users\/1"}],"replies":[{"embeddable":true,"href":"https:\/\/www.livefooty.net\/da\/wp-json\/wp\/v2\/comments?post=1199"}],"version-history":[{"count":1,"href":"https:\/\/www.livefooty.net\/da\/wp-json\/wp\/v2\/pages\/1199\/revisions"}],"predecessor-version":[{"id":1745,"href":"https:\/\/www.livefooty.net\/da\/wp-json\/wp\/v2\/pages\/1199\/revisions\/1745"}],"wp:attachment":[{"href":"https:\/\/www.livefooty.net\/da\/wp-json\/wp\/v2\/media?parent=1199"}],"curies":[{"name":"wp","href":"https:\/\/api.w.org\/{rel}","templated":true}]}}