{"id":1196,"date":"2023-08-06T10:00:51","date_gmt":"2023-08-06T10:00:51","guid":{"rendered":"https:\/\/www.livefooty.net\/?page_id=1196"},"modified":"2023-09-19T10:53:43","modified_gmt":"2023-09-19T10:53:43","slug":"betfair-live-streams-online","status":"publish","type":"page","link":"https:\/\/www.livefooty.net\/da\/betfair-live-streams-online\/","title":{"rendered":"Betfair \u2013 Livestreams online"},"content":{"rendered":"<h2 class=\"wp-block-heading\">Betfair Live Sports Streams \u2013 Se Live Online<\/h2>\n\n\n\n<p> Der er sv\u00e6re m\u00e5der <b>ser din yndlingssport online<\/b> Og s\u00e5 er der de nemme m\u00e5der.  Den nemmeste m\u00e5 v\u00e6re at se live streams fra nogle af de st\u00f8rste virksomheder p\u00e5 nettet. <b>Betfair<\/b> er for eksempel en af de st\u00f8rste bookmakere online, og ud over at tilbyde dig de bedste odds giver de dig nu chancen for at se dine yndlingssportsstreams online, helt gratis! Betfairs livestreams tilbyder sportsaction i topkvalitet uden omkostninger for dig, og alt, hvad det kr\u00e6ver, er 2 minutters tilmelding og en kontoindbetaling for at f\u00e5 adgang til dem. <\/p>\n\n\n\n<!--more-->\n\n\n\n<p> Live fodbold er det, de fleste mennesker er interesserede i, og Betfair har rettighederne til at vise dig spil fra nogle af de bedste ligaer og pokaler \u2013 <b>Serie A, portugisisk Superliga, UEFA Cup og de fleste internationale venskabskampe<\/b> for blot at n\u00e6vne nogle f\u00e5*.  Betfair udvider hele tiden listen, s\u00e5 der er ingen grund til ikke at tilmelde sig nu.  Hvis du er p\u00e5 udkig efter mere end fodbold, s\u00e5 omfatter listen over andre sportsgrene ogs\u00e5 tennis, snooker og basketball.  Hvad med hestev\u00e6ddel\u00f8b?  S\u00e5 du sidder fast p\u00e5 arbejdet, men vil gerne vide, hvordan det g\u00e5r med din hest?  Betfair streamer flere live hestev\u00e6ddel\u00f8b end nogen anden kilde, jeg har fundet online.  Selvf\u00f8lgelig tilbyder de ogs\u00e5 et f\u00f8rsteklasses casino og <a href=\"https:\/\/www.kushmoney.com\/\" target=\"_blank\" rel=\"noopener\">poker spil<\/a> hvis du er s\u00e5dan tilb\u00f8jelig.   <br><\/p>\n\n\n\n<p>\n\tAlle <b>Betfair livestreams<\/b> er gratis at se, alt hvad du beh\u00f8ver, er en konto med penge p\u00e5.  Hvis du er typen, der godt kan lide at spille, kan du endda f\u00e5 op til 100 euro i gratis v\u00e6ddem\u00e5l med deres tilbud til nye kunder. Placer 5 x \u20ac10 eller flere v\u00e6ddem\u00e5l for at modtage \u20ac20 i gratis v\u00e6ddem\u00e5l. Gentag op til 5 gange for at modtage maks. 100 \u20ac i bonus. Min. odds 1\/2 (1,5). Exchange-v\u00e6ddem\u00e5l er udelukket. T&amp;Cs g\u00e6lder\n\t<br><\/p>\n\n\n\n<p>\n\tAt tilmelde sig Betfair er en enkel m\u00e5de <b>ser live sportsstreams online<\/b>, hvis du ikke allerede er medlem, vil jeg foresl\u00e5, at du tager dig selv derover nu og f\u00e5r det gjort!<\/p>","protected":false},"excerpt":{"rendered":"<p>Betfair Live Sports Streams - Se live online Der er sv\u00e6re m\u00e5der at se din yndlingssport p\u00e5 online, og s\u00e5 er der de nemme m\u00e5der. Den nemmeste m\u00e5 v\u00e6re at se livestreams fra nogle af de st\u00f8rste virksomheder p\u00e5 nettet. Betfair er for eksempel en af de st\u00f8rste bookmakere p\u00e5 nettet, og [...]<\/p>","protected":false},"author":1,"featured_media":0,"parent":0,"menu_order":0,"comment_status":"closed","ping_status":"closed","template":"","meta":{"footnotes":""},"class_list":["post-1196","page","type-page","status-publish","hentry"],"_links":{"self":[{"href":"https:\/\/www.livefooty.net\/da\/wp-json\/wp\/v2\/pages\/1196","targetHints":{"allow":["GET"]}}],"collection":[{"href":"https:\/\/www.livefooty.net\/da\/wp-json\/wp\/v2\/pages"}],"about":[{"href":"https:\/\/www.livefooty.net\/da\/wp-json\/wp\/v2\/types\/page"}],"author":[{"embeddable":true,"href":"https:\/\/www.livefooty.net\/da\/wp-json\/wp\/v2\/users\/1"}],"replies":[{"embeddable":true,"href":"https:\/\/www.livefooty.net\/da\/wp-json\/wp\/v2\/comments?post=1196"}],"version-history":[{"count":0,"href":"https:\/\/www.livefooty.net\/da\/wp-json\/wp\/v2\/pages\/1196\/revisions"}],"wp:attachment":[{"href":"https:\/\/www.livefooty.net\/da\/wp-json\/wp\/v2\/media?parent=1196"}],"curies":[{"name":"wp","href":"https:\/\/api.w.org\/{rel}","templated":true}]}}