{"id":1174,"date":"2023-08-06T08:48:04","date_gmt":"2023-08-06T08:48:04","guid":{"rendered":"https:\/\/www.livefooty.net\/?page_id=1174"},"modified":"2023-09-19T11:00:35","modified_gmt":"2023-09-19T11:00:35","slug":"privatlivspolitik-for-livefooty-net","status":"publish","type":"page","link":"https:\/\/www.livefooty.net\/da\/privatlivspolitik-for-livefooty-net\/","title":{"rendered":"Fortrolighedspolitik for livefooty.net"},"content":{"rendered":"<p> <b>Hjemmesiden livefooty.net fungerer udelukkende som en informations-webportal for sportsfans over 18 \u00e5r. Hvis du ikke er over 18 \u00e5r, skal du stoppe med at bruge denne hjemmeside med det samme.<\/b> Oplysningerne p\u00e5 denne hjemmeside er kun til generelle informationsform\u00e5l. Oplysningerne leveres af livefooty.net, og mens vi bestr\u00e6ber os p\u00e5 at holde oplysningerne opdaterede og korrekte, giver vi ingen erkl\u00e6ringer eller garantier af nogen art, udtrykkelige eller underforst\u00e5ede, om fuldst\u00e6ndigheden, n\u00f8jagtigheden, p\u00e5lideligheden, egnetheden eller tilg\u00e6ngeligheden mht. hjemmesiden eller information, produkter, tjenester eller relateret grafik indeholdt p\u00e5 hjemmesiden til ethvert form\u00e5l. Enhver tillid, du s\u00e6tter p\u00e5 s\u00e5danne oplysninger, er derfor udelukkende p\u00e5 din egen risiko. <\/p>\n\n\n\n<!--more-->\n\n\n\n<p><\/p>\n\n\n\n<p>\nUnder ingen omst\u00e6ndigheder vil vi v\u00e6re ansvarlige for tab eller skade, herunder uden begr\u00e6nsning, indirekte eller f\u00f8lgeskader eller skader, eller noget tab eller skade som helst, der opst\u00e5r som f\u00f8lge af tab af data eller fortjeneste, der opst\u00e5r som f\u00f8lge af eller i forbindelse med brugen af denne hjemmeside .\n<br><\/p>\n\n\n\n<h3 class=\"wp-block-heading\"> Privatlivspolitik for www.livefooty.net <\/h3>\n\n\n\n<p> Hvis du har brug for flere oplysninger eller har sp\u00f8rgsm\u00e5l om vores privatlivspolitik, er du velkommen til at kontakte os via e-mail p\u00e5 info@livefooty.net. <\/p>\n\n\n\n<p> P\u00e5 www.livefooty.net er vores bes\u00f8gendes privatliv af ekstrem vigtighed for os. Denne fortrolighedspolitik beskriver de typer af personlige oplysninger, der modtages og indsamles af www.livefooty.net, og hvordan de bruges. <\/p>\n\n\n\n<p> <b>Logfiler<\/b><br> Som mange andre websteder g\u00f8r www.livefooty.net brug af logfiler. Oplysningerne i logfilerne inkluderer internetprotokol (IP) adresser, type browser, internetudbyder (ISP), dato\/tidsstempel, henvisnings-\/afslutningssider og antal klik for at analysere tendenser, administrere webstedet, spore brugerens bev\u00e6gelser rundt p\u00e5 webstedet og indsamle demografiske oplysninger. IP-adresser og andre s\u00e5danne oplysninger er ikke knyttet til nogen information, der er personligt identificerbar. <\/p>\n\n\n\n<p> <b>Cookies og web-beacons<\/b><br> www.livefooty.net bruger ikke cookies. <b>DoubleClick DART Cookie<\/b><br><\/p>\n\n\n\n<p>\n.:: Google bruger som tredjepartsleverand\u00f8r cookies til at vise annoncer p\u00e5 dit websted.<br>\n.:: Googles brug af DART-cookien g\u00f8r det muligt for dem at vise annoncer til dine brugere baseret p\u00e5 deres bes\u00f8g p\u00e5 dine websteder og andre websteder p\u00e5 internettet. <br>\n.:: Brugere kan frav\u00e6lge brugen af DART-cookien ved at bes\u00f8ge Googles annonce- og indholdsnetv\u00e6rks privatlivspolitik p\u00e5 f\u00f8lgende URL \u2013 https:\/\/www.google.com\/privacy_ads.html <\/p>\n\n\n\n<p> Nogle af vores annonceringspartnere kan bruge cookies og web-beacons p\u00e5 vores websted. Vores reklamepartnere omfatter \u2026\u2026. \n<br> Amazon\n<br> eBay\n<br> William Hill\n<br> <\/p>\n\n\n\n<p> Disse tredjeparts annonceservere eller annoncenetv\u00e6rk bruger teknologi til at de annoncer og links, der vises p\u00e5 www.livefooty.net, sendes direkte til dine browsere. De modtager automatisk din IP-adresse, n\u00e5r dette sker. Andre teknologier (s\u00e5som cookies, JavaScript eller Web Beacons) kan ogs\u00e5 blive brugt af tredjeparts annoncenetv\u00e6rk til at m\u00e5le effektiviteten af deres annoncer og\/eller til at tilpasse det reklameindhold, du ser. <\/p>\n\n\n\n<p> www.livefooty.net har ingen adgang til eller kontrol over disse cookies, der bruges af tredjeparts annonc\u00f8rer. <\/p>\n\n\n\n<p> Du b\u00f8r konsultere de respektive privatlivspolitikker for disse tredjepartsannonceservere for mere detaljerede oplysninger om deres praksis samt for instruktioner om, hvordan du frav\u00e6lger visse praksisser. www.livefooty.nets privatlivspolitik g\u00e6lder ikke for, og vi kan ikke kontrollere aktiviteterne hos s\u00e5danne andre annonc\u00f8rer eller websteder. <\/p>\n\n\n\n<p> Hvis du \u00f8nsker at deaktivere cookies, kan du g\u00f8re det via dine individuelle browserindstillinger. Mere detaljeret information om cookieh\u00e5ndtering med specifikke webbrowsere kan findes p\u00e5 browsernes respektive hjemmesider. <br><\/p>\n\n\n\n<h3 class=\"wp-block-heading\">Links og tredjepartstjenester \u2013 ansvarsfraskrivelse<\/h3>\n\n\n\n<p>  Denne hjemmeside (livefooty.net) indeholder eller kan indeholde links til andre hjemmesider, herunder tredjepartsannoncering. livefooty.net er ikke ansvarlig eller ansvarlig for s\u00e5danne andre websteder eller for deres servicevilk\u00e5r. Vi screener eller st\u00f8tter ikke s\u00e5danne andre websteder. livefooty.net fraskriver sig udtrykkeligt ethvert ansvar, direkte eller indirekte, for enhver form for skade, som enhver bruger m\u00e5tte p\u00e5drage sig i forbindelse med brugen af en hjemmeside, hvortil adgangen blev fundet via denne hjemmeside. L\u00e6s venligst servicevilk\u00e5rene for hver af s\u00e5danne andre websteder omhyggeligt for at finde ud af, hvordan disse andre websteder tilbyder og konditionerer deres varer og tjenester. Hvis du beslutter dig for at f\u00e5 adgang til en s\u00e5dan anden hjemmeside og relaterede tjenester, g\u00f8r du det helt p\u00e5 egen risiko. Hvis du \u00f8nsker at g\u00f8re indsigelse mod et link til et tredjepartswebsted, der er blevet placeret p\u00e5 livefooty.net-webstedet, s\u00e5 f\u00f8lg venligst trinene p\u00e5 vores <a href=\"https:\/\/www.livefooty.net\/da\/gyldige\/\" title=\"\">juridisk side<\/a>. <br><\/p>\n\n\n\n<p>\nHjemmesiden livefooty.net hostes og drives fra Isle of Man. Som webstedsejere har vi taget alle de n\u00f8dvendige skridt for at sikre, at denne hjemmeside fungerer med fuld overholdelse af manx-lovgivningen. Denne privatlivspolitik og vilk\u00e5r for brug er underlagt lovene p\u00e5 Isle of Man. Som bruger af denne hjemmeside forventes det, at du opf\u00f8rer dig p\u00e5 en moralsk, juridisk og ansvarlig m\u00e5de med hensyn til de love, der g\u00e6lder for dig (herunder ikke at kr\u00e6nke nogen rettighedsindehaveres rettigheder). Alle tvister, der opst\u00e5r fra eller i forbindelse med denne hjemmeside, er underlagt lovene p\u00e5 Isle of Man.  \n<br><\/p>\n\n\n\n<p>\nSidst opdateret 04\/12\/2017\n<\/p>","protected":false},"excerpt":{"rendered":"<p>The website livefooty.net operates solely as an information only web portal for sports fans over the age of 18. If you are not over the age of 18 you must stop using this website immediately. The information contained in this website is for general information purposes only. The information is provided by livefooty.net and while [&hellip;]<\/p>","protected":false},"author":1,"featured_media":0,"parent":0,"menu_order":0,"comment_status":"closed","ping_status":"closed","template":"","meta":{"footnotes":""},"class_list":["post-1174","page","type-page","status-publish","hentry"],"_links":{"self":[{"href":"https:\/\/www.livefooty.net\/da\/wp-json\/wp\/v2\/pages\/1174","targetHints":{"allow":["GET"]}}],"collection":[{"href":"https:\/\/www.livefooty.net\/da\/wp-json\/wp\/v2\/pages"}],"about":[{"href":"https:\/\/www.livefooty.net\/da\/wp-json\/wp\/v2\/types\/page"}],"author":[{"embeddable":true,"href":"https:\/\/www.livefooty.net\/da\/wp-json\/wp\/v2\/users\/1"}],"replies":[{"embeddable":true,"href":"https:\/\/www.livefooty.net\/da\/wp-json\/wp\/v2\/comments?post=1174"}],"version-history":[{"count":0,"href":"https:\/\/www.livefooty.net\/da\/wp-json\/wp\/v2\/pages\/1174\/revisions"}],"wp:attachment":[{"href":"https:\/\/www.livefooty.net\/da\/wp-json\/wp\/v2\/media?parent=1174"}],"curies":[{"name":"wp","href":"https:\/\/api.w.org\/{rel}","templated":true}]}}