{"id":1141,"date":"2023-08-06T08:01:12","date_gmt":"2023-08-06T08:01:12","guid":{"rendered":"https:\/\/livefooty.net\/?page_id=1141"},"modified":"2025-10-14T09:58:51","modified_gmt":"2025-10-14T09:58:51","slug":"live-football-other-sports-online-news-and-games","status":"publish","type":"page","link":"https:\/\/www.livefooty.net\/da\/","title":{"rendered":"Live fodbold og anden sport online \u2013 nyheder og spil"},"content":{"rendered":"<h2 class=\"wp-block-heading\">Hvor kan man se live fodbold, tennis, dart osv<\/h2>\n\n\n\n<figure class=\"wp-block-image size-full is-style-rounded\"><img decoding=\"async\" width=\"1024\" height=\"683\" src=\"https:\/\/www.livefooty.net\/wp-content\/uploads\/2023\/08\/live-footy.jpg\" alt=\"Live Footy\" class=\"wp-image-1322\" title=\"\" srcset=\"https:\/\/www.livefooty.net\/wp-content\/uploads\/2023\/08\/live-footy.jpg 1024w, https:\/\/www.livefooty.net\/wp-content\/uploads\/2023\/08\/live-footy-300x200.jpg 300w, https:\/\/www.livefooty.net\/wp-content\/uploads\/2023\/08\/live-footy-768x512.jpg 768w, https:\/\/www.livefooty.net\/wp-content\/uploads\/2023\/08\/live-footy-18x12.jpg 18w, https:\/\/www.livefooty.net\/wp-content\/uploads\/2023\/08\/live-footy-665x444.jpg 665w, https:\/\/www.livefooty.net\/wp-content\/uploads\/2023\/08\/live-footy-390x260.jpg 390w\" sizes=\"(max-width: 1024px) 100vw, 1024px\" \/><\/figure>\n\n\n\n<p>Internettet er ikke kun for Facebook og porno, der er faktisk nogle nyttige ting, der foreg\u00e5r derude i cyberspace! En af de mest nyttige for sportsfans er muligheden for at se \u00e6gte, legitime, autoriserede live sportsstreams online fra betalte broadcast-partnere. Det, der startede som noget for de seri\u00f8se techno-n\u00f8rder og alle omkring n\u00f8rder, er blevet meget mainstream, og det er noget, som et stort antal mennesker g\u00f8r uge ud og uge ind for at se mere live fodbold. Der er ingen grund til at uds\u00e6tte din computer for fare, vi taler kun om officielle streams her.<\/p>\n\n\n\n<!--more-->\n\n\n\n<hr class=\"wp-block-separator has-alpha-channel-opacity\"\/>\n\n\n\n<p><\/p>\n\n\n\n<hr class=\"wp-block-separator has-alpha-channel-opacity\"\/>\n\n\n\n<h2 class=\"wp-block-heading\">Bookmakerne<\/h2>\n\n\n\n<p>Et stadigt voksende antal online bookmakere er begyndt at tilbyde livestreams af forskellige sportsgrene, herunder selvf\u00f8lgelig den altid popul\u00e6re fodbold, inklusive topkampe fra store europ\u00e6iske ligaer. Selvom reglerne varierer fra bookmaker til bookie (nogle kr\u00e6ver indbetalinger, og nogle kr\u00e6ver endda et v\u00e6ddem\u00e5l placeret p\u00e5 en bestemt begivenhed for at se det), er resultatet det samme, professionelle livestreams af masser af sportsbegivenheder, som du bare ikke ville f\u00e5. at se p\u00e5 en anden m\u00e5de. Teknisk er det enkelt, ikke mere komplekst end at se en Youtube-video. En indlejret videoafspiller bruges til at vise live sportsstreams, og p\u00e5 grund af dette er det muligt at se i 99% af webbrowsere, det eneste problem kan komme fra nogle Apple-enheder, hvorfor de insisterer p\u00e5 ikke at underst\u00f8tte Flash er nogens g\u00e6t. Den eneste anden begr\u00e6nsning at tale om er, at nogle begivenheder er geobegr\u00e6nsede afh\u00e6ngigt af udsendelsesrettigheder i bestemte lande. Men bookmakerne er stadig en glimrende m\u00e5de at se mere live fodbold, end du ellers nogensinde ville komme til at se.<\/p>\n\n\n\n<figure class=\"wp-block-image size-large is-style-default\"><img decoding=\"async\" width=\"1024\" height=\"318\" src=\"https:\/\/www.livefooty.net\/wp-content\/uploads\/2023\/08\/live-footy-online-1024x318.jpg\" alt=\"live fodbold online\" class=\"wp-image-1324\" title=\"\" srcset=\"https:\/\/www.livefooty.net\/wp-content\/uploads\/2023\/08\/live-footy-online-1024x318.jpg 1024w, https:\/\/www.livefooty.net\/wp-content\/uploads\/2023\/08\/live-footy-online-300x93.jpg 300w, https:\/\/www.livefooty.net\/wp-content\/uploads\/2023\/08\/live-footy-online-768x238.jpg 768w, https:\/\/www.livefooty.net\/wp-content\/uploads\/2023\/08\/live-footy-online-18x6.jpg 18w, https:\/\/www.livefooty.net\/wp-content\/uploads\/2023\/08\/live-footy-online-665x206.jpg 665w, https:\/\/www.livefooty.net\/wp-content\/uploads\/2023\/08\/live-footy-online-838x260.jpg 838w, https:\/\/www.livefooty.net\/wp-content\/uploads\/2023\/08\/live-footy-online.jpg 1080w\" sizes=\"(max-width: 1024px) 100vw, 1024px\" \/><\/figure>\n\n\n\n<h2 class=\"wp-block-heading\">Broadcasterne<\/h2>\n\n\n\n<p>It took some time but they&#8217;re finally starting to see the light, online is the perfect medium for opening up sport to more people and increasing viewing figures as well as revenue from advertising. Of course what is available very much varies country to country but the trend is still positive for sports fans, we are slowly seeing more sports appearing live online. In the UK the BBC in particular provides excellent live sports coverage online, the Formula 1 needed special mention back in the day. Vital practice sessions that were once only a 30 second pre-qualifying summary slot were shown live online, it was the start of a process that head everybody upping their game.   You can also be sure that every football match that the BBC cover is shown live online as well, an invaluable service for when you&#8217;re stuck in work or away from a TV. Sky even have their NowTV service (they just love showing Manchester United,&nbsp;Liverpool,&nbsp;Chelsea&nbsp;and&nbsp;Arsenal&nbsp;games!)which allows you to watch live Sky Sports action through your mobile device for a reduced subscription cost. It is still early days and there is still a long way to go but we are slowly getting there, surely it will only be a matter of time before we can watch ALL football matches live online?<\/p>\n\n\n\n<h3 class=\"wp-block-heading\">Seneste Footy Goings-On<\/h3>\n\n\n\n<p>[scu name=\"event-summary\"]<\/p>\n\n\n\n<hr class=\"wp-block-separator has-alpha-channel-opacity\"\/>\n\n\n\n<h3 class=\"wp-block-heading\">Live fodboldnyheder<\/h3>\n\n\n\n<p>[scu name=\"rss-feed\"]<\/p>","protected":false},"excerpt":{"rendered":"<p>Where To Watch Live Football, Tennis, Darts etc The internet isn&#8217;t just for Facebook and porn, there are actually some useful things going on out there in cyberspace! One of the most useful for sports fans is the ability to watch genuine, legitimate, authorised live sports streams online from paid up broadcast partners. What started [&hellip;]<\/p>","protected":false},"author":1,"featured_media":0,"parent":0,"menu_order":0,"comment_status":"closed","ping_status":"closed","template":"","meta":{"footnotes":""},"class_list":["post-1141","page","type-page","status-publish","hentry"],"_links":{"self":[{"href":"https:\/\/www.livefooty.net\/da\/wp-json\/wp\/v2\/pages\/1141","targetHints":{"allow":["GET"]}}],"collection":[{"href":"https:\/\/www.livefooty.net\/da\/wp-json\/wp\/v2\/pages"}],"about":[{"href":"https:\/\/www.livefooty.net\/da\/wp-json\/wp\/v2\/types\/page"}],"author":[{"embeddable":true,"href":"https:\/\/www.livefooty.net\/da\/wp-json\/wp\/v2\/users\/1"}],"replies":[{"embeddable":true,"href":"https:\/\/www.livefooty.net\/da\/wp-json\/wp\/v2\/comments?post=1141"}],"version-history":[{"count":1,"href":"https:\/\/www.livefooty.net\/da\/wp-json\/wp\/v2\/pages\/1141\/revisions"}],"predecessor-version":[{"id":3083,"href":"https:\/\/www.livefooty.net\/da\/wp-json\/wp\/v2\/pages\/1141\/revisions\/3083"}],"wp:attachment":[{"href":"https:\/\/www.livefooty.net\/da\/wp-json\/wp\/v2\/media?parent=1141"}],"curies":[{"name":"wp","href":"https:\/\/api.w.org\/{rel}","templated":true}]}}