{"id":1704,"date":"2024-02-29T11:08:03","date_gmt":"2024-02-29T11:08:03","guid":{"rendered":"https:\/\/www.livefooty.net\/?page_id=1704"},"modified":"2024-03-07T15:50:30","modified_gmt":"2024-03-07T15:50:30","slug":"fa-cup-live-online","status":"publish","type":"page","link":"https:\/\/www.livefooty.net\/cs\/fa-cup-live-online\/","title":{"rendered":"FA Cup - \u017eiv\u00e9 online vys\u00edl\u00e1n\u00ed FA Cupu"},"content":{"rendered":"<p>The <b>Poh\u00e1r FA<\/b> je nejlep\u0161\u00ed klubovou poh\u00e1rovou sout\u011b\u017e\u00ed ve sv\u011btov\u00e9m fotbale, kdo by se ned\u00edval na <b>Fin\u00e1le poh\u00e1ru FA<\/b>? M\u00e1 v\u00edce ne\u017e stoletou tradici a v srdc\u00edch mnoha fotbalov\u00fdch fanou\u0161k\u016f zauj\u00edm\u00e1 zvl\u00e1\u0161tn\u00ed m\u00edsto.  Poh\u00e1r pln\u00fd zvrat\u016f je dnes stejn\u011b romantickou pod\u00edvanou jako kdykoli p\u0159edt\u00edm.  Pro p\u0159\u00edznivce anglick\u00e9ho fotbalu je fin\u00e1le FA Cupu vn\u00edm\u00e1no jako jeden z vrchol\u016f fotbalov\u00e9ho d\u011bn\u00ed v r\u00e1mci roku a sehnat vstupenky na tento z\u00e1pas je skute\u010dn\u011b nesm\u00edrn\u011b t\u011b\u017ek\u00e9.  P\u0159\u00edm\u00fd televizn\u00ed p\u0159enos v\u011bt\u0161iny z\u00e1pas\u016f FA Cupu je k dispozici, pokud \u017eijete ve Velk\u00e9 Brit\u00e1nii, prost\u0159ednictv\u00edm BBC a BT Sport, ale jinde se k z\u00e1pas\u016fm m\u016f\u017eete dostat jen obt\u00ed\u017en\u011b. Zde je n\u011bkolik dal\u0161\u00edch informac\u00ed o <a href=\"https:\/\/en.wikipedia.org\/wiki\/FA_Cup\" target=\"_blank\" rel=\"noopener\">historie FA Cupu<\/a>.\n\t<\/p>\n\n\n\n<!--more-->\n\n\n\n<p> <\/p>\n\n\n<div class=\"wp-block-image is-style-rounded\">\n<figure class=\"aligncenter size-full\"><img decoding=\"async\" width=\"600\" height=\"451\" src=\"https:\/\/www.livefooty.net\/wp-content\/uploads\/2024\/02\/FA-Cup-Football.jpg\" alt=\"FA Cup Trophy - Sledujte \u017eiv\u011b\" class=\"wp-image-1705\" title=\"\" srcset=\"https:\/\/www.livefooty.net\/wp-content\/uploads\/2024\/02\/FA-Cup-Football.jpg 600w, https:\/\/www.livefooty.net\/wp-content\/uploads\/2024\/02\/FA-Cup-Football-300x226.jpg 300w, https:\/\/www.livefooty.net\/wp-content\/uploads\/2024\/02\/FA-Cup-Football-16x12.jpg 16w, https:\/\/www.livefooty.net\/wp-content\/uploads\/2024\/02\/FA-Cup-Football-346x260.jpg 346w\" sizes=\"(max-width: 600px) 100vw, 600px\" \/><\/figure><\/div>\n\n\n<p> Prvn\u00ed kolo FA Cupu 2016\/2017 se hraje o v\u00edkendu 4. listopadu.  Je to obrovsk\u00e1 p\u0159\u00edle\u017eitost pro ty neligov\u00e9 t\u00fdmy, kter\u00e9 se probojovaly do p\u0159edkol, aby se utkaly s ligov\u00fdmi soupe\u0159i a uk\u00e1zaly se v dobr\u00e9m sv\u011btle.  Pro n\u011bkter\u00e9 z nich je \u0161ance uk\u00e1zat se v celost\u00e1tn\u00ed televizi, kdy\u017e jsou zvykl\u00ed hr\u00e1t p\u0159ed stovkami div\u00e1k\u016f, t\u00edm, o co v t\u00e9to f\u00e1zi sout\u011b\u017ee jde.  Prvn\u00ed na \u0159ad\u011b je Eastleigh, kter\u00fd p\u0159iv\u00edt\u00e1 Swindon Town, BBC by si tento z\u00e1pas nevybrala do sv\u00e9ho p\u00e1te\u010dn\u00edho ve\u010dern\u00edho vys\u00edl\u00e1n\u00ed, kdyby nebyla \"\u0161ance\" na rozruch, a bude opravdu zaj\u00edmav\u00e9 sledovat, jak se jim povede! <\/p>\n\n\n\n<p> Jsme ve 4. kole a o \u0161anci na sl\u00e1vu st\u00e1le bojuj\u00ed dva neligov\u00e9 t\u00fdmy.  Sutton United host\u00ed Leeds United v z\u00e1pase, ve kter\u00e9m by ur\u010dit\u011b v koutku du\u0161e brali rem\u00edzu za mo\u017enost hr\u00e1t na Elland Road.  Zat\u00edmco druh\u00fd neligov\u00fd t\u00fdm Lincoln hraje doma s Brightonem.  Up\u0159\u00edmn\u011b \u0159e\u010deno, oba neligov\u00e9 t\u00fdmy si budou p\u0159\u00e1t, aby se jim poda\u0159ilo postoupit, proto\u017ee u\u017e mezi sebou zp\u016fsobily n\u011bkolik rozruch\u016f, a s v\u00fdhodou dom\u00e1c\u00edho prost\u0159ed\u00ed, kdo v\u00ed?  Odm\u011bna v podob\u011b velk\u00e9 \u0161ance na jednoho z velk\u00fdch hr\u00e1\u010d\u016f Premier League v p\u0159\u00ed\u0161t\u00edm kole pro n\u011b mus\u00ed b\u00fdt obrovskou motivac\u00ed. <br><\/p>\n\n\n\n<p>Po docela v\u00e1\u017en\u00e9m 4. kole FA Cupu, co se t\u00fd\u010de ne\u00fasp\u011bch\u016f, se v\u0161ichni t\u011b\u0161\u00ed na leto\u0161n\u00ed 5. kolo.  Jedin\u00fdm probl\u00e9mem je, \u017ee po tolika zvratech v\u00e1m n\u011bkdy z\u016fstane docela nudn\u00fd seznam z\u00e1pas\u016f.  Tentokr\u00e1t tomu tak nen\u00ed, proto\u017ee v pond\u011bl\u00ed 18. z\u00e1\u0159\u00ed se na h\u0159i\u0161ti Chelsea p\u0159edstav\u00ed Manchester United.  OGS bude p\u0159em\u00fd\u0161let, co m\u00e1 d\u011blat, aby si odpo\u010dinul po cest\u011b na Arsenal ve 4. kole.  Ve druh\u00e9m v\u00fdjime\u010dn\u00e9m z\u00e1pase cestuje \u00fa\u0159aduj\u00edc\u00ed mistr Premier League Manchester City do Newport County, co\u017e bude pro mnoho jeho hr\u00e1\u010d\u016f jist\u011b zcela nov\u00e1 zku\u0161enost. <br><\/p>\n\n\n\n<p>3. kolo FA Cupu je bod, ve kter\u00e9m se sny bu\u010f staly, nebo rozbily, minnows z ni\u017e\u0161\u00edch lig mohou dostat \u0161anci hr\u00e1t sv\u00e9 mega dolary soupe\u0159e z Premier League, a jak ka\u017ed\u00fd v\u00ed, zvraty se d\u011bj\u00ed v FA Cupu.  Zat\u00edmco leto\u0161n\u00ed losov\u00e1n\u00ed 3. kola nep\u0159ineslo mnoho potenci\u00e1ln\u00edch ob\u0159\u00edch zabij\u00e1ck\u00fdch p\u0159\u00edb\u011bh\u016f, st\u00e1le existuje spousta z\u00e1pas\u016f, ve kter\u00fdch se d\u00e1 o\u010dek\u00e1vat rozruch.  Vysoce l\u00e9taj\u00edc\u00ed t\u00fdm Championship Reading cestuje na Old Trafford (op\u011bt), Wolves se bude sna\u017eit vyu\u017e\u00edt Liverpool, kter\u00fd ned\u00e1vno prohr\u00e1l poprv\u00e9 za to, co se zd\u00e1 jako v\u011bk.  Nottingham Forest by mohl m\u00edt \u0161anci na rozruch proti t\u00fdmu Chelsea, kter\u00fd se sna\u017e\u00ed sk\u00f3rovat. Ale pro opravdov\u00e9 romantiky FA Cupu a pro mnoho lid\u00ed bude rem\u00edzou kola z\u00e1pas mezi Accringtonem Stanley (Kdo to je? P\u0159esn\u011b!) a Ipswichem! <br><\/p>\n\n\n\n<p>Pr\u00e1v\u011b za\u010d\u00edn\u00e1 6. kolo FA Cupu, nebo jak my starom\u00f3dn\u00ed lid\u00e9 r\u00e1di \u0159\u00edk\u00e1me, \u010dtvrtfin\u00e1le.  Pokud jste fanou\u0161kem Liverpoolu, mus\u00edte si pr\u00e1v\u011b te\u010f mnout ruce radost\u00ed.  Vzhledem k tomu, \u017ee v leto\u0161n\u00edm ro\u010dn\u00edku FA Cupu u\u017e do\u0161lo k tolika zvrat\u016fm, jak\u00e1 je \u0161ance, \u017ee dva nejlep\u0161\u00ed t\u00fdmy, kter\u00e9 v sout\u011b\u017ei z\u016fstaly, budou nalosov\u00e1ny proti sob\u011b do \u010dtvrtfin\u00e1lov\u00e9 f\u00e1ze?  A\u0165 tak \u010di onak, ze sout\u011b\u017ee vypadne Manchester United nebo Arsenal, vzhledem k posledn\u00ed form\u011b byste museli favorizovat kanon\u00fdry, a to i na Old Trafford. Vzhledem k tomu, jak United hraj\u00ed, je ot\u00e1zkou, zda bude p\u0159i z\u00e1v\u011bre\u010dn\u00e9m hvizdu je\u0161t\u011b n\u011bkdo vzh\u016fru.  Bradford proti Readingu zaru\u010duje, \u017ee se letos do semifin\u00e1le dostane jeden t\u00fdm z ni\u017e\u0161\u00ed ligy.  Zb\u00fdv\u00e1 tedy u\u017e jen midlandsk\u00e9 derby Villy s West Bromem, kter\u00e9 je repr\u00edzou ned\u00e1vn\u00e9ho a velmi vyrovnan\u00e9ho z\u00e1pasu Premier League.  Jak si Villa povede v poh\u00e1ru, kdy\u017e prioritou Tima Sherwooda mus\u00ed b\u00fdt p\u0159e\u017eit\u00ed v lize?  Kdybych byl s\u00e1zka\u0159, vsadil bych si na semifin\u00e1lovou sestavu, kter\u00e1 by vypadala n\u011bjak podobn\u011b jako Reading, West Brom, Liverpool a Arsenal, ale vzhledem k tomu, jak to letos v FA Cupu vypadalo, bych se nedivil, kdyby to bylo \u00fapln\u011b naopak. <br><\/p>\n\n\n\n<p> Po ofici\u00e1ln\u011b nejdel\u0161\u00edm turnaji FA Cupu v historii jsme kone\u010dn\u011b ve fin\u00e1lov\u00e9 f\u00e1zi.  Mysl\u00edm, \u017ee v\u0161ichni budou r\u00e1di, \u017ee tato sez\u00f3na kon\u010d\u00ed, ale v\u011bt\u0161ina z nich dostala to, co si p\u0159\u00e1la, fin\u00e1le v derby.  Zat\u00edmco v\u011bt\u0161ina lid\u00ed si p\u0159i ozn\u00e1men\u00ed semifin\u00e1lov\u00e9ho losu myslela, \u017ee p\u016fjde o manchestersk\u00e9 derby, Arsenal i Chelsea si poradily s t\u00fdmy v nejvy\u0161\u0161\u00ed sout\u011b\u017ei.  Taktick\u00e1 mistrovsk\u00e1 t\u0159\u00edda Arsenalu to za\u0159\u00eddila City a United se prost\u011b proti t\u00fdmu Chelsea, kter\u00fd toho pln\u011b vyu\u017eil, v\u016fbec neprosadili.  Zb\u00fdv\u00e1 n\u00e1m tedy lond\u00fdnsk\u00e9 derby, proto\u017ee Chelsea hraje s Arsenalem ve fin\u00e1le FA Cupu 2020.  Jak zvl\u00e1\u0161tn\u00ed to bude, kdy\u017e v den fin\u00e1le FA Cupu nebudou na stadionu \u017e\u00e1dn\u00ed fanou\u0161ci?  Velmi!  Jedno je v\u0161ak jist\u00e9, a to, \u017ee v hospod\u00e1ch bude velmi ru\u0161no. <br><\/p>\n\n\n\n<p> D\u00edky \u017eiv\u00e9mu vys\u00edl\u00e1n\u00ed je nyn\u00ed mo\u017en\u00e9 sledovat v\u0161echny obl\u00edben\u00e9 z\u00e1pasy FA Cupu \u017eiv\u011b.  Vzhledem k tomu, \u017ee se tolik z\u00e1pas\u016f odehr\u00e1v\u00e1 ve stejnou dobu, je i v dne\u0161n\u00ed dob\u011b interaktivn\u00ed televize t\u011b\u017ek\u00e9, aby se ka\u017ed\u00fd obl\u00edben\u00fd t\u00fdm dostal do televizn\u00edho vys\u00edl\u00e1n\u00ed. Vzhledem k tomu, \u017ee FA Cup je st\u00e1le popul\u00e1rn\u011bj\u0161\u00ed, je obvykle k dispozici rozs\u00e1hl\u00fd online p\u0159enos z mnoha z\u00e1pas\u016f FA Cupu (BBC a BT Sport poskytuj\u00ed ve Velk\u00e9 Brit\u00e1nii kvalitn\u00ed online p\u0159enosy).  Jinde s\u00e1zkov\u00e9 kancel\u00e1\u0159e<a title=\"\" href=\"https:\/\/www.livefooty.net\/cs\/william-hill-tv-zive-streamy-sledovat-zive-online\/\"> n\u011bkdy pokr\u00fdvaj\u00ed velk\u00e9 mno\u017estv\u00ed z\u00e1pas\u016f FA Cupu \u017eiv\u011b online.<\/a>, zejm\u00e9na v d\u0159\u00edv\u011bj\u0161\u00edch kolech. A nezapome\u0148te, \u017ee pokud se nem\u016f\u017eete d\u00edvat \u017eiv\u011b, pak BBC pokr\u00fdv\u00e1 t\u00e9m\u011b\u0159 ka\u017ed\u00fd z\u00e1pas m\u00edstn\u00edm rozhlasov\u00fdm vys\u00edl\u00e1n\u00edm, sta\u010d\u00ed se pod\u00edvat na n\u00e1sleduj\u00edc\u00ed informace. <a href=\"https:\/\/www.bbc.co.uk\/sport\/0\/football\/13629210\" target=\"_blank\" rel=\"noopener\">FA Cup Live Radio Link<\/a>. <\/p>\n\n\n\n<p>[scu name=\"fa-cup\"]<\/p>\n\n\n\n<h3 class=\"wp-block-heading\">FA Cup Footy Gossip &amp; Views<\/h3>\n\n\n\n<p>[scu name=\"event-summary\"]<\/p>\n\n\n\n<hr class=\"wp-block-separator has-alpha-channel-opacity\"\/>\n\n\n\n<h3 class=\"wp-block-heading\">\u017div\u00e9 p\u0159enosy z FA Cupu<\/h3>\n\n\n\n<p>[scu name=\"rss-feed\"]<\/p>","protected":false},"excerpt":{"rendered":"<p>FA Cup je nejlep\u0161\u00ed klubov\u00e1 poh\u00e1rov\u00e1 sout\u011b\u017e na sv\u011bt\u011b, kdo by se ned\u00edval na fin\u00e1le FA Cupu? M\u00e1 v\u00edce ne\u017e stoletou tradici a v srdc\u00edch mnoha fotbalov\u00fdch fanou\u0161k\u016f zauj\u00edm\u00e1 zvl\u00e1\u0161tn\u00ed m\u00edsto. Poh\u00e1r pln\u00fd zvrat\u016f je dnes stejn\u011b romantickou pod\u00edvanou jako kdykoli p\u0159edt\u00edm. Pro p\u0159\u00edznivce fotbalu je [...]<\/p>","protected":false},"author":1,"featured_media":0,"parent":0,"menu_order":0,"comment_status":"closed","ping_status":"closed","template":"","meta":{"footnotes":""},"class_list":["post-1704","page","type-page","status-publish","hentry"],"_links":{"self":[{"href":"https:\/\/www.livefooty.net\/cs\/wp-json\/wp\/v2\/pages\/1704","targetHints":{"allow":["GET"]}}],"collection":[{"href":"https:\/\/www.livefooty.net\/cs\/wp-json\/wp\/v2\/pages"}],"about":[{"href":"https:\/\/www.livefooty.net\/cs\/wp-json\/wp\/v2\/types\/page"}],"author":[{"embeddable":true,"href":"https:\/\/www.livefooty.net\/cs\/wp-json\/wp\/v2\/users\/1"}],"replies":[{"embeddable":true,"href":"https:\/\/www.livefooty.net\/cs\/wp-json\/wp\/v2\/comments?post=1704"}],"version-history":[{"count":2,"href":"https:\/\/www.livefooty.net\/cs\/wp-json\/wp\/v2\/pages\/1704\/revisions"}],"predecessor-version":[{"id":1746,"href":"https:\/\/www.livefooty.net\/cs\/wp-json\/wp\/v2\/pages\/1704\/revisions\/1746"}],"wp:attachment":[{"href":"https:\/\/www.livefooty.net\/cs\/wp-json\/wp\/v2\/media?parent=1704"}],"curies":[{"name":"wp","href":"https:\/\/api.w.org\/{rel}","templated":true}]}}