{"id":1441,"date":"2023-09-19T18:37:41","date_gmt":"2023-09-19T18:37:41","guid":{"rendered":"https:\/\/www.livefooty.net\/?page_id=1441"},"modified":"2023-09-19T19:13:18","modified_gmt":"2023-09-19T19:13:18","slug":"europa-league-live-footy","status":"publish","type":"page","link":"https:\/\/www.livefooty.net\/cs\/europa-league-live-footy\/","title":{"rendered":"Evropsk\u00e1 liga \u017eiv\u011b Footy"},"content":{"rendered":"<p> The <b>Evropsk\u00e1 liga<\/b> je ka\u017edoro\u010dn\u00ed klubov\u00e1 fotbalov\u00e1 sout\u011b\u017e organizovan\u00e1 Uni\u00ed evropsk\u00fdch fotbalov\u00fdch asociac\u00ed (UEFA) pro druhou \u00farove\u0148 fotbalov\u00fdch klub\u016f v Evrop\u011b, existuje n\u011bkolik zp\u016fsob\u016f, jak se dostat do Evropsk\u00e9 ligy, v\u010detn\u011b neskon\u010dit v dom\u00e1c\u00ed lize dostate\u010dn\u011b vysoko, abyste se kvalifikovali pro Ligu mistr\u016f, ne\u00fasp\u011bch v p\u0159edkolech Ligy mistr\u016f nebo um\u00edst\u011bn\u00ed na 3. m\u00edst\u011b ve skupin\u011b Ligy mistr\u016f. St\u00e1le je v\u0161ak klasifikov\u00e1n jako hlavn\u00ed klubov\u00e1 trofej, kterou lze vyhr\u00e1t, p\u0159i\u010dem\u017e n\u011bkter\u00e9 z nejv\u011bt\u0161\u00edch t\u00fdm\u016f v Evrop\u011b se py\u0161n\u00ed rekordem ve druh\u00e9 vrstv\u011b evropsk\u00e9 klubov\u00e9 sout\u011b\u017ee. Jedna v\u011bc, kter\u00e1 stoj\u00ed za zm\u00ednku, je zp\u016fsob, jak\u00fdm se liga v posledn\u00ed dob\u011b roz\u0161\u00ed\u0159ila, proto\u017ee sportovn\u00ed \u0159\u00edd\u00edc\u00ed org\u00e1ny se zab\u00fdvaly v\u00edce zp\u016fsoby, jak vytla\u010dit televizn\u00ed hotovost z rukou p\u0159edplatitel\u016f a do klub\u016f. Zat\u00edmco ve \u010dtvrtek ve\u010der fotbal nen\u00ed t\u00edm, co v\u011bt\u0161ina t\u00fdm\u016f tou\u017e\u00ed po pen\u011bz\u00edch nav\u00edc, nav\u00edc se v\u017edy vyplat\u00ed vyhr\u00e1t trofej hlavn\u00edho klubu. <\/p>\n\n\n\n<!--more-->\n\n\n\n<figure class=\"wp-block-image size-full is-style-rounded\"><img decoding=\"async\" width=\"800\" height=\"489\" src=\"https:\/\/www.livefooty.net\/wp-content\/uploads\/2023\/09\/Europa-League-Footy.jpg\" alt=\"Evropsk\u00e1 liga \u017eiv\u011b Footy\" class=\"wp-image-1458\" title=\"\" srcset=\"https:\/\/www.livefooty.net\/wp-content\/uploads\/2023\/09\/Europa-League-Footy.jpg 800w, https:\/\/www.livefooty.net\/wp-content\/uploads\/2023\/09\/Europa-League-Footy-300x183.jpg 300w, https:\/\/www.livefooty.net\/wp-content\/uploads\/2023\/09\/Europa-League-Footy-768x469.jpg 768w, https:\/\/www.livefooty.net\/wp-content\/uploads\/2023\/09\/Europa-League-Footy-18x12.jpg 18w, https:\/\/www.livefooty.net\/wp-content\/uploads\/2023\/09\/Europa-League-Footy-665x406.jpg 665w, https:\/\/www.livefooty.net\/wp-content\/uploads\/2023\/09\/Europa-League-Footy-425x260.jpg 425w\" sizes=\"(max-width: 800px) 100vw, 800px\" \/><\/figure>\n\n\n\n<p>Zat\u00edmco je to mo\u017en\u00e9 <b>sledovat Evropskou ligu p\u0159es internet<\/b> v ur\u010dit\u00fdch \u010d\u00e1stech Spojen\u00e9ho kr\u00e1lovstv\u00ed, kde m\u00e1 BT Sports nyn\u00ed exkluzivn\u00ed pr\u00e1va na celou Evropskou ligu, to nebude zdaleka levn\u00e9, pokud ne\u017eijete v oblasti s p\u0159\u00edstupem k BT Broadband. Zbytek uv\u00edzl v platb\u011b za dvojit\u00fd wammy sportovn\u00edho bal\u00ed\u010dku Sky plus BT. V z\u00e1vislosti na tom, kde jinde na sv\u011bt\u011b \u017eijete, budete m\u00edt mnohem lep\u0161\u00ed online p\u0159\u00edstup k Evropsk\u00e9 lize s mnoha m\u00edsty zobrazuj\u00edc\u00edmi hry zdarma. Dokonce i ve zbytku Evropy je p\u0159\u00edstup mnohem lep\u0161\u00ed ne\u017e ten, kter\u00fd nab\u00edz\u00ed Spojen\u00e9 kr\u00e1lovstv\u00ed. <\/p>\n\n\n\n<p>[scu name=&#8221;europa-league&#8221;]<\/p>","protected":false},"excerpt":{"rendered":"<p>The Europa League is an annual club football competition organised by the Union of European Football Associations (UEFA) for the second tier of football clubs in Europe, there are several ways of being entered in to the Europa League including not finishing high enough in a domestic league to qualify for the Champions League, failing [&hellip;]<\/p>","protected":false},"author":1,"featured_media":0,"parent":0,"menu_order":0,"comment_status":"closed","ping_status":"closed","template":"","meta":{"footnotes":""},"class_list":["post-1441","page","type-page","status-publish","hentry"],"_links":{"self":[{"href":"https:\/\/www.livefooty.net\/cs\/wp-json\/wp\/v2\/pages\/1441","targetHints":{"allow":["GET"]}}],"collection":[{"href":"https:\/\/www.livefooty.net\/cs\/wp-json\/wp\/v2\/pages"}],"about":[{"href":"https:\/\/www.livefooty.net\/cs\/wp-json\/wp\/v2\/types\/page"}],"author":[{"embeddable":true,"href":"https:\/\/www.livefooty.net\/cs\/wp-json\/wp\/v2\/users\/1"}],"replies":[{"embeddable":true,"href":"https:\/\/www.livefooty.net\/cs\/wp-json\/wp\/v2\/comments?post=1441"}],"version-history":[{"count":0,"href":"https:\/\/www.livefooty.net\/cs\/wp-json\/wp\/v2\/pages\/1441\/revisions"}],"wp:attachment":[{"href":"https:\/\/www.livefooty.net\/cs\/wp-json\/wp\/v2\/media?parent=1441"}],"curies":[{"name":"wp","href":"https:\/\/api.w.org\/{rel}","templated":true}]}}