{"id":1437,"date":"2023-09-19T12:48:24","date_gmt":"2023-09-19T12:48:24","guid":{"rendered":"https:\/\/www.livefooty.net\/?page_id=1437"},"modified":"2023-09-20T08:10:04","modified_gmt":"2023-09-20T08:10:04","slug":"mistru-liga-zive-mistru-liga-fotbal","status":"publish","type":"page","link":"https:\/\/www.livefooty.net\/cs\/mistru-liga-zive-mistru-liga-fotbal\/","title":{"rendered":"Liga mistr\u016f \u2013 \u017div\u00fd fotbal Ligy mistr\u016f"},"content":{"rendered":"<p> The <b>Liga mistr\u016f UEFA<\/b> je ka\u017edoro\u010dn\u00ed klubov\u00e1 fotbalov\u00e1 sout\u011b\u017e po\u0159\u00e1dan\u00e1 Uni\u00ed evropsk\u00fdch fotbalov\u00fdch asociac\u00ed (UEFA) pro nej\u00fasp\u011b\u0161n\u011bj\u0161\u00ed fotbalov\u00e9 kluby v Evrop\u011b. Je to jedna z nejpresti\u017en\u011bj\u0161\u00edch klubov\u00fdch trofej\u00ed ve fotbale, mo\u017en\u00e1 ta nejv\u011bt\u0161\u00ed na klubov\u00e9 \u00farovni. M\u00e1 glob\u00e1ln\u00ed publikum v\u00edce ne\u017e 1 miliarda lid\u00ed (v\u011bt\u0161\u00ed ne\u017e SuperBowl) <br><\/p>\n\n\n\n<!--more-->\n\n\n\n<p> <\/p>\n\n\n\n<figure class=\"wp-block-image size-full is-style-rounded\"><img decoding=\"async\" width=\"800\" height=\"473\" src=\"https:\/\/www.livefooty.net\/wp-content\/uploads\/2023\/09\/Champions-League-Live.jpg\" alt=\"Liga mistr\u016f \u017eiv\u011b online\" class=\"wp-image-1439\" title=\"\" srcset=\"https:\/\/www.livefooty.net\/wp-content\/uploads\/2023\/09\/Champions-League-Live.jpg 800w, https:\/\/www.livefooty.net\/wp-content\/uploads\/2023\/09\/Champions-League-Live-300x177.jpg 300w, https:\/\/www.livefooty.net\/wp-content\/uploads\/2023\/09\/Champions-League-Live-768x454.jpg 768w, https:\/\/www.livefooty.net\/wp-content\/uploads\/2023\/09\/Champions-League-Live-18x12.jpg 18w, https:\/\/www.livefooty.net\/wp-content\/uploads\/2023\/09\/Champions-League-Live-665x393.jpg 665w, https:\/\/www.livefooty.net\/wp-content\/uploads\/2023\/09\/Champions-League-Live-440x260.jpg 440w\" sizes=\"(max-width: 800px) 100vw, 800px\" \/><\/figure>\n\n\n\n<p>Turnaj byl slavnostn\u011b zah\u00e1jen v sez\u00f3n\u011b 1955-1956 jako sout\u011b\u017e pro v\u00edt\u011bze evropsk\u00fdch n\u00e1rodn\u00edch fotbalov\u00fdch lig pod n\u00e1zvem Evropsk\u00fd poh\u00e1r, ale od sez\u00f3ny 1992-1993 jsou sout\u011b\u017e\u00edc\u00ed t\u00fdmy nejv\u00fd\u0161e postaven\u00fdmi t\u00fdmy Evropy a turnaj byl p\u0159ejmenov\u00e1n na <b>Liga mistr\u016f<\/b>, a\u010dkoli Liga mistr\u016f UEFA nelze zam\u011b\u0148ovat s Poh\u00e1rem UEFA, druhou nejd\u016fle\u017eit\u011bj\u0161\u00ed sout\u011b\u017e\u00ed evropsk\u00fdch klubov\u00fdch t\u00fdm\u016f. P\u0159echod ze standardn\u00edho poh\u00e1rov\u00e9ho form\u00e1tu na syst\u00e9m zalo\u017een\u00fd na lize zv\u00fd\u0161il po\u010det z\u00e1pas\u016f, kter\u00e9 ka\u017ed\u00fd t\u00fdm hraje, a tak\u00e9 v\u00fdrazn\u011b zv\u00fd\u0161il mo\u017enosti televizn\u00edho pokryt\u00ed. <br><\/p>\n\n\n\n<p>Je mo\u017en\u00e9 <b>sledovat Ligu mistr\u016f p\u0159es internet<\/b> v ur\u010dit\u00fdch \u010d\u00e1stech Spojen\u00e9ho kr\u00e1lovstv\u00ed. Spole\u010dnost BT Sports m\u00e1 nyn\u00ed exkluzivn\u00ed pr\u00e1va na v\u0161echny z\u00e1pasy Ligy mistr\u016f, co\u017e je skv\u011bl\u00e9, pokud jste z\u00e1kazn\u00edkem \u0161irokop\u00e1smov\u00e9ho p\u0159ipojen\u00ed BT, av\u0161ak existuje mnoho oblast\u00ed na Britsk\u00fdch ostrovech, kter\u00e9 tuto mo\u017enost nemaj\u00ed. Jejich jedin\u00fdm zp\u016fsobem, jak sledovat fotbal Ligy mistr\u016f, je zaplatit za bal\u00ed\u010dek BT Sports nad bal\u00ed\u010dkem Sky, p\u0159i\u010dem\u017e oba nemaj\u00ed \u017e\u00e1dn\u00e9 nab\u00eddky pro odlehl\u00e9 oblasti Spojen\u00e9ho kr\u00e1lovstv\u00ed. Prodejem t\u011bchto pr\u00e1v spole\u010dnosti BT Sport byly n\u011bkter\u00e9 oblasti Spojen\u00e9ho kr\u00e1lovstv\u00ed t\u00e9m\u011b\u0159 zcela odcizeny od toho, aby si mohly dovolit sledovat evropsk\u00fd klubov\u00fd fotbal, a proto st\u00e1le roste popularita alternativn\u00edch zdroj\u016f streamov\u00e1n\u00ed. <\/p>\n\n\n\n<p>[scu name=&#8221;champions-league&#8221;]<\/p>\n\n\n\n<h3 class=\"wp-block-heading\">Champions League Footy Gossip &amp; Views<\/h3>\n\n\n\n<p>[scu name=\"event-summary\"]<\/p>\n\n\n\n<hr class=\"wp-block-separator has-alpha-channel-opacity\"\/>\n\n\n\n<h3 class=\"wp-block-heading\">\u017div\u00e9 zpr\u00e1vy Ligy mistr\u016f<\/h3>\n\n\n\n<p>[scu name=\"rss-feed\"]<\/p>","protected":false},"excerpt":{"rendered":"<p>The UEFA Champions League is an annual club football competition organised by the Union of European Football Associations (UEFA) for the most successful football clubs in Europe. It is one of the most prestigious club trophies in football, possibly the most at club level. It has a global audience of more than 1 billion people [&hellip;]<\/p>","protected":false},"author":1,"featured_media":0,"parent":0,"menu_order":0,"comment_status":"closed","ping_status":"closed","template":"","meta":{"footnotes":""},"class_list":["post-1437","page","type-page","status-publish","hentry"],"_links":{"self":[{"href":"https:\/\/www.livefooty.net\/cs\/wp-json\/wp\/v2\/pages\/1437","targetHints":{"allow":["GET"]}}],"collection":[{"href":"https:\/\/www.livefooty.net\/cs\/wp-json\/wp\/v2\/pages"}],"about":[{"href":"https:\/\/www.livefooty.net\/cs\/wp-json\/wp\/v2\/types\/page"}],"author":[{"embeddable":true,"href":"https:\/\/www.livefooty.net\/cs\/wp-json\/wp\/v2\/users\/1"}],"replies":[{"embeddable":true,"href":"https:\/\/www.livefooty.net\/cs\/wp-json\/wp\/v2\/comments?post=1437"}],"version-history":[{"count":0,"href":"https:\/\/www.livefooty.net\/cs\/wp-json\/wp\/v2\/pages\/1437\/revisions"}],"wp:attachment":[{"href":"https:\/\/www.livefooty.net\/cs\/wp-json\/wp\/v2\/media?parent=1437"}],"curies":[{"name":"wp","href":"https:\/\/api.w.org\/{rel}","templated":true}]}}