{"id":1341,"date":"2023-08-22T09:14:43","date_gmt":"2023-08-22T09:14:43","guid":{"rendered":"https:\/\/www.livefooty.net\/?page_id=1341"},"modified":"2023-09-19T10:57:14","modified_gmt":"2023-09-19T10:57:14","slug":"live-ligue-1-football","status":"publish","type":"page","link":"https:\/\/www.livefooty.net\/cs\/live-ligue-1-football\/","title":{"rendered":"\u017div\u00e1 fotbalov\u00e1 liga 1"},"content":{"rendered":"<p> Francie m\u016f\u017ee b\u00fdt mistry sv\u011bta, ale co mo\u017en\u00e1 nev\u00edte, je, \u017ee Ligue 1 je nejvylep\u0161en\u011bj\u0161\u00ed liga v Evrop\u011b, i kdy\u017e to sami \u0159\u00edkaj\u00ed! Ligue 1, kter\u00e1 je v nejlep\u0161\u00edm p\u0159\u00edpad\u011b \u010dasto posm\u00edv\u00e1na jako v\u00fdvojov\u00e1 liga a v hor\u0161\u00edm p\u0159\u00edpad\u011b nev\u00fdznamn\u00e1, pro\u0161la t\u011b\u017ek\u00fdmi \u010dasy, kdy\u017e se zbavovala sv\u00e9 pov\u011bsti jako druho\u0159ad\u00e9 sout\u011b\u017ee, co\u017e vedlo k nelichotiv\u00e9mu popisu Farmers League (Bohu\u017eel pro francouzsk\u00fd fotbal maj\u00ed nejlep\u0161\u00ed hr\u00e1\u010di tendenci ne. dr\u017eet se tu p\u0159\u00edli\u0161 dlouho a Ligue 1 je ji\u017e dlouho uzn\u00e1v\u00e1na jako produktivn\u00ed farma pro mlad\u00e9 lidi, kte\u0159\u00ed se stanou n\u011bkter\u00fdmi z nejprominentn\u011bj\u0161\u00edch fotbalist\u016f na sv\u011bt\u011b.) Nicm\u00e9n\u011b Ligue 1 je pln\u00e1 prvot\u0159\u00eddn\u00edch klub\u016f: Paris Saint Germain, Marseille, Monako, Rennes, Lille a Nice jsou v\u0161echny lep\u0161\u00ed ne\u017e slu\u0161n\u00e9. Jedin\u00fd skute\u010dn\u00fd probl\u00e9m je, jak daleko je PSG z hlediska kupn\u00ed s\u00edly. Propast mezi PSG a zbytkem francouzsk\u00e9ho fotbalu \u010dasto vedla k tomu, \u017ee mnoz\u00ed o\u010dek\u00e1vali, \u017ee Pa\u0159\u00ed\u017ean\u00e9 vyhraj\u00ed Ligue 1 je\u0161t\u011b p\u0159ed kopnut\u00edm m\u00ed\u010de, v\u011bt\u0161inou se uk\u00e1zalo, \u017ee maj\u00ed pravdu.    <\/p>\n\n\n\n<!--more-->\n\n\n\n<p>I kdy\u017e tedy Ligue 1 zcela jist\u011b nen\u00ed ligou pro agronomy, nelze ji hodnotit jako \u00fasp\u011b\u0161nou jako sout\u011b\u017e, kdy\u017e jeden t\u00fdm dominuje. V\u011bt\u0161ina z\u00e1pas\u016f konan\u00fdch v Ligue 1 se kon\u00e1 o sobot\u00e1ch a ned\u011bl\u00edch, ale b\u011bhem sez\u00f3ny se n\u011bkolik z\u00e1pas\u016f m\u016f\u017ee konat i ve v\u0161edn\u00ed dny, ve\u010der. Douf\u00e1me, \u017ee se siln\u00fdmi financemi a ekonomick\u00fdm z\u00e1zem\u00edm v nadch\u00e1zej\u00edc\u00edch letech si Ligue 1 dok\u00e1\u017ee udr\u017eet sv\u00e9 nejlep\u0161\u00ed talenty a st\u00e1t se kvalitn\u011bj\u0161\u00ed a respektovan\u011bj\u0161\u00ed evropskou ligou. U\u017e je to dlouho, co byla Ligue 1 dominantn\u00ed silou v evropsk\u00fdch sout\u011b\u017e\u00edch, ale doufejme, \u017ee se tato situace brzy zlep\u0161\u00ed. <br><\/p>\n\n\n\n<div itemscope=\"\" itemtype=\"https:\/\/schema.org\/FAQPage\">\n\t\t<div itemscope=\"\" itemprop=\"mainEntity\" itemtype=\"https:\/\/schema.org\/Question\">\n\t\t\t<h4 itemprop=\"name\">Mohu leg\u00e1ln\u011b sledovat fotbal Ligue 1 \u017eiv\u011b online?<\/h4>\n\t\t\t<div itemscope=\"\" itemprop=\"acceptedAnswer\" itemtype=\"https:\/\/schema.org\/Answer\">\n\t\t\t\t<div itemprop=\"text\"><p>William Hill streamuje velk\u00e9 mno\u017estv\u00ed her z francouzsk\u00e9 Ligue 1, klikn\u011bte pros\u00edm na odkaz pro aktu\u00e1ln\u00ed <a href=\"\/WilliamHill-Football.php\" rel=\"nofollow noopener\" target=\"_blank\"><b>William Hill fotbalov\u00fd program<\/b><\/a>. (Plat\u00ed smluvn\u00ed podm\u00ednky, o\u010dek\u00e1vejte, \u017ee streamy budou geograficky omezeny v z\u00e1vislosti na tom, kde \u017eijete.)<\/p><\/div>\n\t\t\t<\/div>\n\t\t<\/div>\n\t\t<div itemscope=\"\" itemprop=\"mainEntity\" itemtype=\"https:\/\/schema.org\/Question\">\n\t\t\t<h4 itemprop=\"name\">Jak dobr\u00e9 jsou \u017eiv\u00e9 p\u0159enosy Ligue 1?<\/h4>\n\t\t\t<div itemscope=\"\" itemprop=\"acceptedAnswer\" itemtype=\"https:\/\/schema.org\/Answer\">\n\t\t\t\t<div itemprop=\"text\"><p>Extr\u00e9mn\u011b koukateln\u00e9, dokonce i na velk\u00e9 televizi (pokud m\u00e1te zp\u016fsob p\u0159ipojen\u00ed po\u010d\u00edta\u010de\/za\u0159\u00edzen\u00ed).<\/p><\/div>\n\t\t\t<\/div>\n\t\t<\/div>\n\t\t<div itemscope=\"\" itemprop=\"mainEntity\" itemtype=\"https:\/\/schema.org\/Question\">\n\t\t\t<h4 itemprop=\"name\">Jak je Ligue 1 konkurenceschopn\u00e1?<\/h4>\n\t\t\t<div itemscope=\"\" itemprop=\"acceptedAnswer\" itemtype=\"https:\/\/schema.org\/Answer\">\n\t\t\t\t<div itemprop=\"text\"><p>Pokud z rovnice vylou\u010d\u00edte PSG a jejich bohat\u00e9 podporovatele, pak je Ligue 1 ve skute\u010dnosti velmi konkurenceschopn\u00e1 s v\u011bt\u0161inou t\u00fdm\u016f, kter\u00e9 se mohou navz\u00e1jem porazit. Nelze v\u0161ak pop\u0159\u00edt, \u017ee s kupn\u00ed silou PSG jsou v sou\u010dasnosti o velk\u00fd krok nap\u0159ed p\u0159ed zbytkem ligy.<\/p><\/div>\n\t\t\t<\/div>\n\t\t<\/div>\n\t\t<div itemscope=\"\" itemprop=\"mainEntity\" itemtype=\"https:\/\/schema.org\/Question\">\n\t\t\t<h4 itemprop=\"name\">Mohu hazardovat v Ligue 1?<\/h4>\n\t\t\t<div itemscope=\"\" itemprop=\"acceptedAnswer\" itemtype=\"https:\/\/schema.org\/Answer\">\n\t\t\t\t<div itemprop=\"text\"><p>Rozhodn\u011b, pokud jste dost sta\u0159\u00ed na to, abyste mohli leg\u00e1ln\u011b hr\u00e1t hazardn\u00ed hry tam, kde \u017eijete. Ligue 1 je extr\u00e9mn\u011b konkurenceschopn\u00e1 (pokud ignorujete hry PSG), pokud jde o dom\u00e1c\u00ed ligy, a kurzy maj\u00ed obecn\u011b tendenci odr\u00e1\u017eet toto \u201enezn\u00e1m\u00e9\u201c mno\u017estv\u00ed. <a href=\"\/WilliamHill-Football.php\" rel=\"nofollow noopener\" target=\"_blank\">William Hill nab\u00edz\u00ed velk\u00e9 mno\u017estv\u00ed trh\u016f na z\u00e1pasy Ligue 1<\/a>.<\/p><\/div>\n\t\t\t<\/div>\n\t\t<\/div>\n\t<\/div>\n\n\n\n<p>[scu name=&#8221;ligue1&#8243;]<\/p>","protected":false},"excerpt":{"rendered":"<p>France might be world champions, but what you might not know is that Ligue 1 is the most improved league in Europe, even if they do say so themselves! Oft-derided as a development league at best and insignificant at worst, Ligue 1 has endured a hard time shedding its reputation as a second-tier competition, leading [&hellip;]<\/p>","protected":false},"author":1,"featured_media":0,"parent":0,"menu_order":0,"comment_status":"closed","ping_status":"closed","template":"","meta":{"footnotes":""},"class_list":["post-1341","page","type-page","status-publish","hentry"],"_links":{"self":[{"href":"https:\/\/www.livefooty.net\/cs\/wp-json\/wp\/v2\/pages\/1341","targetHints":{"allow":["GET"]}}],"collection":[{"href":"https:\/\/www.livefooty.net\/cs\/wp-json\/wp\/v2\/pages"}],"about":[{"href":"https:\/\/www.livefooty.net\/cs\/wp-json\/wp\/v2\/types\/page"}],"author":[{"embeddable":true,"href":"https:\/\/www.livefooty.net\/cs\/wp-json\/wp\/v2\/users\/1"}],"replies":[{"embeddable":true,"href":"https:\/\/www.livefooty.net\/cs\/wp-json\/wp\/v2\/comments?post=1341"}],"version-history":[{"count":0,"href":"https:\/\/www.livefooty.net\/cs\/wp-json\/wp\/v2\/pages\/1341\/revisions"}],"wp:attachment":[{"href":"https:\/\/www.livefooty.net\/cs\/wp-json\/wp\/v2\/media?parent=1341"}],"curies":[{"name":"wp","href":"https:\/\/api.w.org\/{rel}","templated":true}]}}