{"id":1339,"date":"2023-08-22T08:49:50","date_gmt":"2023-08-22T08:49:50","guid":{"rendered":"https:\/\/www.livefooty.net\/?page_id=1339"},"modified":"2023-09-19T10:58:44","modified_gmt":"2023-09-19T10:58:44","slug":"live-serie-a-football","status":"publish","type":"page","link":"https:\/\/www.livefooty.net\/cs\/live-serie-a-football\/","title":{"rendered":"\u017div\u00fd fotbal Serie A"},"content":{"rendered":"<p> Italsk\u00fd fotbal lze pravd\u011bpodobn\u011b pova\u017eovat za takticky nejschopn\u011bj\u0161\u00ed ze v\u0161ech. Italsk\u00fd fotbal m\u00e1 pon\u011bkud nespravedliv\u00e9 opakov\u00e1n\u00ed pro defenzivn\u00ed fotbal, \u010dasto ho h\u00e1z\u00ed p\u0159epl\u00e1can\u00fdmi u\u010denci, kte\u0159\u00ed r\u00e1di pou\u017e\u00edvaj\u00ed slovo catenaccio. Italsk\u00fd fotbal nen\u00ed zdaleka monolitick\u00fd a ti, kdo ho sleduj\u00ed, si d\u016fkladn\u011b u\u017e\u00edvaj\u00ed taktick\u00e9 bitvy mezi r\u016fzn\u00fdmi filozofiemi a hern\u00edmi styly. Italsk\u00fd fotbal u\u0161el od t\u011bch halcyonsk\u00fdch dn\u016f dlouhou cestu; dny, kdy bonafide superhv\u011bzdy jako Zinedine Zizou Zidane, Ronaldo a m\u016fj osobn\u00ed obl\u00edbenec George Moved To Man City Before It Was Cool Weah obchodovali v Juventusu, Interu a Mil\u00e1n\u011b. Jeho reputace prudce klesla a st\u00e1le lze s jistotou \u0159\u00edci, \u017ee italsk\u00fd fotbal st\u00e1le bojuje, aby se osvobodil z okov\u016f t\u00e9to trag\u00e9die. <\/p>\n\n\n\n<!--more-->\n\n\n\n<p><br><\/p>\n\n\n\n<p> Krom\u011b Premier Leagie m\u011b jako mlad\u00e9ho fotbalov\u00e9ho fanou\u0161ka nejv\u00edce zaujala italsk\u00e1 s\u00e9rie. Ka\u017ed\u00fd, kdo hr\u00e1l Football Manager v 90. letech, bude v\u011bd\u011bt, co t\u00edm mysl\u00edm, AC Mil\u00e1n, Inter Mil\u00e1n, Juventus, Weah, Zidane atd. atd. Fotbal. Pak zas\u00e1hly skand\u00e1ly, zd\u00e1lo se, \u017ee konkuren\u010dn\u00ed v\u00fdhoda opustila Serii A a \u201eProdukt\u201c byl st\u00ednem sv\u00e9ho b\u00fdval\u00e9ho j\u00e1. Opravdu douf\u00e1m, \u017ee jednoho dne se Serie A vr\u00e1t\u00ed do toho, co b\u00fdvala, do dn\u016f, kdy o La Lize nikdy nebyla ani zm\u00ednka! <br><\/p>\n\n\n\n<div itemscope=\"\" itemtype=\"https:\/\/schema.org\/FAQPage\">\n\t\t<div itemscope=\"\" itemprop=\"mainEntity\" itemtype=\"https:\/\/schema.org\/Question\">\n\t\t\t<h4 itemprop=\"name\">Mohu leg\u00e1ln\u011b sledovat fotbal Serie A Live online?<\/h4>\n\t\t\t<div itemscope=\"\" itemprop=\"acceptedAnswer\" itemtype=\"https:\/\/schema.org\/Answer\">\n\t\t\t\t<div itemprop=\"text\"><p>William Hill streamuje velk\u00e9 mno\u017estv\u00ed z\u00e1pas\u016f z nejvy\u0161\u0161\u00ed italsk\u00e9 ligy Serie A, klikn\u011bte na odkaz pro aktu\u00e1ln\u00ed <a href=\"\/WilliamHill-Football.php\" rel=\"nofollow noopener\" target=\"_blank\"><b>William Hill fotbalov\u00fd program<\/b><\/a>. (Plat\u00ed smluvn\u00ed podm\u00ednky, streamy budou v n\u011bkter\u00fdch zem\u00edch omezeny.)<\/p><\/div>\n\t\t\t<\/div>\n\t\t<\/div>\n\t\t<div itemscope=\"\" itemprop=\"mainEntity\" itemtype=\"https:\/\/schema.org\/Question\">\n\t\t\t<h4 itemprop=\"name\">Jak dobr\u00e9 jsou \u017eiv\u00e9 p\u0159enosy Serie A?<\/h4>\n\t\t\t<div itemscope=\"\" itemprop=\"acceptedAnswer\" itemtype=\"https:\/\/schema.org\/Answer\">\n\t\t\t\t<div itemprop=\"text\"><p>Extr\u00e9mn\u011b koukateln\u00e9, dokonce i na velk\u00e9 televizi (pokud m\u00e1te zp\u016fsob p\u0159ipojen\u00ed po\u010d\u00edta\u010de\/za\u0159\u00edzen\u00ed).<\/p><\/div>\n\t\t\t<\/div>\n\t\t<\/div>\n\t\t<div itemscope=\"\" itemprop=\"mainEntity\" itemtype=\"https:\/\/schema.org\/Question\">\n\t\t\t<h4 itemprop=\"name\">Jak konkurenceschopn\u00e1 je Serie A?<\/h4>\n\t\t\t<div itemscope=\"\" itemprop=\"acceptedAnswer\" itemtype=\"https:\/\/schema.org\/Answer\">\n\t\t\t\t<div itemprop=\"text\"><p>Vzhledem k tomu, \u017ee jsem na konci 80. a 90. let hodn\u011b sledoval italsk\u00fd fotbal, opravdu m\u011b to bol\u00ed, kdy\u017e to \u0159\u00edk\u00e1m, ale u\u017e nejsem tak sout\u011b\u017eiv\u00fd. S tolika pen\u011bzi, kter\u00e9 te\u010dou do Juventusu, se stal ligou Jeventusu a pak tak\u00e9 b\u011b\u017e\u00ed. Doufejme, \u017ee bude brzy obnovena do p\u0159edchoz\u00ed sl\u00e1vy!<\/p><\/div>\n\t\t\t<\/div>\n\t\t<\/div>\n\t\t<div itemscope=\"\" itemprop=\"mainEntity\" itemtype=\"https:\/\/schema.org\/Question\">\n\t\t\t<h4 itemprop=\"name\">Mohu hr\u00e1t na Serii A?<\/h4>\n\t\t\t<div itemscope=\"\" itemprop=\"acceptedAnswer\" itemtype=\"https:\/\/schema.org\/Answer\">\n\t\t\t\t<div itemprop=\"text\"><p>Rozhodn\u011b, pokud jste dost sta\u0159\u00ed na to, abyste mohli leg\u00e1ln\u011b hr\u00e1t hazardn\u00ed hry tam, kde \u017eijete. Serie A nab\u00edz\u00ed skv\u011bl\u00e9 kurzy na mnoho z\u00e1pas\u016f, pokud z rovnice vylou\u010d\u00edte Juve, je to dobr\u00e1 liga, na kterou se d\u00e1 s\u00e1zet, a kurzy obecn\u011b maj\u00ed tendenci odr\u00e1\u017eet tuto \u201enezn\u00e1mou\u201c kvantitu, zvl\u00e1\u0161t\u011b kdy\u017e mezi sebou hraje 5-6 t\u00fdm\u016f pod Juventusem. <a href=\"\/WilliamHill-Football.php\" rel=\"nofollow noopener\" target=\"_blank\">William Hill nab\u00edz\u00ed velk\u00e9 mno\u017estv\u00ed trh\u016f na z\u00e1pasy Serie A<\/a>.<\/p><\/div>\n\t\t\t<\/div>\n\t\t<\/div>\n\t<\/div>\n\n\n\n<p>[scu name=&#8221;serie-a&#8221;]<\/p>","protected":false},"excerpt":{"rendered":"<p>Italian football can probably be seen as the most tactically competent of them all. Italian football has a somewhat unfair repetition for defensive football, often thrown around by overpaid pundits who love to use the word catenaccio. Italian football is far from monolithic, and those who watch it thoroughly enjoy the tactical battles between different [&hellip;]<\/p>","protected":false},"author":1,"featured_media":0,"parent":0,"menu_order":0,"comment_status":"closed","ping_status":"closed","template":"","meta":{"footnotes":""},"class_list":["post-1339","page","type-page","status-publish","hentry"],"_links":{"self":[{"href":"https:\/\/www.livefooty.net\/cs\/wp-json\/wp\/v2\/pages\/1339","targetHints":{"allow":["GET"]}}],"collection":[{"href":"https:\/\/www.livefooty.net\/cs\/wp-json\/wp\/v2\/pages"}],"about":[{"href":"https:\/\/www.livefooty.net\/cs\/wp-json\/wp\/v2\/types\/page"}],"author":[{"embeddable":true,"href":"https:\/\/www.livefooty.net\/cs\/wp-json\/wp\/v2\/users\/1"}],"replies":[{"embeddable":true,"href":"https:\/\/www.livefooty.net\/cs\/wp-json\/wp\/v2\/comments?post=1339"}],"version-history":[{"count":0,"href":"https:\/\/www.livefooty.net\/cs\/wp-json\/wp\/v2\/pages\/1339\/revisions"}],"wp:attachment":[{"href":"https:\/\/www.livefooty.net\/cs\/wp-json\/wp\/v2\/media?parent=1339"}],"curies":[{"name":"wp","href":"https:\/\/api.w.org\/{rel}","templated":true}]}}