{"id":1333,"date":"2023-08-22T08:08:27","date_gmt":"2023-08-22T08:08:27","guid":{"rendered":"https:\/\/www.livefooty.net\/?page_id=1333"},"modified":"2023-09-19T10:58:12","modified_gmt":"2023-09-19T10:58:12","slug":"live-primera-divize-fotbal","status":"publish","type":"page","link":"https:\/\/www.livefooty.net\/cs\/live-primera-divize-fotbal\/","title":{"rendered":"\u017div\u00fd fotbal Primera Division"},"content":{"rendered":"<p> \u0160pan\u011blsk\u00e1 Primera Division, obecn\u011b zn\u00e1m\u00e1 jako La Liga, je nejvy\u0161\u0161\u00ed \u00farovn\u00ed \u0161pan\u011blsk\u00e9ho fotbalu.  V posledn\u00edch n\u011bkolika desetilet\u00edch je \u010dist\u011b na evropsk\u00e9 \u00farovni v\u0161eobecn\u011b pova\u017eov\u00e1na za nejlep\u0161\u00ed \"\u010dist\u011b fotbalovou\" ligu na sv\u011bt\u011b.  Mo\u017en\u00e1 ne z hlediska vzru\u0161en\u00ed nebo p\u0159ekvapiv\u00fdch v\u00fdsledk\u016f, ale rozhodn\u011b pro kvalitu p\u0159edv\u00e1d\u011bn\u00e9ho fotbalu.  Samotn\u00e9 lize dominuj\u00ed dva t\u00fdmy, ka\u017ed\u00fd ur\u010dit\u011b sly\u0161el o Barcelon\u011b a Realu Madrid, \u017ee?  Za nimi je mal\u00e1 skupina t\u00fdm\u016f v\u010detn\u011b Sevilly a Atletica Madrid, kter\u00e9 ob\u010das vyrukuj\u00ed s n\u011bjak\u00fdm p\u0159ekvapen\u00edm, a pod nimi jsou tak\u00e9 celky.  \u0160pan\u011blsk\u00fd fotbal, a zejm\u00e9na La Liga, m\u00e1 obrovskou sledovanost po cel\u00e9m sv\u011bt\u011b a \u010dasto p\u0159itahuje nejlep\u0161\u00ed hr\u00e1\u010de z ka\u017ed\u00e9ho kontinentu. <b>Fotbal Primera Division m\u016f\u017eete sledovat \u017eiv\u011b online z mnoha zem\u00ed.<\/b>    <\/p>\n\n\n\n<!--more-->\n\n\n\n<p> Primera Division b\u00fdvala schopna vyhl\u00e1sit nejlep\u0161\u00ed 2 hr\u00e1\u010de na sv\u011bt\u011b, Messiho a Ronalda. Ale s t\u00edm, jak se Ronaldo p\u0159est\u011bhoval, aby zkusil svou ruku v It\u00e1lii, se v\u0161e zm\u011bnilo, stejn\u011b jako \u0161t\u011bst\u00ed Realu Madrid. Barcelona inspirovan\u00e1 Messim je obrovskou p\u0159ek\u00e1\u017ekou, kterou mus\u00ed p\u0159ekonat jak\u00fdkoli fotbalov\u00fd t\u00fdm, a Real Madrid se s n\u00ed m\u016f\u017ee jen pot\u00fdkat, dokud se nenajdou dal\u0161\u00ed posily sv\u011btov\u00e9 t\u0159\u00eddy. <br><\/p>\n\n\n\n<div itemscope=\"\" itemtype=\"https:\/\/schema.org\/FAQPage\">\n\t\t<div itemscope=\"\" itemprop=\"mainEntity\" itemtype=\"https:\/\/schema.org\/Question\">\n\t\t\t<h4 itemprop=\"name\">Mohu leg\u00e1ln\u011b sledovat \u0161pan\u011blskou Primera Division \u017eiv\u011b online?<\/h4>\n\t\t\t<div itemscope=\"\" itemprop=\"acceptedAnswer\" itemtype=\"https:\/\/schema.org\/Answer\">\n\t\t\t\t<div itemprop=\"text\"><p>William Hill streamuje velk\u00e9 mno\u017estv\u00ed her z Primera Division, klikn\u011bte na odkaz pro aktu\u00e1ln\u00ed <a href=\"\/WilliamHill-Football.php\" rel=\"nofollow noopener\" target=\"_blank\"><b>William Hill fotbalov\u00fd program<\/b><\/a>. (Plat\u00ed smluvn\u00ed podm\u00ednky, streamy budou geograficky omezeny)<\/p><\/div>\n\t\t\t<\/div>\n\t\t<\/div>\n\t\t<div itemscope=\"\" itemprop=\"mainEntity\" itemtype=\"https:\/\/schema.org\/Question\">\n\t\t\t<h4 itemprop=\"name\">Jak dobr\u00e9 jsou \u017eiv\u00e9 p\u0159enosy Primera Division?<\/h4>\n\t\t\t<div itemscope=\"\" itemprop=\"acceptedAnswer\" itemtype=\"https:\/\/schema.org\/Answer\">\n\t\t\t\t<div itemprop=\"text\"><p>Extr\u00e9mn\u011b koukateln\u00e9, dokonce i na velk\u00e9 televizi (pokud m\u00e1te zp\u016fsob p\u0159ipojen\u00ed po\u010d\u00edta\u010de\/za\u0159\u00edzen\u00ed).<\/p><\/div>\n\t\t\t<\/div>\n\t\t<\/div>\n\t\t<div itemscope=\"\" itemprop=\"mainEntity\" itemtype=\"https:\/\/schema.org\/Question\">\n\t\t\t<h4 itemprop=\"name\">Jak konkurenceschopn\u00e1 je Primera Division?<\/h4>\n\t\t\t<div itemscope=\"\" itemprop=\"acceptedAnswer\" itemtype=\"https:\/\/schema.org\/Answer\">\n\t\t\t\t<div itemprop=\"text\"><p>Pokud fand\u00edte Barcelon\u011b nebo Realu Madrid, pak velmi! Pro neutr\u00e1ln\u00ed hr\u00e1\u010de v\u0161ak liga nen\u00ed pova\u017eov\u00e1na za nejlep\u0161\u00ed, zat\u00edmco kvalita p\u0159edv\u00e1d\u011bn\u00e9ho fotbalu je bezpochyby p\u0159edv\u00eddatelnost, kter\u00e1 dokonce vedla k tomu, \u017ee i n\u011bkte\u0159\u00ed z jej\u00edch nejv\u011bt\u0161\u00edch hr\u00e1\u010d\u016f ozna\u010dili ligu za \u201enudnou\u201c.<\/p><\/div>\n\t\t\t<\/div>\n\t\t<\/div>\n\t\t<div itemscope=\"\" itemprop=\"mainEntity\" itemtype=\"https:\/\/schema.org\/Question\">\n\t\t\t<h4 itemprop=\"name\">Mohu s\u00e1zet na Primera Division?<\/h4>\n\t\t\t<div itemscope=\"\" itemprop=\"acceptedAnswer\" itemtype=\"https:\/\/schema.org\/Answer\">\n\t\t\t\t<div itemprop=\"text\"><p>Rozhodn\u011b, pokud jste dost sta\u0159\u00ed na to, abyste mohli leg\u00e1ln\u011b hr\u00e1t hazardn\u00ed hry tam, kde \u017eijete. Nicm\u00e9n\u011b Primera Division nem\u00e1 tendenci p\u0159in\u00e1\u0161et mnoho p\u0159ekvapen\u00ed, pokud jde o nejlep\u0161\u00ed t\u00fdmy, tak\u017ee neo\u010dek\u00e1vejte \u017e\u00e1dn\u00e9 skv\u011bl\u00e9 kurzy. To bylo \u0159e\u010deno <a href=\"\/WilliamHill-Football.php\" rel=\"nofollow noopener\" target=\"_blank\">William Hill nab\u00edz\u00ed velk\u00e9 mno\u017estv\u00ed trh\u016f na z\u00e1pasy Primera Division<\/a>.<\/p><\/div>\n\t\t\t<\/div>\n\t\t<\/div>\n\t<\/div>\n\n\n\n<p>[scu name=&#8221;primera-division&#8221;]<\/p>","protected":false},"excerpt":{"rendered":"<p>Spain&#8217;s Primera Division, commonly known as La Liga is the top tier in Spanish football. Over the past couple of decades purely on European level achievement it is widely regarded as the best &#8220;pure football&#8221; league in the world. Maybe not in terms of excitement or surprise results but definitely for the quality of the [&hellip;]<\/p>","protected":false},"author":1,"featured_media":0,"parent":0,"menu_order":0,"comment_status":"closed","ping_status":"closed","template":"","meta":{"footnotes":""},"class_list":["post-1333","page","type-page","status-publish","hentry"],"_links":{"self":[{"href":"https:\/\/www.livefooty.net\/cs\/wp-json\/wp\/v2\/pages\/1333","targetHints":{"allow":["GET"]}}],"collection":[{"href":"https:\/\/www.livefooty.net\/cs\/wp-json\/wp\/v2\/pages"}],"about":[{"href":"https:\/\/www.livefooty.net\/cs\/wp-json\/wp\/v2\/types\/page"}],"author":[{"embeddable":true,"href":"https:\/\/www.livefooty.net\/cs\/wp-json\/wp\/v2\/users\/1"}],"replies":[{"embeddable":true,"href":"https:\/\/www.livefooty.net\/cs\/wp-json\/wp\/v2\/comments?post=1333"}],"version-history":[{"count":0,"href":"https:\/\/www.livefooty.net\/cs\/wp-json\/wp\/v2\/pages\/1333\/revisions"}],"wp:attachment":[{"href":"https:\/\/www.livefooty.net\/cs\/wp-json\/wp\/v2\/media?parent=1333"}],"curies":[{"name":"wp","href":"https:\/\/api.w.org\/{rel}","templated":true}]}}