{"id":1260,"date":"2023-08-18T08:28:30","date_gmt":"2023-08-18T08:28:30","guid":{"rendered":"https:\/\/www.livefooty.net\/?page_id=1260"},"modified":"2023-09-19T10:55:07","modified_gmt":"2023-09-19T10:55:07","slug":"pravni","status":"publish","type":"page","link":"https:\/\/www.livefooty.net\/cs\/pravni\/","title":{"rendered":"Pr\u00e1vn\u00ed"},"content":{"rendered":"<h2 class=\"wp-block-heading\">Upozorn\u011bn\u00ed na \u00fadajn\u00fd nez\u00e1konn\u00fd obsah<\/h2>\n\n\n\n<p> Webov\u00e9 str\u00e1nky livefooty.net jsou jednodu\u0161e online zdrojem informac\u00ed t\u00fdkaj\u00edc\u00edch se v\u0161ech aspekt\u016f sportu, jsme p\u0159edev\u0161\u00edm sportovn\u00ed fanou\u0161ci, kte\u0159\u00ed r\u00e1di p\u00ed\u0161\u00ed o sportu.  Obsah na\u0161ich webov\u00fdch str\u00e1nek poch\u00e1z\u00ed od \u0159ady autor\u016f a ze zdroj\u016f dat t\u0159et\u00edch stran, mezi zdroje dat pat\u0159\u00ed mimo jin\u00e9 football-api.com a Bet365 Live Odds Feed.  Neposkytujeme \u017e\u00e1dn\u00e9 z\u00e1ruky, a\u0165 u\u017e implicitn\u00ed nebo explicitn\u00ed, pokud jde o p\u0159esnost informac\u00ed obsa\u017een\u00fdch na livefooty.net N\u011bkter\u00e9 z t\u011bchto informac\u00ed mohou obsahovat odkazy na obsah um\u00edst\u011bn\u00fd na serverech t\u0159et\u00edch stran. livefooty.net nehost\u00ed ani nep\u0159en\u00e1\u0161\u00ed \u017e\u00e1dn\u00fd audiovizu\u00e1ln\u00ed obsah, v\u011bdom\u011b nevkl\u00e1d\u00e1 neleg\u00e1ln\u00ed audiovizu\u00e1ln\u00ed obsah , ani p\u0159\u00edmo neodkazuje na zdroje audiovizu\u00e1ln\u00edho obsahu t\u0159et\u00edch stran a nekontroluje ani neovliv\u0148uje takov\u00fd obsah. livefooty.net nem\u016f\u017ee p\u0159ijmout \u017e\u00e1dnou odpov\u011bdnost za obsah p\u0159en\u00e1\u0161en\u00fd jin\u00fdmi subjekty. Ve\u0161kerou odpov\u011bdnost za tento obsah nesou ti, kte\u0159\u00ed jej hostuj\u00ed nebo p\u0159en\u00e1\u0161ej\u00ed. Stejn\u011b tak nem\u016f\u017ee livefooty.net p\u0159evz\u00edt odpov\u011bdnost za n\u00e1v\u0161t\u011bvn\u00edky webov\u00fdch str\u00e1nek livefooty.net. Je odpov\u011bdnost\u00ed ka\u017ed\u00e9ho jednotliv\u00e9ho n\u00e1v\u0161t\u011bvn\u00edka, aby se ujistil, \u017ee zcela dodr\u017euje sv\u00e9 vlastn\u00ed m\u00edstn\u00ed, n\u00e1rodn\u00ed nebo st\u00e1tn\u00ed z\u00e1kony. <\/p>\n\n\n\n<!--more-->\n\n\n\n<p>\nP\u0159esto\u017ee livefooty.net nem\u016f\u017ee aktivn\u011b monitorovat obsah p\u0159en\u00e1\u0161en\u00fd prost\u0159ednictv\u00edm webov\u00fdch str\u00e1nek t\u0159et\u00edch stran ani za n\u011bj p\u0159evz\u00edt odpov\u011bdnost, je po obdr\u017een\u00ed \u0159\u00e1dn\u00e9ho upozorn\u011bn\u00ed ochotna podniknout kroky k odstran\u011bn\u00ed odkaz\u016f na nez\u00e1konn\u00fd obsah nebo nez\u00e1konn\u011b vlo\u017een\u00fd obsah. livefooty.net odstran\u00ed ve\u0161ker\u00e9 odkazy na neleg\u00e1ln\u00ed obsah ze sv\u00fdch webov\u00fdch str\u00e1nek za p\u0159edpokladu, \u017ee byly poskytnuty n\u00e1sleduj\u00edc\u00ed informace:-\n<\/p>\n\n\n\n<p>\n1. Toto\u017enost obsahu, o kter\u00e9m tvrd\u00edte, \u017ee je nez\u00e1konn\u00fd, a d\u016fvody nez\u00e1konnosti. P\u0159\u00edklady nez\u00e1konn\u00e9ho obsahu jsou, bez omezen\u00ed: ur\u00e1\u017eliv\u00fd, pomlouva\u010dn\u00fd nebo ur\u00e1\u017eliv\u00fd jazyk, nez\u00e1konn\u00e9 publikace, poru\u0161ov\u00e1n\u00ed soukrom\u00ed nebo mor\u00e1ln\u00edch pr\u00e1v, poru\u0161ov\u00e1n\u00ed pr\u00e1v du\u0161evn\u00edho vlastnictv\u00ed, p\u0159enos obchodn\u00edch tajemstv\u00ed, know-how nebo jinak tajn\u00fdch informac\u00ed, sexu\u00e1ln\u00ed nebo zneu\u017e\u00edv\u00e1n\u00ed d\u011bt\u00ed nebo jinak nez\u00e1konn\u00e9 informace;\n<br>\n2. Identifikace um\u00edst\u011bn\u00ed obsahu, o kter\u00e9m tvrd\u00edte, \u017ee je nez\u00e1konn\u00fd, v\u010detn\u011b minim\u00e1ln\u011b p\u0159esn\u00e9 adresy URL webov\u00e9 str\u00e1nky, data a \u010dasu, kdy jste \u00fadajn\u00fd nez\u00e1konn\u00fd obsah identifikovali, a sn\u00edmku obrazovky webov\u00e9 str\u00e1nky zobrazuj\u00edc\u00ed \u00fadajn\u00fd nez\u00e1konn\u00fd obsah ;\n<br>\n3. Identifikace um\u00edst\u011bn\u00ed odkazu na obsah, o kter\u00e9m tvrd\u00edte, \u017ee je nez\u00e1konn\u00fd, v\u010detn\u011b minim\u00e1ln\u011b p\u0159esn\u00e9 adresy URL webov\u00e9 str\u00e1nky, na kter\u00e9 je odkaz zobrazen, a data a \u010dasu, kdy jste odkaz na \u00fadajn\u00fd nez\u00e1konn\u00fd obsah identifikovali ;\n<br>\n4. Va\u0161e kontaktn\u00ed \u00fadaje\n<br>\n5. Prohl\u00e1\u0161en\u00ed, ve kter\u00e9m prohla\u0161ujete:\n<br><br>\n    * \u017ee jste v dobr\u00e9 v\u00ed\u0159e p\u0159esv\u011bd\u010deni, \u017ee sporn\u00e9 pou\u017eit\u00ed obsahu nen\u00ed povoleno vlastn\u00edkem nebo jeho z\u00e1stupcem;\n<br>\n    * \u017ee sporn\u00e9 pou\u017eit\u00ed nen\u00ed povoleno z\u00e1konem;\n<br>\n    * \u017ee jste vyzvali vlastn\u00edka webov\u00e9 str\u00e1nky, kter\u00e1 \u00fadajn\u011b host\u00ed, poskytuje nebo p\u0159en\u00e1\u0161\u00ed nez\u00e1konn\u00fd obsah, aby ukon\u010dil svou nez\u00e1konnou \u010dinnost, nebo, pokud to nen\u00ed mo\u017en\u00e9, pro\u010d jste nemohli kontaktovat p\u0159\u00edmo uveden\u00e9ho vlastn\u00edka; \n<br>\n    * informace v ozn\u00e1men\u00ed jsou p\u0159esn\u00e9 a pod hrozbou trestu za k\u0159ivou p\u0159\u00edsahu, \u017ee jste opr\u00e1vn\u011bni jednat jm\u00e9nem vlastn\u00edka pr\u00e1v, kter\u00e9 je \u00fadajn\u011b poru\u0161eno nebo jinak zneu\u017eito;\n<br>\n    * \u017ee od\u0161kodn\u00edte livefooty.net, v\u0161echny jeho p\u0159idru\u017een\u00e9 spole\u010dnosti a jejich a jejich p\u0159\u00edslu\u0161n\u00e9 funkcion\u00e1\u0159e, \u0159editele, zam\u011bstnance, z\u00e1stupce a n\u00e1stupce ze v\u0161ech n\u00e1rok\u016f, ztr\u00e1t, n\u00e1klad\u016f a v\u00fddaj\u016f, \u0161kod, pokut a z\u00e1vazk\u016f vznikl\u00fdch livefooty.net v d\u016fsledku toho ozn\u00e1men\u00ed; a\n<br>\n    * souhlas\u00edte s t\u00edm, \u017ee ozn\u00e1men\u00ed, jako\u017e i v\u0161echny spory vypl\u00fdvaj\u00edc\u00ed z n\u011bj nebo v souvislosti s n\u00edm, se budou \u0159\u00eddit z\u00e1kony Isle of Man.\n<br><\/p>\n\n\n\n<p> Po obdr\u017een\u00ed ozn\u00e1men\u00ed, kter\u00e9 je v souladu s v\u00fd\u0161e uveden\u00fdm, livefooty.net neprodlen\u011b odstran\u00ed identifikovan\u00fd odkaz ze sv\u00fdch webov\u00fdch str\u00e1nek. Jak\u00e1koli takov\u00e1 ozn\u00e1men\u00ed zas\u00edlejte na e-mailovou adresu:  <br> <b>info@livefooty.net<\/b> <br> <\/p>\n\n\n\n<p>\n<b>Co kdy\u017e je probl\u00e9m s obsahem bez odkazu (tj. text\/obr\u00e1zek) obsa\u017een\u00fd na str\u00e1nce na livefooty.net?<\/b> \u2013 Pokud m\u00e1te jak\u00fdkoli probl\u00e9m t\u00fdkaj\u00edc\u00ed se jak\u00e9hokoli obsahu na webov\u00fdch str\u00e1nk\u00e1ch livefooty.net, DEJTE N\u00c1M V\u011aD\u011aT (info@livefooty.net). Bu\u010f v\u00e1m vysv\u011btl\u00edme, pro\u010d pova\u017eujeme obsah za v po\u0159\u00e1dku, nebo pokud souhlas\u00edme s va\u0161\u00edm stanoviskem, obsah podle pot\u0159eby uprav\u00edme\/odstran\u00edme.\n<br><\/p>\n\n\n\n<p> Posledn\u00ed aktualizace 18\/08\/2023 <\/p>","protected":false},"excerpt":{"rendered":"<p>Notifications Of Alleged Illegal Content The website livefooty.net is simply an online information source relating to all aspects of sport, we are primarily sports fans who like to write about sport. The content for our website comes from a number of writers and 3rd party data sources, data sources include but are not limited to [&hellip;]<\/p>","protected":false},"author":1,"featured_media":0,"parent":0,"menu_order":0,"comment_status":"closed","ping_status":"closed","template":"","meta":{"footnotes":""},"class_list":["post-1260","page","type-page","status-publish","hentry"],"_links":{"self":[{"href":"https:\/\/www.livefooty.net\/cs\/wp-json\/wp\/v2\/pages\/1260","targetHints":{"allow":["GET"]}}],"collection":[{"href":"https:\/\/www.livefooty.net\/cs\/wp-json\/wp\/v2\/pages"}],"about":[{"href":"https:\/\/www.livefooty.net\/cs\/wp-json\/wp\/v2\/types\/page"}],"author":[{"embeddable":true,"href":"https:\/\/www.livefooty.net\/cs\/wp-json\/wp\/v2\/users\/1"}],"replies":[{"embeddable":true,"href":"https:\/\/www.livefooty.net\/cs\/wp-json\/wp\/v2\/comments?post=1260"}],"version-history":[{"count":0,"href":"https:\/\/www.livefooty.net\/cs\/wp-json\/wp\/v2\/pages\/1260\/revisions"}],"wp:attachment":[{"href":"https:\/\/www.livefooty.net\/cs\/wp-json\/wp\/v2\/media?parent=1260"}],"curies":[{"name":"wp","href":"https:\/\/api.w.org\/{rel}","templated":true}]}}