{"id":1225,"date":"2023-08-06T11:06:55","date_gmt":"2023-08-06T11:06:55","guid":{"rendered":"https:\/\/www.livefooty.net\/?page_id=1225"},"modified":"2023-09-19T10:56:48","modified_gmt":"2023-09-19T10:56:48","slug":"zive-dostihy-online-zive-streamy","status":"publish","type":"page","link":"https:\/\/www.livefooty.net\/cs\/zive-dostihy-online-zive-streamy\/","title":{"rendered":"\u017div\u00e9 ko\u0148sk\u00e9 dostihy online \u2013 \u017eiv\u00e9 p\u0159enosy"},"content":{"rendered":"<h2 class=\"wp-block-heading\">\u017div\u00e9 dostihy online \u2013 rozpis dostih\u016f<\/h2>\n\n\n\n<center>\n<b><a href=\"\/WilliamHill.php\" rel=\"nofollow\" onclick=\"window.open('https:\/\/sports.williamhill.com\/betting\/en-gb\/horse-racing\/meetings')\">Sledujte \u017eiv\u011b online ko\u0148sk\u00e9 dostihy!<\/a><\/b>\n<\/center>\n\n\n\n<p> <b>Ko\u0148sk\u00e9 dostihy<\/b> je jedn\u00edm z nejstar\u0161\u00edch sport\u016f na sv\u011bt\u011b, jeho\u017e ko\u0159eny sahaj\u00ed a\u017e do \u0159\u00edmsk\u00fdch dob a z\u00e1vod\u016f vozataj\u016f.  V modern\u00ed dob\u011b je jen velmi m\u00e1lo zem\u00ed, kter\u00e9 nemaj\u00ed v\u00fdznamnou dostihovou ud\u00e1lost, je\u017e by zaujala \u0161irokou ve\u0159ejnost.  Mezi nejzn\u00e1m\u011bj\u0161\u00ed dostihy a ud\u00e1losti pat\u0159\u00ed nap\u0159. <b>Velk\u00e1 n\u00e1rodn\u00ed<\/b>, <b>Kentucky Derby<\/b>, <b>Belmont Stakes<\/b>, <b>Prix de l&#039;Arc de Triomphe<\/b>, <b>Kr\u00e1lovsk\u00fd Ascot<\/b>, <b>Irsk\u00e1 Velk\u00e1 n\u00e1rodn\u00ed<\/b>, <b>Sv\u011btov\u00fd poh\u00e1r v Dubaji<\/b> a <b>Melbourne Cup<\/b>. Samoz\u0159ejm\u011b je jich mnohem v\u00edc, to je jen v\u00fd\u010det z hlavy. <\/p>\n\n\n\n<!--more-->\n\n\n\n<p>\n\tKo\u0148sk\u00e9 dostihy byly v\u017edy synonymem pro hazardn\u00ed hry a pr\u00e1v\u011b hazardn\u00ed hry byly v pr\u016fb\u011bhu let hnac\u00edm motorem ko\u0148sk\u00fdch dostih\u016f. Krom\u011b t\u011bchto opravdu zn\u00e1m\u00fdch dostih\u016f se ka\u017ed\u00fd den konaj\u00ed des\u00edtky ko\u0148sk\u00fdch dostih\u016f po cel\u00e9m sv\u011bt\u011b. Dostihy jsou odv\u011btv\u00edm, kter\u00e9 pumpuje miliony do ekonomik mnoha zem\u00ed, a dokonce existuj\u00ed profesion\u00e1ln\u00ed hr\u00e1\u010di, kte\u0159\u00ed se mohou hran\u00edm na ko\u0148sk\u00fdch dostiz\u00edch \u017eivit na pln\u00fd \u00favazek. Na druh\u00e9 stran\u011b si mnoho lid\u00ed prost\u011b u\u017e\u00edv\u00e1 v\u00fdzvu pokusit se p\u0159edpov\u011bd\u011bt v\u00edt\u011bze na z\u00e1klad\u011b studia statistik b\u011b\u017ec\u016f. A\u0165 u\u017e jste jednou ro\u010dn\u011b s\u00e1zej\u00edc\u00ed 5 \u00a3 nebo profesion\u00e1ln\u00ed hr\u00e1\u010d, skute\u010dn\u00fd po\u017eitek je ze sledov\u00e1n\u00ed z\u00e1vodu \u017eiv\u011b. Pot\u00ed\u017e je v tom, \u017ee mnoho z t\u011bchto Dostih\u016f prob\u00edh\u00e1 v dob\u011b, kdy lid\u00e9 nemaj\u00ed mo\u017enost je sledovat, bu\u010f to, nebo vy\u017eaduj\u00ed drah\u00e9 televizn\u00ed p\u0159edplatn\u00e9. S ohledem na to jsme sestavili seznam <b>Ko\u0148sk\u00e9 dostihy, kter\u00e9 jsou vys\u00edl\u00e1ny \u017eiv\u011b online<\/b>.\n\t<br><\/p>\n\n\n\n<h2 class=\"wp-block-heading\">\n\tDne\u0161n\u00ed \u017eiv\u00fd rozpis ko\u0148sk\u00fdch dostih\u016f\n\t<\/h2>\n\n\n\n<p> V\u0161echny <b>dostihy<\/b> n\u00ed\u017ee bude \u017eiv\u011b p\u0159en\u00e1\u0161en online ve form\u00e1tu, kter\u00fd lze zobrazit na po\u010d\u00edta\u010d\u00edch Mac i PC. Chcete-li se p\u0159ihl\u00e1sit ke sledov\u00e1n\u00ed n\u011bkter\u00e9ho z t\u011bchto z\u00e1vod\u016f \u017eiv\u011b, pros\u00edm <a onclick=\"window.open('https:\/\/sports.williamhill.com\/betting\/en-gb\/horse-racing\/meetings')\" href=\"\/WilliamHill.php\" rel=\"nofollow\">Klikn\u011bte zde<\/a>. <\/p>\n\n\n\n<p>[scu name=&#8221;betfair-racing&#8221;]<br><\/p>\n\n\n\n<h2 class=\"wp-block-heading\">3 nejd\u016fle\u017eit\u011bj\u0161\u00ed ko\u0148sk\u00e9 dostihy ve Velk\u00e9 Brit\u00e1nii<\/h2>\n\n\n\n<h2 class=\"wp-block-heading\">Velk\u00e1 n\u00e1rodn\u00ed<\/h2>\n\n\n\n<p> Pokud jde o prize money, <b>Grand National je nejcenn\u011bj\u0161\u00ed dostih National Hunt ve Spojen\u00e9m kr\u00e1lovstv\u00ed<\/b>. B\u011bh na vzd\u00e1lenost 4 m\u00edle 856 yard\u016f, pokr\u00fdvaj\u00edc\u00ed 2 okruhy <a href=\"https:\/\/www.livefooty.net\/cs\/aintree-konske-dostihy\/\" title=\"\">N\u00e1rodn\u00ed z\u00e1vodi\u0161t\u011b Aintree<\/a>, zalo\u017eil ji William Philip Molyneux, kter\u00fd vlastnil pozemek v Aintree v Liverpoolu, a i kdy\u017e existuje ur\u010dit\u00e1 historick\u00e1 debata o tom, kdy se skute\u010dn\u011b konal prvn\u00ed velk\u00fd n\u00e1rodn\u00ed z\u00e1vod, n\u00e1zor se ust\u00e1lil na roce 1836, i kdy\u017e roky 1836-1838 se neobjevuj\u00ed v knih\u00e1ch rekord\u016f, proto\u017ee se p\u016fvodn\u011b v\u011b\u0159ilo, \u017ee z\u00e1vody v letech 1837 a 1838 se konaly jinde. <br><\/p>\n\n\n\n<p>\nV roce 1839 se odehr\u00e1lo n\u011bkolik pozoruhodn\u00fdch ud\u00e1lost\u00ed, kter\u00e9 p\u0159isp\u011bly k tomu, \u017ee tato rasa byla vid\u011bna v celon\u00e1rodn\u011b d\u016fle\u017eit\u011bj\u0161\u00edm sv\u011btle. Great Saint Alban&#039;s Chase, kter\u00e1 se p\u0159edt\u00edm konala v den, kter\u00fd se st\u0159et\u00e1val se sch\u016fzkou v Aintree, nebyla po roce 1838 obnovena, tak\u017ee v kalend\u00e1\u0159i dostih\u016f z\u016fstalo datum, kter\u00e9 bylo t\u0159eba vyplnit. V t\u00e9 dob\u011b dorazily do Liverpoolu n\u00e1rodn\u00ed \u017eeleznice, kter\u00e9 usnadnily za\u0159izov\u00e1n\u00ed dopravy a logistiky a umo\u017enily cestov\u00e1n\u00ed na sch\u016fzky a ze sch\u016fz\u00ed po cel\u00e9 zemi, a toho roku byl vytvo\u0159en v\u00fdbor, kter\u00fd m\u011bl l\u00e9pe organizovat a propagovat z\u00e1vody v Aintree. S p\u0159\u00edchodem n\u00e1rodn\u00ed pozornosti a publicity z\u00e1vod rychle p\u0159il\u00e1kal v\u011bt\u0161\u00ed pole kvalitn\u00edch kon\u00ed a jezdc\u016f a pozornost m\u00e9di\u00ed povzbudila k \u00fa\u010dasti v\u011bt\u0161\u00edho po\u010dtu. Proto se rok 1839 stal prvn\u00ed ofici\u00e1ln\u00ed Velkou n\u00e1rodn\u00ed.\n<br><\/p>\n\n\n\n<p>\nDnes je tento z\u00e1vod neuv\u011b\u0159iteln\u011b popul\u00e1rn\u00ed mezi t\u011bmi, kte\u0159\u00ed by jinak nikdy nevsadili na \u017e\u00e1dnou jinou sportovn\u00ed ud\u00e1lost, a vybudoval si pov\u011bst vzru\u0161en\u00ed a nebezpe\u010d\u00ed, kter\u00e1 byla zv\u011b\u010dn\u011bna ve filmech \u201eN\u00e1rodn\u00ed samet\u201c a \u201e\u0160ampioni\u201c. Legend\u00e1rn\u00ed jm\u00e9na jdou ruku v ruce s histori\u00ed <b>Velk\u00e1 n\u00e1rodn\u00ed<\/b>, nic v\u00edc ne\u017e Red Rum, jedin\u00fd k\u016f\u0148, kter\u00fd kdy vyhr\u00e1l dostih 3x. Po jeho smrti bylo velk\u00e9 zv\u00ed\u0159e polo\u017eeno k odpo\u010dinku vedle c\u00edlov\u00e9ho stanovi\u0161t\u011b v Aintree.\n<br><\/p>\n\n\n\n<p>\nV historii Velk\u00e9 n\u00e1rodn\u00ed do\u0161lo k v\u00edce ne\u017e pades\u00e1ti \u00famrt\u00edm kon\u00ed, \u010dty\u0159i z nich se odehr\u00e1ly v roce 1954 a ka\u017ed\u00fd rok to vyvol\u00e1v\u00e1 kontroverze i diskuse. Se svou nechvaln\u011b zn\u00e1mou s\u00e9ri\u00ed p\u0159\u00edsn\u00fdch plot\u016f, mezi kter\u00e9 pat\u0159\u00ed Becher&#039;s Brook a The Chair, je to dostih, kter\u00fd testuje i ty nejlep\u0161\u00ed \u017eokeje a existuje mnoho slavn\u00fdch jezdc\u016f, pro kter\u00e9 bylo v\u00edt\u011bzstv\u00ed nepolapiteln\u00e9.\n<br><br><\/p>\n\n\n\n<h2 class=\"wp-block-heading\"><a href=\"https:\/\/www.livefooty.net\/cs\/cheltenhamsky-festival\/\" title=\"\">Zlat\u00fd poh\u00e1r v Cheltenhamu<\/a><\/h2>\n\n\n\n<p>\nTato v\u00e1\u017een\u00e1 akce Blue Riband se ka\u017edoro\u010dn\u011b kon\u00e1 na dostihov\u00e9m z\u00e1vodi\u0161ti v Cheltenhamu ve Spojen\u00e9m kr\u00e1lovstv\u00ed <b>Cheltenhamsk\u00fd festival<\/b> v b\u0159eznu. Jako nejhodnotn\u011bj\u0161\u00ed nehendikepov\u00fd z\u00e1vod v zemi, <b>Zlat\u00fd poh\u00e1r Cheltenhamu<\/b> je pova\u017eov\u00e1n za nejpresti\u017en\u011bj\u0161\u00ed v kalend\u00e1\u0159i Nation Hunt. Pokr\u00fdv\u00e1 3 m\u00edle, 2 1\/2 furlong\u016f p\u0159es 22 plot\u016f.\n<br><\/p>\n\n\n\n<p>\nP\u016fvodn\u011b byl zn\u00e1m\u00fd jako rovinov\u00fd dostih, kdy\u017e se prvn\u00ed z\u00e1vod konal v roce 1819 na m\u00edst\u011b, kter\u00e9 v sou\u010dasn\u00e9 dob\u011b p\u0159ehl\u00ed\u017e\u00ed sou\u010dasn\u00e9 z\u00e1vodi\u0161t\u011b. V roce 1924 se v\u0161ak uskute\u010dnil se skoky na tom, co je v sou\u010dasnosti zn\u00e1m\u00e9 jako &#039;Old Course&#039;, ale v t\u00e9 dob\u011b byl zast\u00edn\u011bn jin\u00fdmi ud\u00e1lostmi na Cheltenham Festivalu. Golden Miller, kter\u00fd tak\u00e9 vyhr\u00e1l Grand National v roce 1934, byl nej\u00fasp\u011b\u0161n\u011bj\u0161\u00edm v\u00edt\u011bzn\u00fdm kon\u011bm v historii Cheltenhamsk\u00e9ho zlat\u00e9ho poh\u00e1ru, kdy\u017e v letech 1932 a\u017e 1936 z\u00edskal p\u011bt cen v \u0159ad\u011b.\n<br><\/p>\n\n\n\n<p>\nV roce 1959 byl z\u00e1vod p\u0159esunut na &#039;New Course&#039; a tam u\u017e z\u016fstal. Snad nejslavn\u011bj\u0161\u00ed jm\u00e9no spojen\u00e9 s Cheltenhamsk\u00fdm zlat\u00fdm poh\u00e1rem je jm\u00e9no Arkla, kon\u011b, kter\u00fd vyhr\u00e1l t\u0159ikr\u00e1t za sebou v letech 1964, 1965 a 1966. Jeho p\u0159evaha byla tak ohromuj\u00edc\u00ed, \u017ee se stal v\u00edt\u011bzem s nejni\u017e\u0161\u00ed cenou v historii sout\u011b\u017ee. dostih na 1\/10, co\u017e znamenalo, \u017ee v\u00edt\u011bzn\u00e1 s\u00e1zka ?10 by vyhr\u00e1la pouze ?1. V\u016fbec nejdel\u0161\u00ed v\u00edt\u011bzn\u00e1 cena byla 100\/1 na zlat\u00e9 minci v roce 1990.\n<br><\/p>\n\n\n\n<p>\nNejv\u011bt\u0161\u00ed \u00fasp\u011bch spojen\u00fd s Cheltenhamsk\u00fdm zlat\u00fdm poh\u00e1rem pat\u0159\u00ed tren\u00e9rovi Michaelu Dickinsonovi v roce 1983, kter\u00fd byl hrd\u00fd na to, \u017ee vycvi\u010dil nejen v\u00edt\u011bze, ale i dal\u0161\u00ed \u010dty\u0159i kon\u011b, kte\u0159\u00ed ho n\u00e1sledovali jako druh\u00fd, t\u0159et\u00ed, \u010dtvrt\u00fd a p\u00e1t\u00fd!\n<br><\/p>\n\n\n\n<p>\nCheltenhamsk\u00fd zlat\u00fd poh\u00e1r a cel\u00fd Cheltenhamsk\u00fd festival musely b\u00fdt bohu\u017eel v roce 2001 zru\u0161eny kv\u016fli omezen\u00edm kv\u016fli vypuknut\u00ed slintavky a kulhavky. Pozd\u011bji v pr\u016fb\u011bhu roku v Sandown byl nahrazen Gold Trophy Chase, ale chyb\u011bla mu aura, kterou Cheltenham Gold Cup obvykle vytv\u00e1\u0159\u00ed.\n<br><br><\/p>\n\n\n\n<h2 class=\"wp-block-heading\"><a href=\"https:\/\/www.livefooty.net\/cs\/epsom-konske-dostihy\/\" title=\"\">Epsomsk\u00e9 derby<\/a><\/h2>\n\n\n\n<p>\nMezin\u00e1rodn\u011b zn\u00e1m\u00fd jako <b>Epsom Derby<\/b> ale hovorov\u011bji jako <b>Derby nebo The Derby Stakes<\/b>, jedn\u00e1 se o rovinat\u00fd z\u00e1vod na 1 m\u00edli, 4 furlongy a 10 yard\u016f. Kon\u00e1 se v Epsom Downs ka\u017ed\u00fd rok prvn\u00ed sobotu v \u010dervnu a je to nejv\u011bt\u0161\u00ed a nejbohat\u0161\u00ed dostih ve Spojen\u00e9m kr\u00e1lovstv\u00ed. P\u0159edchoz\u00ed v\u00edt\u011bzov\u00e9 si v posledn\u00edch letech vyd\u011blali ceny a\u017e 700 000,00 EUR a hodnota Aurhorized v roce 2007 dos\u00e1hla neuv\u011b\u0159iteln\u00fdch 10 milion\u016f EUR v poplatc\u00edch za chov.\n<br><\/p>\n\n\n\n<p>\nEpsomsk\u00e9 derby se poprv\u00e9 konalo 4. kv\u011btna 1780 a bylo pojmenov\u00e1no na po\u010dest mu\u017ee po\u0159\u00e1daj\u00edc\u00edho ve\u010d\u00edrek, na kter\u00e9m vznikl prvotn\u00ed n\u00e1pad na z\u00e1vod, Edwarda Smith-Stanleyho, 12. hrab\u011bte z Derby, i kdy\u017e on s\u00e1m nedos\u00e1hl \u00fasp\u011bchu. s jedn\u00edm ze sv\u00fdch vlastn\u00edch kon\u00ed a\u017e do roku 1787. Od doby, kdy se Derby poprv\u00e9 objevilo v kalend\u00e1\u0159i ko\u0148sk\u00fdch dostih\u016f, se stalo nepochybnou inspirac\u00ed pro mnoho dal\u0161\u00edch ko\u0148sk\u00fdch dostih\u016f po cel\u00e9m sv\u011bt\u011b, v\u010detn\u011b Irish Derby, zn\u00e1m\u00e9ho Kentucky Derby, Victoria Derby a Prix du Jockey Club (Francouzsk\u00e9 derby).\n<br><\/p>\n\n\n\n<p>\nZku\u0161ebn\u00ed dostihy pro kon\u011b, o kter\u00fdch se p\u0159edpokl\u00e1d\u00e1, \u017ee budou nejpravd\u011bpodobn\u011bji sout\u011b\u017eit, se konaj\u00ed v pr\u016fb\u011bhu dubna a kv\u011btna a uk\u00e1zalo se, \u017ee jsou velmi \u00fasp\u011b\u0161n\u00e9 p\u0159i p\u0159edv\u00e1d\u011bn\u00ed potenci\u00e1ln\u00edch v\u00edt\u011bz\u016f pro budouc\u00ed roky.\n<br><\/p>\n\n\n\n<p>\nMnoho slavn\u00fdch jmen je spojeno s dlouhou a slavnou histori\u00ed <b>Epsom Derby<\/b>, z nich\u017e nejv\u00fdznamn\u011bj\u0161\u00ed je \u017eokej Lester Piggott, kter\u00fd ve sv\u00e9 kari\u00e9\u0159e mezi lety 1954 a 1983 zajel nejm\u00e9n\u011b 9 v\u00edt\u011bz\u016f. Mezi tren\u00e9ry je nutn\u00e9 vr\u00e1tit se dlouho do minulosti dostihu, abychom na\u0161li ty, kte\u0159\u00ed maj\u00ed 7 v\u00edt\u011bzstv\u00ed. k jejich jm\u00e9nu, mezi nimi Robert Robson, John Porter a naposledy Fred Darling se sv\u00fdm posledn\u00edm v\u00edt\u011bzem Owenem Tudorem v roce 1941. Ale pokud jde o kon\u011b, kte\u0159\u00ed vyhr\u00e1li tento nejslavn\u011bj\u0161\u00ed dostih, jm\u00e9no Shergar bude v\u017edy vy\u010dn\u00edvat. pouze za sv\u016fj mimo\u0159\u00e1dn\u00fd rekordn\u00ed 10 d\u00e9lkov\u00fd v\u00edt\u011bzn\u00fd n\u00e1skok v roce 1981, ale za jeho nechvaln\u011b zn\u00e1m\u00fd \u00fanos z irsk\u00e9ho h\u0159eb\u010d\u00edna Ballymany v hrabstv\u00ed Kildare v roce 1983 rukou maskovan\u00fdch ozbrojenc\u016f. Nikdy nebyl nalezen.\n<br><\/p>\n\n\n\n<p>\nH\u0159i\u0161t\u011b, na kter\u00e9m se Epsom Derby b\u011b\u017e\u00ed, je samo o sob\u011b zcela unik\u00e1tn\u00ed. Pln\u00e1 zvrat\u016f, zat\u00e1\u010dek, p\u00e1d\u016f a stoup\u00e1n\u00ed po cel\u00e9 sv\u00e9 d\u00e9lce je pova\u017eov\u00e1na za ultim\u00e1tn\u00ed zkou\u0161ku vytrvalosti dostihov\u00fdch kon\u00ed a \u017eokejsk\u00fdch dovednost\u00ed. Zat\u00edmco pro ty, kte\u0159\u00ed se p\u0159ijdou pod\u00edvat na pod\u00edvanou, je sv\u011btov\u011b proslul\u00fd t\u00edm, \u017ee v\u00fdmluvn\u011b zobrazuje v\u0161echny vrstvy spole\u010densk\u00e9 t\u0159\u00eddy, kter\u00e9 se sch\u00e1zej\u00ed pohromad\u011b, a vytv\u00e1\u0159\u00ed atmosf\u00e9ru ve\u010d\u00edrku, kterou ostatn\u00ed z\u00e1vodi\u0161t\u011b jen t\u011b\u017eko napodobuj\u00ed.\n<\/p>\n\n\n\n<p><\/p>\n\n\n\n<h2 class=\"wp-block-heading\">Sledujte v\u0161echny tyto a mnohem v\u00edce \u017eiv\u00e9 ko\u0148sk\u00e9 dostihy \u017eiv\u011b online<\/h2>\n\n\n\n<p>\n<b><a href=\"https:\/\/www.livehorseracingonline.com\" target=\"_blank\" rel=\"noopener\">\u017div\u00e9 ko\u0148sk\u00e9 dostihy online<\/a><\/b> p\u0159id\u00e1v\u00e1 na sc\u00e9nu dostihov\u00e9ho s\u00e1zen\u00ed sv\u011bt mo\u017enost\u00ed, jak byste o\u010dek\u00e1vali u \u0159ady s\u00e1zkov\u00fdch kancel\u00e1\u0159\u00ed <b>streamovat tyto hlavn\u00ed ko\u0148sk\u00e9 dostihy<\/b> plus mnoho dal\u0161\u00edch men\u0161\u00edch sch\u016fzek na denn\u00ed b\u00e1zi \u017eiv\u011b p\u0159es internet. S tolika <b>\u017eiv\u00e9 p\u0159enosy ko\u0148sk\u00fdch dostih\u016f<\/b> k dispozici neexistuje \u017e\u00e1dn\u00e1 omluva pro vynech\u00e1n\u00ed dostihu, kter\u00fd hled\u00e1te.\t\n<\/p>","protected":false},"excerpt":{"rendered":"<p>Live Horse Racing Online &#8211; Race Schedule Watch Live Horse Racing Online! Horse Racing is one of the oldest sports in the world, dating all the way back to Roman times and Chariot races. In modern times there&#8217;s very few countries that don&#8217;t have a major horse racing event that captures the imagination of the [&hellip;]<\/p>","protected":false},"author":1,"featured_media":0,"parent":0,"menu_order":0,"comment_status":"closed","ping_status":"closed","template":"","meta":{"footnotes":""},"class_list":["post-1225","page","type-page","status-publish","hentry"],"_links":{"self":[{"href":"https:\/\/www.livefooty.net\/cs\/wp-json\/wp\/v2\/pages\/1225","targetHints":{"allow":["GET"]}}],"collection":[{"href":"https:\/\/www.livefooty.net\/cs\/wp-json\/wp\/v2\/pages"}],"about":[{"href":"https:\/\/www.livefooty.net\/cs\/wp-json\/wp\/v2\/types\/page"}],"author":[{"embeddable":true,"href":"https:\/\/www.livefooty.net\/cs\/wp-json\/wp\/v2\/users\/1"}],"replies":[{"embeddable":true,"href":"https:\/\/www.livefooty.net\/cs\/wp-json\/wp\/v2\/comments?post=1225"}],"version-history":[{"count":0,"href":"https:\/\/www.livefooty.net\/cs\/wp-json\/wp\/v2\/pages\/1225\/revisions"}],"wp:attachment":[{"href":"https:\/\/www.livefooty.net\/cs\/wp-json\/wp\/v2\/media?parent=1225"}],"curies":[{"name":"wp","href":"https:\/\/api.w.org\/{rel}","templated":true}]}}