{"id":1222,"date":"2023-08-06T10:57:49","date_gmt":"2023-08-06T10:57:49","guid":{"rendered":"https:\/\/www.livefooty.net\/?page_id=1222"},"modified":"2023-09-19T11:01:24","modified_gmt":"2023-09-19T11:01:24","slug":"dnesni-rozpisy-vsechny-sportovni-zive-online","status":"publish","type":"page","link":"https:\/\/www.livefooty.net\/cs\/dnesni-rozpisy-vsechny-sportovni-zive-online\/","title":{"rendered":"Dne\u0161n\u00ed rozpisy \u2013 v\u0161echny sporty \u017eiv\u011b online"},"content":{"rendered":"<h2 class=\"wp-block-heading\">Dne\u0161n\u00ed \u017eiv\u00e9 sportovn\u00ed p\u0159enosy<\/h2>\n\n\n\n<p> Bookmake\u0159i a dal\u0161\u00ed sportovn\u00ed weby umo\u017e\u0148uj\u00ed p\u0159\u00edstup <b>\u017eiv\u00e9 sportovn\u00ed p\u0159enosy<\/b> z ud\u00e1lost\u00ed, kter\u00e9 se konaj\u00ed po cel\u00e9m sv\u011bt\u011b. Krom\u011b st\u00e1le obl\u00edben\u00fdch fotbalov\u00fdch (fotbalov\u00fdch) z\u00e1pas\u016f je zde pokryta i spousta dal\u0161\u00edch sport\u016f v\u010detn\u011b velk\u00fdch turnaj\u016f v golfu, tenisu, rugby, motorsportu a mnoha dal\u0161\u00edch. D\u00edky s\u00e1zkov\u00fdm kancel\u00e1\u0159\u00edm je tak snadn\u00e9 sledovat \u017eiv\u011bj\u0161\u00ed sport. <\/p>\n\n\n\n<!--more-->\n\n\n\n<p><br><\/p>\n\n\n\n<p>\n\tVzhledem k tomu, \u017ee rychlost internetu bude jen lep\u0161\u00ed, ne\u017e p\u0159edpokl\u00e1d\u00e1m, pokryt\u00ed, kter\u00e9 m\u016f\u017eeme o\u010dek\u00e1vat, se bude tak\u00e9 jen zlep\u0161ovat. Kvalita stream\u016f je velmi dob\u0159e sledovateln\u00e1 i na velkoplo\u0161n\u00fdch televizorech, tak\u017ee rozmazan\u00e9 a trhan\u00e9 sn\u00edmkov\u00e9 frekvence ji\u017e nejsou omluvou pro nesledov\u00e1n\u00ed sportu \u017eiv\u011b online.\n\t<br><br><\/p>\n\n\n<p>[scu name=&#8221;roja-schedule&#8221;]<\/p>\n\n\n\n<h2 class=\"wp-block-heading\">\n\t\u017div\u00fd fotbal se s\u00e1zkov\u00fdmi kancel\u00e1\u0159emi (aktu\u00e1ln\u00ed britsk\u00fd \u010das)\n\t<\/h2>\n\n\n<p>[scu name=&#8221;betfair-football&#8221;]<\/p>\n\n\n\n<p>\n\tV\u0161echny v\u00fd\u0161e uveden\u00e9 odkazy jsou na webov\u00e9 str\u00e1nky t\u0159et\u00edch stran, o kter\u00fdch se domn\u00edv\u00e1me, \u017ee zobrazuj\u00ed konkr\u00e9tn\u00ed ud\u00e1lost <b>nebo<\/b> zm\u00edn\u011bn\u00fd sport. Zjist\u00edte v\u0161ak, \u017ee n\u011bkter\u00e9 ud\u00e1losti nebudou <a href=\"https:\/\/www.livefooty.net\/VPN.php\" target=\"_blank\" rel=\"nofollow noopener\">k dispozici ve v\u0161ech zem\u00edch<\/a>, Promi\u0148 mi to. Pokud m\u00e1te z\u00e1jem sledovat \u017eiv\u00e9 ko\u0148sk\u00e9 dostihy online, pak jsme je um\u00edstili do samostatn\u00e9 sekce, sta\u010d\u00ed kliknout na odkaz a sledovat \u017eiv\u011b online ko\u0148sk\u00e9 dostihy.\n\t<\/p>","protected":false},"excerpt":{"rendered":"<p>Todays Live Sports Streams Bookmakers and other sports websites give access to live sporting streams from events taking place all over the world. As well as the ever popular football (soccer) matches there are plenty of other sports covered as well including major tournaments in Golf, Tennis, Rugby, Motorsport and much more. The bookmakers make [&hellip;]<\/p>","protected":false},"author":1,"featured_media":0,"parent":0,"menu_order":0,"comment_status":"closed","ping_status":"closed","template":"","meta":{"footnotes":""},"class_list":["post-1222","page","type-page","status-publish","hentry"],"_links":{"self":[{"href":"https:\/\/www.livefooty.net\/cs\/wp-json\/wp\/v2\/pages\/1222","targetHints":{"allow":["GET"]}}],"collection":[{"href":"https:\/\/www.livefooty.net\/cs\/wp-json\/wp\/v2\/pages"}],"about":[{"href":"https:\/\/www.livefooty.net\/cs\/wp-json\/wp\/v2\/types\/page"}],"author":[{"embeddable":true,"href":"https:\/\/www.livefooty.net\/cs\/wp-json\/wp\/v2\/users\/1"}],"replies":[{"embeddable":true,"href":"https:\/\/www.livefooty.net\/cs\/wp-json\/wp\/v2\/comments?post=1222"}],"version-history":[{"count":0,"href":"https:\/\/www.livefooty.net\/cs\/wp-json\/wp\/v2\/pages\/1222\/revisions"}],"wp:attachment":[{"href":"https:\/\/www.livefooty.net\/cs\/wp-json\/wp\/v2\/media?parent=1222"}],"curies":[{"name":"wp","href":"https:\/\/api.w.org\/{rel}","templated":true}]}}