{"id":1199,"date":"2023-08-06T10:04:58","date_gmt":"2023-08-06T10:04:58","guid":{"rendered":"https:\/\/www.livefooty.net\/?page_id=1199"},"modified":"2024-03-07T15:49:49","modified_gmt":"2024-03-07T15:49:49","slug":"william-hill-tv-zive-streamy-sledovat-zive-online","status":"publish","type":"page","link":"https:\/\/www.livefooty.net\/cs\/william-hill-tv-zive-streamy-sledovat-zive-online\/","title":{"rendered":"\u017div\u00e9 p\u0159enosy William Hill TV \u2013 Sledujte \u017eiv\u011b online"},"content":{"rendered":"<h2 class=\"wp-block-heading\">P\u0159\u00edm\u00e9 p\u0159enosy William Hill \u2013 Sledujte online<\/h2>\n\n\n\n<p> <b>William Hill<\/b> jsou jednou z nejnov\u011bj\u0161\u00edch s\u00e1zkov\u00fdch kancel\u00e1\u0159\u00ed, kter\u00e1 zp\u0159\u00edstup\u0148uje \u017eiv\u00e9 sporty online prost\u0159ednictv\u00edm sv\u00fdch <b><a onclick=\"window.open('https:\/\/sports.williamhill.com\/betting\/en-gb\/football')\" href=\"\/WilliamHill.php\" rel=\"nofollow\">Televizn\u00ed p\u0159enos William Hill<\/a><\/b> servis. Prost\u0159ednictv\u00edm William Hill m\u016f\u017eete sledovat \u0159adu sport\u016f, v\u010detn\u011b \u017eiv\u00e9ho fotbalu (Serie A a Evropsk\u00e1 liga, abychom jmenovali jen 2), tenisu, kule\u010dn\u00edku a velk\u00e9ho mno\u017estv\u00ed z\u00e1vod\u016f na kon\u00edch. William Hill poskytuje \u0161pi\u010dkovou kvalitu streamu, i kdy\u017e uv\u00e1d\u00ed, \u017ee ke sledov\u00e1n\u00ed budete pot\u0159ebovat po\u010d\u00edta\u010d se syst\u00e9mem Windows, tak\u017ee pro u\u017eivatele po\u010d\u00edta\u010d\u016f Mac to nen\u00ed dobr\u00e9. V\u011bt\u0161ina stream\u016f je pro \u010dleny William Hill zdarma, ale na dostihy budete pot\u0159ebovat s\u00e1zku (alespo\u0148 5 GBP), abyste je mohli sledovat. <\/p>\n\n\n\n<!--more-->\n\n\n\n<p>\n\tKrom\u011b toho, \u017ee tyto streamovac\u00ed slu\u017eby nab\u00edzen\u00e9 s\u00e1zkov\u00fdmi kancel\u00e1\u0159emi, jako je WillIam Hill, oslovuj\u00ed sportovn\u00ed fanou\u0161ky, kte\u0159\u00ed cht\u011bj\u00ed jen sledovat \u017eiv\u011b sport, otev\u00edraj\u00ed nov\u00fd sv\u011bt <b>\u017eiv\u00e9 hazardn\u00ed hry ve h\u0159e<\/b> pro ty, kte\u0159\u00ed d\u00e1vaj\u00ed p\u0159ednost sportovn\u00edmu s\u00e1zen\u00ed online. A\u0165 u\u017e sed\u00edte v kancel\u00e1\u0159i, nebo prost\u011b nem\u00e1te p\u0159\u00edstup k televizi, proto\u017ee man\u017eelka tento t\u00fdden sleduje 75. epizodu Coronation Street, online streamov\u00e1n\u00ed umo\u017e\u0148uje hazardn\u00edmu hr\u00e1\u010di prov\u00e9st informovan\u011bj\u0161\u00ed v\u00fdb\u011br ve h\u0159e. Pro ostatn\u00ed to jen poskytuje zp\u016fsob, jak sledovat fotbalov\u00fd z\u00e1pas nebo jinou sportovn\u00ed ud\u00e1lost, kterou byste jinak nemohli sledovat.\n\t<br><\/p>\n\n\n\n<p>\n\tWilliam Hill je jednou z nejv\u011bt\u0161\u00edch s\u00e1zkov\u00fdch kancel\u00e1\u0159\u00ed, zaregistrujte si sv\u016fj bezplatn\u00fd \u00fa\u010det hned te\u010f, z\u00edskejte p\u0159\u00edstup k jejich streamovac\u00ed slu\u017eb\u011b a dokonce z\u00edsk\u00e1te zdarma s\u00e1zku 25 GBP.<br><\/p>\n\n\n\n<center>\n\tRegistrace u William Hill je opravdu jednoduch\u00fd zp\u016fsob, jak si u\u017e\u00edt sv\u00e9 obl\u00edben\u00e9 sporty \u017eiv\u011b online!\n\t<\/center>\n\n\n\n<p><\/p>\n\n\n\n<h2 class=\"wp-block-heading\">William Hill Live Streaming a In-Play<\/h2>\n\n\n\n<p>\n\tPokud ji\u017e jste z\u00e1kazn\u00edkem William Hill Sports, budete r\u00e1di, kdy\u017e budete v\u011bd\u011bt, \u017ee nab\u00edz\u00ed slu\u017ebu \u017eiv\u00e9ho vys\u00edl\u00e1n\u00ed a s\u00e1zen\u00ed p\u0159\u00edmo ve h\u0159e na r\u016fzn\u00e9 sporty.\n\t<\/p>\n\n\n\n<h3 class=\"wp-block-heading\">Jak pozn\u00e1m, \u017ee se z\u00e1pas vys\u00edl\u00e1 \u017eiv\u011b na William Hill?<\/h3>\n\n\n\n<p>\n\tJe to opravdu jednoduch\u00e9, pou\u017eijte jeden z v\u00fd\u0161e uveden\u00fdch odkaz\u016f, kter\u00fd v\u00e1s zavede na aktu\u00e1ln\u00ed i nadch\u00e1zej\u00edc\u00ed z\u00e1pasy. Pot\u00e9 hledejte malou ikonu \u201eTV\u201c vedle za\u0159\u00edzen\u00ed. Pokud to tam je, tak se to ukazuje \u017eiv\u011b. Zde je uk\u00e1zkov\u00fd sn\u00edmek obrazovky, na co si d\u00e1t pozor. Je to \u00fapln\u011b stejn\u00e9 pro v\u0161echny ostatn\u00ed sporty, nejen pro fotbal.\n\t<\/p>\n\n\n\n<h3 class=\"wp-block-heading\">Jak\u00e9 jsou v\u00fdhody pou\u017e\u00edv\u00e1n\u00ed \u017eiv\u00e9ho vys\u00edl\u00e1n\u00ed William Hill?<\/h3>\n\n\n\n<p>\n\tWilliam Hill je jedn\u00edm z p\u0159edn\u00edch poskytovatel\u016f s\u00e1zkov\u00fdch slu\u017eeb na sv\u011bt\u011b. Nab\u00edz\u00ed \u0159adu mo\u017enost\u00ed \u017eiv\u00e9ho vys\u00edl\u00e1n\u00ed, v\u010detn\u011b slu\u017eby William Hill Live Streaming. Tato slu\u017eba umo\u017e\u0148uje s\u00e1zka\u0159\u016fm sledovat sportovn\u00ed ud\u00e1losti a s\u00e1zkov\u00e9 kurzy v p\u0159\u00edm\u00e9m p\u0159enosu p\u0159\u00edmo b\u011bhem jejich kon\u00e1n\u00ed.\n\t<br><\/p>\n\n\n\n<p>\nJednou z v\u00fdhod \u017eiv\u00e9ho vys\u00edl\u00e1n\u00ed William Hill je, \u017ee s\u00e1zka\u0159i maj\u00ed p\u0159\u00edstup k \u0161irok\u00e9 \u0161k\u00e1le sportovn\u00edch ud\u00e1lost\u00ed. To zahrnuje jak mezin\u00e1rodn\u00ed, tak dom\u00e1c\u00ed ud\u00e1losti. Tato slu\u017eba je nav\u00edc dostupn\u00e1 na po\u010d\u00edta\u010d\u00edch i mobiln\u00edch platform\u00e1ch, tak\u017ee ji s\u00e1zka\u0159i mohou snadno vyu\u017e\u00edvat bez ohledu na to, kde se nach\u00e1zej\u00ed.\n<br><\/p>\n\n\n\n<p>\nPou\u017e\u00edv\u00e1n\u00ed William Hill Live Streaming m\u00e1 \u0159adu v\u00fdhod. Za prv\u00e9, je to snadn\u00e9 pou\u017eit\u00ed \u2013 v\u0161e, co pot\u0159ebujete, je webov\u00fd prohl\u00ed\u017ee\u010d a p\u0159ipojen\u00ed k internetu. Za druh\u00e9, pou\u017eit\u00ed je zdarma \u2013 nen\u00ed t\u0159eba se registrovat ani vkl\u00e1dat \u017e\u00e1dn\u00e9 pen\u00edze. A kone\u010dn\u011b je to spolehliv\u00e9 \u2013 jejich slu\u017eba \u017eiv\u00e9ho vys\u00edl\u00e1n\u00ed byla testov\u00e1na a je prok\u00e1z\u00e1no, \u017ee je stabiln\u00ed a spolehliv\u00e1.\n<br><\/p>\n\n\n\n<h3 class=\"wp-block-heading\">Jak\u00e9 jsou v\u00fdhody pou\u017e\u00edv\u00e1n\u00ed William Hill In-Play?<\/h3>\n\n\n\n<p>\nPou\u017e\u00edv\u00e1n\u00ed William Hill In-Play nab\u00edz\u00ed \u0159adu v\u00fdhod. Za prv\u00e9, je to snadn\u00e9 pou\u017eit\u00ed \u2013 v\u0161e, co pot\u0159ebujete, je webov\u00fd prohl\u00ed\u017ee\u010d a p\u0159ipojen\u00ed k internetu. Za druh\u00e9, je to rychl\u00e9 a spolehliv\u00e9 \u2013 s\u00e1zky ve h\u0159e se uzav\u00edraj\u00ed okam\u017eit\u011b a v\u00fdplaty se zpracov\u00e1vaj\u00ed rychle. A kone\u010dn\u011b, je to bezpe\u010dn\u00e9 \u2013 va\u0161e pen\u00edze jsou chr\u00e1n\u011bny na\u0161\u00edm bezpe\u010dn\u00fdm syst\u00e9mem.\n<br><\/p>\n\n\n\n<h3 class=\"wp-block-heading\">Existuj\u00ed n\u011bjak\u00e1 omezen\u00ed pro pou\u017e\u00edv\u00e1n\u00ed William Hill Live Streaming a In-Play?<\/h3>\n\n\n\n<p>Pou\u017e\u00edv\u00e1n\u00ed William Hill Live Streaming a In-Play m\u00e1 n\u011bkolik omezen\u00ed. Za prv\u00e9, \u017eiv\u00e9 vys\u00edl\u00e1n\u00ed je k dispozici pouze na po\u010d\u00edta\u010di \u2013 streamovac\u00ed slu\u017ebu nebudete moci sledovat na telefonu nebo tabletu (spr\u00e1vn\u011b v dob\u011b publikov\u00e1n\u00ed). Za druh\u00e9, s\u00e1zen\u00ed ve h\u0159e je k dispozici na omezen\u00fd po\u010det sport\u016f \u2013 pravd\u011bpodobn\u011b budete moci s\u00e1zet na fotbal, kriket atd., ale ne na n\u011bkter\u00e9 jin\u00e9 sporty.&nbsp;\n<br><\/p>\n\n\n\n<p>\nA\u0165 u\u017e jste z\u00e1kazn\u00edkem William Hill Sports, nebo ne, na\u0161e slu\u017eby \u017eiv\u00e9ho vys\u00edl\u00e1n\u00ed a in-play si u\u017eijete. Jsou snadno pou\u017eiteln\u00e9 a spolehliv\u00e9, tak\u017ee si m\u016f\u017eete b\u00fdt jisti, \u017ee va\u0161e pen\u00edze jsou v bezpe\u010d\u00ed.  William Hill je jednou z nejv\u011bt\u0161\u00edch zna\u010dek v oblasti online s\u00e1zen\u00ed a slu\u017eby, kter\u00e9 nab\u00edz\u00ed, tomu odpov\u00eddaj\u00ed, William Hill si vybudoval vynikaj\u00edc\u00ed pov\u011bst d\u00edky poskytov\u00e1n\u00ed kvalitn\u00edho z\u00e1kaznick\u00e9ho servisu a spolehliv\u00fdch kurz\u016f.  William Hill nab\u00edz\u00ed \u0161irokou \u0161k\u00e1lu dal\u0161\u00edch mo\u017enost\u00ed s\u00e1zen\u00ed, v\u010detn\u011b ko\u0148sk\u00fdch dostih\u016f, fotbalu, basketbalu a kriketu. Jejich rozs\u00e1hl\u00e9 webov\u00e9 str\u00e1nky umo\u017e\u0148uj\u00ed snadno a kdykoli uzav\u0159\u00edt s\u00e1zky na jak\u00fdkoli sport nebo hru.\n<br><\/p>\n\n\n\n<p>\nV\u0161echny informace spr\u00e1vn\u00e9 v dob\u011b zve\u0159ejn\u011bn\u00ed. Pamatujte, \u017ee je pravd\u011bpodobn\u00e9, \u017ee po\u017eadavky na s\u00e1zen\u00ed\/financov\u00e1n\u00ed \u00fa\u010dtu se mohou \u010das od \u010dasu zm\u011bnit, zejm\u00e9na u slu\u017eeb s p\u0159idanou hodnotou, jako je \u017eiv\u00e9 vys\u00edl\u00e1n\u00ed poskytovan\u00e9 s\u00e1zkov\u00fdmi kancel\u00e1\u0159emi, je to stejn\u00e9 pro \u017eiv\u00e9 vys\u00edl\u00e1n\u00ed William Hill jako u jak\u00e9koli s\u00e1zkov\u00e9 kancel\u00e1\u0159e. Budou existovat tak\u00e9 geografick\u00e1 omezen\u00ed, pokud jde o to, co m\u016f\u017ee b\u00fdt kde zobrazeno.\n<\/p>","protected":false},"excerpt":{"rendered":"<p>William Hill Live Streams - Sledujte online William Hill je jednou z posledn\u00edch s\u00e1zkov\u00fdch kancel\u00e1\u0159\u00ed, kter\u00e1 zp\u0159\u00edstupnila \u017eiv\u00e9 sportovn\u00ed p\u0159enosy online prost\u0159ednictv\u00edm sv\u00e9 slu\u017eby William Hill TV. Prost\u0159ednictv\u00edm William Hill m\u016f\u017eete sledovat \u0159adu sport\u016f, v\u010detn\u011b p\u0159\u00edm\u00fdch p\u0159enos\u016f fotbalu (Serie A a Evropsk\u00e9 ligy, abychom jmenovali alespo\u0148 dva), tenisu, snookeru a [...]<\/p>","protected":false},"author":1,"featured_media":0,"parent":0,"menu_order":0,"comment_status":"closed","ping_status":"closed","template":"","meta":{"footnotes":""},"class_list":["post-1199","page","type-page","status-publish","hentry"],"_links":{"self":[{"href":"https:\/\/www.livefooty.net\/cs\/wp-json\/wp\/v2\/pages\/1199","targetHints":{"allow":["GET"]}}],"collection":[{"href":"https:\/\/www.livefooty.net\/cs\/wp-json\/wp\/v2\/pages"}],"about":[{"href":"https:\/\/www.livefooty.net\/cs\/wp-json\/wp\/v2\/types\/page"}],"author":[{"embeddable":true,"href":"https:\/\/www.livefooty.net\/cs\/wp-json\/wp\/v2\/users\/1"}],"replies":[{"embeddable":true,"href":"https:\/\/www.livefooty.net\/cs\/wp-json\/wp\/v2\/comments?post=1199"}],"version-history":[{"count":1,"href":"https:\/\/www.livefooty.net\/cs\/wp-json\/wp\/v2\/pages\/1199\/revisions"}],"predecessor-version":[{"id":1745,"href":"https:\/\/www.livefooty.net\/cs\/wp-json\/wp\/v2\/pages\/1199\/revisions\/1745"}],"wp:attachment":[{"href":"https:\/\/www.livefooty.net\/cs\/wp-json\/wp\/v2\/media?parent=1199"}],"curies":[{"name":"wp","href":"https:\/\/api.w.org\/{rel}","templated":true}]}}