{"id":1196,"date":"2023-08-06T10:00:51","date_gmt":"2023-08-06T10:00:51","guid":{"rendered":"https:\/\/www.livefooty.net\/?page_id=1196"},"modified":"2023-09-19T10:53:43","modified_gmt":"2023-09-19T10:53:43","slug":"betfair-live-streams-online","status":"publish","type":"page","link":"https:\/\/www.livefooty.net\/cs\/betfair-live-streams-online\/","title":{"rendered":"Betfair \u2013 \u017div\u00e9 p\u0159enosy online"},"content":{"rendered":"<h2 class=\"wp-block-heading\">\u017div\u00e9 sportovn\u00ed p\u0159enosy Betfair \u2013 sledujte \u017eiv\u011b online<\/h2>\n\n\n\n<p> Existuj\u00ed t\u011b\u017ek\u00e9 zp\u016fsoby <b>sledujte sv\u00e9 obl\u00edben\u00e9 sporty online<\/b> a pak jsou tu jednoduch\u00e9 zp\u016fsoby.  Mezi ty nejjednodu\u0161\u0161\u00ed pat\u0159\u00ed sledov\u00e1n\u00ed \u017eiv\u00fdch p\u0159enos\u016f n\u011bkter\u00fdch nejv\u011bt\u0161\u00edch spole\u010dnost\u00ed online. <b>Betfair<\/b> jsou nap\u0159\u00edklad jednou z nejv\u011bt\u0161\u00edch online s\u00e1zkov\u00fdch kancel\u00e1\u0159\u00ed a nyn\u00ed v\u00e1m krom\u011b nejlep\u0161\u00edch kurz\u016f nab\u00edzej\u00ed i mo\u017enost sledovat sv\u00e9 obl\u00edben\u00e9 sportovn\u00ed p\u0159enosy online, a to zcela zdarma! \u017div\u00e9 p\u0159enosy Betfair nab\u00edzej\u00ed sportovn\u00ed akce ve \u0161pi\u010dkov\u00e9 kvalit\u011b bez jak\u00fdchkoli n\u00e1klad\u016f a k z\u00edsk\u00e1n\u00ed p\u0159\u00edstupu k nim sta\u010d\u00ed 2 minuty registrace a vklad na \u00fa\u010det. <\/p>\n\n\n\n<!--more-->\n\n\n\n<p> \u017div\u00fd fotbal je to, co zaj\u00edm\u00e1 v\u011bt\u0161inu lid\u00ed a Betfair m\u00e1 pr\u00e1vo v\u00e1m uk\u00e1zat hry z n\u011bkter\u00fdch nejlep\u0161\u00edch lig a poh\u00e1r\u016f \u2013 <b>Serie A, portugalsk\u00e1 Superliga, Poh\u00e1r UEFA a v\u011bt\u0161ina mezin\u00e1rodn\u00edch p\u0159\u00e1telsk\u00fdch z\u00e1pas\u016f<\/b> a to je jen n\u011bkolik p\u0159\u00edklad\u016f*.  Betfair tento seznam neust\u00e1le roz\u0161i\u0159uje, tak\u017ee nen\u00ed d\u016fvod se neregistrovat hned.  Pokud v\u00e1s zaj\u00edm\u00e1 v\u00edc ne\u017e jen fotbal, seznam dal\u0161\u00edch sport\u016f zahrnuje tak\u00e9 tenis, snooker a basketbal.  A co t\u0159eba ko\u0148sk\u00e9 dostihy?  Tr\u010d\u00edte v pr\u00e1ci, ale chcete v\u011bd\u011bt, jak se da\u0159\u00ed va\u0161emu koni?  Betfair vys\u00edl\u00e1 \u017eiv\u011b v\u00edce ko\u0148sk\u00fdch dostih\u016f ne\u017e jak\u00fdkoli jin\u00fd zdroj, kter\u00fd jsem na\u0161el online.  Samoz\u0159ejm\u011b nab\u00edzej\u00ed tak\u00e9 \u0161pi\u010dkov\u00e9 kasino a <a href=\"https:\/\/www.kushmoney.com\/\" target=\"_blank\" rel=\"noopener\">pokerov\u00e1 hra<\/a> pokud jste tak naklon\u011bni.   <br><\/p>\n\n\n\n<p>\n\tV\u0161echno <b>\u017div\u00e9 p\u0159enosy Betfair<\/b> jsou zdarma, pot\u0159ebujete pouze \u00fa\u010det s finan\u010dn\u00edmi prost\u0159edky.  Pokud pat\u0159\u00edte k t\u011bm, kte\u0159\u00ed maj\u00ed r\u00e1di s\u00e1zky, m\u016f\u017eete dokonce vyu\u017e\u00edt nab\u00eddku pro nov\u00e9 z\u00e1kazn\u00edky, kter\u00e1 v\u00e1m nab\u00edz\u00ed a\u017e 100 eur v s\u00e1zk\u00e1ch zdarma. Podejte 5 x 10 \u20ac nebo v\u00edce s\u00e1zek a z\u00edskejte 20 \u20ac v s\u00e1zk\u00e1ch zdarma. Pokud to zopakujete a\u017e p\u011btkr\u00e1t, z\u00edsk\u00e1te bonus v maxim\u00e1ln\u00ed v\u00fd\u0161i 100 \u20ac. Minim\u00e1ln\u00ed kurz 1\/2 (1,5). Vylou\u010deny jsou s\u00e1zky na burze. Plat\u00ed v\u0161eobecn\u00e9 obchodn\u00ed podm\u00ednky\n\t<br><\/p>\n\n\n\n<p>\n\tRegistrace u Betfair je jednoduch\u00fd zp\u016fsob <b>sledov\u00e1n\u00ed \u017eiv\u00fdch sportovn\u00edch p\u0159enos\u016f online<\/b>, pokud je\u0161t\u011b nejste \u010dlenem, navrhoval bych, abyste se tam hned dostali a ud\u011blejte to!<\/p>","protected":false},"excerpt":{"rendered":"<p>Betfair Live Sports Streams &#8211; Watch Live Online There are hard ways of watching your favourite sports online and then there are the easy ways. Right up there as the easiest has to be watching live streams from some of the biggest companies online. Betfair for example are one of the biggest bookmakers online and [&hellip;]<\/p>","protected":false},"author":1,"featured_media":0,"parent":0,"menu_order":0,"comment_status":"closed","ping_status":"closed","template":"","meta":{"footnotes":""},"class_list":["post-1196","page","type-page","status-publish","hentry"],"_links":{"self":[{"href":"https:\/\/www.livefooty.net\/cs\/wp-json\/wp\/v2\/pages\/1196","targetHints":{"allow":["GET"]}}],"collection":[{"href":"https:\/\/www.livefooty.net\/cs\/wp-json\/wp\/v2\/pages"}],"about":[{"href":"https:\/\/www.livefooty.net\/cs\/wp-json\/wp\/v2\/types\/page"}],"author":[{"embeddable":true,"href":"https:\/\/www.livefooty.net\/cs\/wp-json\/wp\/v2\/users\/1"}],"replies":[{"embeddable":true,"href":"https:\/\/www.livefooty.net\/cs\/wp-json\/wp\/v2\/comments?post=1196"}],"version-history":[{"count":0,"href":"https:\/\/www.livefooty.net\/cs\/wp-json\/wp\/v2\/pages\/1196\/revisions"}],"wp:attachment":[{"href":"https:\/\/www.livefooty.net\/cs\/wp-json\/wp\/v2\/media?parent=1196"}],"curies":[{"name":"wp","href":"https:\/\/api.w.org\/{rel}","templated":true}]}}