{"id":1163,"date":"2023-08-06T08:34:34","date_gmt":"2023-08-06T08:34:34","guid":{"rendered":"https:\/\/www.livefooty.net\/?page_id=1163"},"modified":"2023-09-28T07:11:31","modified_gmt":"2023-09-28T07:11:31","slug":"bet365-live-streams","status":"publish","type":"page","link":"https:\/\/www.livefooty.net\/cs\/bet365-live-streams\/","title":{"rendered":"\u017div\u00e9 p\u0159enosy Bet365"},"content":{"rendered":"<h2 class=\"wp-block-heading\">\u017div\u00e9 sportovn\u00ed p\u0159enosy s Bet365<\/h2>\n\n\n\n<p>Pokud chcete sledovat \u017eiv\u00fd p\u0159enos nejnov\u011bj\u0161\u00edch fotbalov\u00fdch akc\u00ed na sv\u00e9m po\u010d\u00edta\u010di nebo mobiln\u00edm za\u0159\u00edzen\u00ed, pak je Bet365 online sportovn\u00ed kniha, kterou si chcete prohl\u00e9dnout, \u017eiv\u00e9 vys\u00edl\u00e1n\u00ed Bet365 je vynikaj\u00edc\u00ed!<\/p>\n\n\n\n<!--more-->\n\n\n\n<p><strong>Sledov\u00e1n\u00ed \u017eiv\u00fdch sportovn\u00edch p\u0159enos\u016f p\u0159es internet<\/strong> je velk\u00fd byznys a jde o to, \u017ee velk\u00fd byznys to tak\u00e9 v\u00ed! Jeden z \u010dasto p\u0159ehl\u00ed\u017een\u00fdch a ignorovan\u00fdch zp\u016fsob\u016f sledov\u00e1n\u00ed va\u0161eho obl\u00edben\u00e9ho sportu online (a\u0165 u\u017e <strong>Fotbal, golf, tenis<\/strong> nebo cokoli jin\u00e9ho) je vyu\u017e\u00edt \u017eiv\u00fdch p\u0159enos\u016f poskytovan\u00fdch t\u011bmito velk\u00fdmi podniky. BBC, ITV a mnoho s\u00e1zkov\u00fdch kancel\u00e1\u0159\u00ed v r\u016fzn\u00fdch jurisdikc\u00edch m\u016f\u017ee poskytovat \u017eiv\u00e9 vys\u00edl\u00e1n\u00ed sportovn\u00edch ud\u00e1lost\u00ed online. Podle m\u00e9ho n\u00e1zoru je to jen jeden skv\u011bl\u00fd p\u0159\u00edklad (a m\u016fj obl\u00edben\u00fd) Bet365. <strong>\u017div\u00e9 p\u0159enosy Bet365<\/strong> poskytuj\u00ed sv\u00fdm \u010dlen\u016fm p\u0159\u00edstup k mnoha \u017eiv\u00fdm sport\u016fm, podle m\u00e9ho n\u00e1zoru jsou tyto sportovn\u00ed p\u0159enosy obvykle velmi kvalitn\u00ed a odstra\u0148uj\u00ed tolik z \u201ekde to mohu sledovat?\u201c prvek z \u017eiv\u00fdch sport\u016f online. Mo\u017en\u00e1 kv\u016fli samotn\u00e9 povaze veden\u00ed sportovn\u00edch s\u00e1zek mnoho samotn\u00fdch ud\u00e1lost\u00ed nen\u00ed t\u00edm druhem v\u011bc\u00ed, kter\u00e9 byste vid\u011bli v \u201enorm\u00e1ln\u00ed\u201c televizi v mnoha zem\u00edch. \u00dapln\u00fd seznam ud\u00e1lost\u00ed naleznete na str\u00e1nce Bet365 Live Streaming. Plat\u00ed smluvn\u00ed podm\u00ednky, 18+<\/p>\n\n\n\n<p>Abyste si u\u017eili je\u0161t\u011b v\u00edce vzru\u0161en\u00ed p\u0159i h\u0159e, bet365 ka\u017edoro\u010dn\u011b p\u0159en\u00e1\u0161\u00ed v\u00edce ne\u017e 140 000 ud\u00e1lost\u00ed \u017eiv\u011b do va\u0161eho po\u010d\u00edta\u010de - tak\u017ee m\u016f\u017eete s\u00e1zet p\u0159\u00edmo v pr\u016fb\u011bhu akce. Mezi nejzaj\u00edmav\u011bj\u0161\u00ed ud\u00e1losti pat\u0159\u00ed tenisov\u00e9 turnaje s\u00e9rie Masters a z\u00e1pasy z nejlep\u0161\u00edch dom\u00e1c\u00edch fotbalov\u00fdch lig na sv\u011bt\u011b. Chcete-li vyu\u017e\u00edt slu\u017ebu \u017eiv\u00e9ho vys\u00edl\u00e1n\u00ed, mus\u00edte b\u00fdt p\u0159ihl\u00e1\u0161eni a m\u00edt zalo\u017een\u00fd \u00fa\u010det nebo podat s\u00e1zku v posledn\u00edch 24 hodin\u00e1ch. Jak\u00e9koli utk\u00e1n\u00ed\/ud\u00e1lost na na\u0161ich webov\u00fdch str\u00e1nk\u00e1ch, u kter\u00e9 je ikona P\u0159ehr\u00e1t nebo Video, se bude vys\u00edlat prost\u0159ednictv\u00edm \u017eiv\u00e9ho p\u0159enosu. Plat\u00ed podm\u00ednky a pravidla, 18+<\/p>\n\n\n\n<p>A nezapome\u0148te na inovativn\u00ed Bet365 Live Golf Tracker, kter\u00fd v\u00e1m nejen umo\u017en\u00ed sledovat \u017eiv\u00e9 p\u0159enosy z jamek Par 3 na mnoha nejv\u011bt\u0161\u00edch sv\u011btov\u00fdch golfov\u00fdch turnaj\u00edch, ale tak\u00e9 v\u00e1m umo\u017en\u00ed sledovat ve\u0161ker\u00e9 d\u011bn\u00ed v re\u00e1ln\u00e9m \u010dase, v\u010detn\u011b rozlo\u017een\u00ed jamek a green\u016f, aktu\u00e1ln\u00edho po\u0159ad\u00ed a aktu\u00e1ln\u00edch pozi\u010dn\u00edch \u00fadaj\u016f.<br>pro ka\u017ed\u00e9ho hr\u00e1\u010de na h\u0159i\u0161ti. Skv\u011bl\u00e9.<\/p>\n\n\n\n<p><strong>Streamuje Bet365 \u017eiv\u011b fotbal?<\/strong>  Bet365 je renomovan\u00e1 online s\u00e1zkov\u00e1 spole\u010dnost, kter\u00e1 nab\u00edz\u00ed p\u0159enosy \u017eiv\u00fdch fotbalov\u00fdch z\u00e1pas\u016f. Tato slu\u017eba je k dispozici u\u017eivatel\u016fm ve Spojen\u00e9m kr\u00e1lovstv\u00ed, Irsku a It\u00e1lii. Spole\u010dnost nab\u00edz\u00ed tak\u00e9 \u0159adu dal\u0161\u00edch sportovn\u00edch p\u0159enos\u016f, v\u010detn\u011b kriketu, tenisu a ragby.  Pro p\u0159\u00edstup ke slu\u017eb\u011b \u017eiv\u00e9ho vys\u00edl\u00e1n\u00ed Bet365 si u\u017eivatel\u00e9 mus\u00ed nejprve vytvo\u0159it \u00fa\u010det a ov\u011b\u0159it svou toto\u017enost. Po p\u0159ihl\u00e1\u0161en\u00ed si mohou vybrat z\u00e1pasy, kter\u00e9 cht\u011bj\u00ed sledovat. P\u0159\u00edm\u00e9 p\u0159enosy jsou k dispozici pro v\u011bt\u0161inu z\u00e1pas\u016f ve Velk\u00e9 Brit\u00e1nii a Irsku a tak\u00e9 pro n\u011bkter\u00e9 z\u00e1pasy italsk\u00e9 Serie A a Ligue 1. N\u011bkter\u00e9 z\u00e1pasy mohou b\u00fdt nedostupn\u00e9 z d\u016fvodu licen\u010dn\u00edch omezen\u00ed nebo \u010dasov\u00fdch omezen\u00ed.  Celkov\u011b je slu\u017eba \u017eiv\u00fdch p\u0159enos\u016f Bet365 pohodln\u00e1 a cenov\u011b dostupn\u00e1. Je to skv\u011bl\u00e1 volba pro britsk\u00e9 sportovn\u00ed fanou\u0161ky, kte\u0159\u00ed cht\u011bj\u00ed sledovat sv\u00e9 obl\u00edben\u00e9 t\u00fdmy na cest\u00e1ch, nebo pro ty, kte\u0159\u00ed doma nemaj\u00ed kabelovou nebo satelitn\u00ed televizi.  Nejen\u017ee m\u016f\u017eete sledovat z\u00e1pasy z cel\u00e9ho sv\u011bta \u017eiv\u011b a v re\u00e1ln\u00e9m \u010dase, ale prost\u0159ednictv\u00edm streamovac\u00ed slu\u017eby Bet365 m\u016f\u017eete tak\u00e9 sledovat p\u0159edz\u00e1pasov\u00e9 a poz\u00e1pasov\u00e9 diskuze - to znamen\u00e1, \u017ee a\u0165 se na h\u0159i\u0161ti d\u011bje cokoli, budete v\u017edy v obraze.<\/p>\n\n\n\n<p><strong>Jak sledovat \u017eiv\u00fd p\u0159enos na Bet365?<\/strong>  Existuje n\u011bkolik zp\u016fsob\u016f, jak sledovat \u017eiv\u00e9 p\u0159enosy na Bet365. Nejjednodu\u0161\u0161\u00ed je jednodu\u0161e nav\u0161t\u00edvit webov\u00e9 str\u00e1nky a vybrat si sv\u00e9 obl\u00edben\u00e9 z\u00e1pasy. M\u016f\u017eete tak\u00e9 pou\u017e\u00edt aplikaci, kter\u00e1 je k dispozici pro za\u0159\u00edzen\u00ed se syst\u00e9mem Android i iOS. bet365 je jednou z p\u0159edn\u00edch online s\u00e1zkov\u00fdch spole\u010dnost\u00ed na sv\u011bt\u011b a nab\u00edz\u00ed celou \u0159adu mo\u017enost\u00ed \u017eiv\u00fdch p\u0159enos\u016f. A\u0165 u\u017e chcete sledovat fotbalov\u00fd z\u00e1pas nebo jinou sportovn\u00ed ud\u00e1lost, Bet365 m\u00e1 pro v\u00e1s mo\u017enost streamov\u00e1n\u00ed.<\/p>\n\n\n\n<p><strong>Co je to slu\u017eba \u017eiv\u00e9ho vys\u00edl\u00e1n\u00ed Bet365?<\/strong>  Bet365 je p\u0159edn\u00ed online s\u00e1zkov\u00e1 spole\u010dnost se slu\u017ebou \u017eiv\u00e9ho vys\u00edl\u00e1n\u00ed, kter\u00e1 u\u017eivatel\u016fm umo\u017e\u0148uje sledovat sportovn\u00ed ud\u00e1losti, v\u010detn\u011b fotbalov\u00fdch, kriketov\u00fdch a tenisov\u00fdch z\u00e1pas\u016f, tak jak se d\u011bj\u00ed. Slu\u017eba je dostupn\u00e1 pro stoln\u00ed po\u010d\u00edta\u010de a mobiln\u00ed za\u0159\u00edzen\u00ed a nab\u00edz\u00ed \u0159adu funkc\u00ed, v\u010detn\u011b mo\u017enosti sledovat v\u00edce her najednou a chatovat s ostatn\u00edmi div\u00e1ky. Bet365 tak\u00e9 nab\u00edz\u00ed tipy na s\u00e1zky a informace o trhu, d\u00edky \u010demu\u017e je ide\u00e1ln\u00edm zdrojem informac\u00ed pro z\u00e1jemce o s\u00e1zen\u00ed ve sportu.<\/p>\n\n\n\n<p><strong>Jak funguje \u017eiv\u00e9 vys\u00edl\u00e1n\u00ed Bet365?<\/strong>  Bet365 je jednou z p\u0159edn\u00edch sv\u011btov\u00fdch online s\u00e1zkov\u00fdch spole\u010dnost\u00ed a nab\u00edz\u00ed \u0161irokou \u0161k\u00e1lu mo\u017enost\u00ed s\u00e1zen\u00ed, v\u010detn\u011b \u017eiv\u00e9ho vys\u00edl\u00e1n\u00ed. Kdy\u017e se zaregistrujete do Bet365, m\u016f\u017eete si vybrat, zda budete sv\u00e9 s\u00e1zky sledovat v re\u00e1ln\u00e9m \u010dase, nebo si je n\u00e1sledn\u011b prohl\u00e9dnout. \u017div\u00e9 vys\u00edl\u00e1n\u00ed s Bet365 je jednoduch\u00e9 a p\u0159\u00edmo\u010dar\u00e9: sta\u010d\u00ed otev\u0159\u00edt okno s\u00e1zen\u00ed a kliknout na tla\u010d\u00edtko \u201eSledovat \u017eiv\u011b\u201c. M\u016f\u017eete tak\u00e9 pou\u017e\u00edt funkci \u017eiv\u00e9ho vys\u00edl\u00e1n\u00ed a sledovat sv\u00e9 obl\u00edben\u00e9 sportovn\u00ed t\u00fdmy nebo hr\u00e1\u010de b\u011bhem hran\u00ed.<\/p>\n\n\n\n<p><strong>Je \u017eiv\u00e9 vys\u00edl\u00e1n\u00ed Bet365 zdarma?<\/strong>  Ano, slu\u017eba \u017eiv\u00e9ho vys\u00edl\u00e1n\u00ed Bet365 je zdarma.  Existuj\u00ed v\u0161ak ur\u010dit\u00e1 omezen\u00ed t\u00fdkaj\u00edc\u00ed se toho, co lze streamovat a jak dlouho. Nap\u0159\u00edklad \u017eiv\u00e9 vys\u00edl\u00e1n\u00ed nen\u00ed dostupn\u00e9 pro n\u011bkter\u00e9 sportovn\u00ed ud\u00e1losti, jako je anglick\u00e1 Premier League a La Liga. Krom\u011b toho je \u017eiv\u00e9 vys\u00edl\u00e1n\u00ed dostupn\u00e9 pouze z\u00e1kazn\u00edk\u016fm, kte\u0159\u00ed maj\u00ed kvalifikovan\u00fd \u00fa\u010det.<\/p>\n\n\n\n<p><strong>Jak sledovat \u017eiv\u00fd p\u0159enos na Bet365?<\/strong>  Bet365 je jednou z nejobl\u00edben\u011bj\u0161\u00edch str\u00e1nek pro online s\u00e1zen\u00ed a nab\u00edz\u00ed slu\u017ebu \u017eiv\u00e9ho vys\u00edl\u00e1n\u00ed, kter\u00e1 v\u00e1m umo\u017en\u00ed sledovat v\u0161echny akce z po\u010d\u00edta\u010de, tabletu nebo telefonu. Chcete-li tuto slu\u017ebu vyu\u017e\u00edt, sta\u010d\u00ed kliknout na odkaz \"Live Streaming\", kter\u00fd se nach\u00e1z\u00ed v hlavn\u00ed nab\u00eddce webu, a vybrat si preferovan\u00e9 za\u0159\u00edzen\u00ed. Pot\u00e9 budete m\u00edt p\u0159\u00edstup ke v\u0161em \u017eiv\u00fdm p\u0159enos\u016fm a budete moci komunikovat s ostatn\u00edmi div\u00e1ky pomoc\u00ed chatovac\u00edch m\u00edstnost\u00ed nebo f\u00f3r. B\u011bhem sledov\u00e1n\u00ed \u017eiv\u00fdch p\u0159enos\u016f m\u016f\u017eete tak\u00e9 uzav\u00edrat s\u00e1zky, tak\u017ee p\u0159i vyu\u017e\u00edv\u00e1n\u00ed slu\u017eby Bet365 nikdy nenastane nudn\u00fd okam\u017eik. pro sledov\u00e1n\u00ed \u017eiv\u00e9ho p\u0159enosu na Bet365 se z\u00e1kazn\u00edci mus\u00ed p\u0159ihl\u00e1sit nebo si vytvo\u0159it \u00fa\u010det. Po p\u0159ihl\u00e1\u0161en\u00ed si z\u00e1kazn\u00edci budou moci vybrat ud\u00e1lost, kterou cht\u011bj\u00ed sledovat.<\/p>\n\n\n\n<p><strong>Jak funguje \u017eiv\u00e9 vys\u00edl\u00e1n\u00ed Bet365 na mobiln\u00edch za\u0159\u00edzen\u00edch?<\/strong>  Bet365 live streaming funguje na mobiln\u00edch za\u0159\u00edzen\u00edch a umo\u017e\u0148uje u\u017eivatel\u016fm sledovat z\u00e1pasy a turnaje bet365 prost\u0159ednictv\u00edm aplikace. Aplikace je k dispozici pro za\u0159\u00edzen\u00ed se syst\u00e9mem Android i iOS, co\u017e u\u017eivatel\u016fm usnad\u0148uje p\u0159\u00edstup k jejich obl\u00edben\u00e9mu obsahu. Sta\u010d\u00ed otev\u0159\u00edt aplikaci Bet365 a vybrat z\u00e1pas nebo turnaj, kter\u00fd chcete sledovat. Pot\u00e9 budete moci sledovat d\u011bn\u00ed v pr\u016fb\u011bhu z\u00e1pasu, ani\u017e byste pot\u0159ebovali p\u0159edplatn\u00e9 kabelov\u00e9 televize nebo jin\u00fd software.<\/p>","protected":false},"excerpt":{"rendered":"<p>\u017div\u00e9 sportovn\u00ed p\u0159enosy s Bet365 Pokud chcete sledovat \u017eiv\u00e9 p\u0159enosy nejnov\u011bj\u0161\u00edch fotbalov\u00fdch z\u00e1pas\u016f na sv\u00e9m po\u010d\u00edta\u010di nebo mobiln\u00edm za\u0159\u00edzen\u00ed, pak je Bet365 online sportovn\u00ed s\u00e1zkov\u00e1 kancel\u00e1\u0159, kterou byste m\u011bli vyzkou\u0161et, Bet365 \u017eiv\u00e9 p\u0159enosy jsou vynikaj\u00edc\u00ed!<\/p>","protected":false},"author":1,"featured_media":0,"parent":0,"menu_order":0,"comment_status":"closed","ping_status":"closed","template":"","meta":{"footnotes":""},"class_list":["post-1163","page","type-page","status-publish","hentry"],"_links":{"self":[{"href":"https:\/\/www.livefooty.net\/cs\/wp-json\/wp\/v2\/pages\/1163","targetHints":{"allow":["GET"]}}],"collection":[{"href":"https:\/\/www.livefooty.net\/cs\/wp-json\/wp\/v2\/pages"}],"about":[{"href":"https:\/\/www.livefooty.net\/cs\/wp-json\/wp\/v2\/types\/page"}],"author":[{"embeddable":true,"href":"https:\/\/www.livefooty.net\/cs\/wp-json\/wp\/v2\/users\/1"}],"replies":[{"embeddable":true,"href":"https:\/\/www.livefooty.net\/cs\/wp-json\/wp\/v2\/comments?post=1163"}],"version-history":[{"count":0,"href":"https:\/\/www.livefooty.net\/cs\/wp-json\/wp\/v2\/pages\/1163\/revisions"}],"wp:attachment":[{"href":"https:\/\/www.livefooty.net\/cs\/wp-json\/wp\/v2\/media?parent=1163"}],"curies":[{"name":"wp","href":"https:\/\/api.w.org\/{rel}","templated":true}]}}